{"id":4397,"date":"2023-12-14T07:36:42","date_gmt":"2023-12-14T07:36:42","guid":{"rendered":"https:\/\/ruituostore.com\/?post_type=product&#038;p=4397"},"modified":"2024-01-10T07:28:11","modified_gmt":"2024-01-10T07:28:11","slug":"ip55-electric-car-ev-fast-charging-station","status":"publish","type":"product","link":"https:\/\/ruituostore.com\/de\/produkt\/ip55-electric-car-ev-fast-charging-station\/","title":{"rendered":"Ip55 Elektroauto ev Schnellladestation"},"content":{"rendered":"<h4><\/h4>\n\n<table id=\"tablepress-20\" class=\"tablepress tablepress-id-20\">\n<tbody class=\"row-hover\">\n<tr class=\"row-1 odd\">\n\t<td class=\"column-1\">Modell<\/td><td class=\"column-2\">RTYD3.5ACP<\/td>\n<\/tr>\n<tr class=\"row-2 even\">\n\t<td class=\"column-1\">Produktname<\/td><td class=\"column-2\">EV-Autoladestation<\/td>\n<\/tr>\n<tr class=\"row-3 odd\">\n\t<td class=\"column-1\">Ausgangsleistung<\/td><td class=\"column-2\">3.5-22Kw<\/td>\n<\/tr>\n<tr class=\"row-4 even\">\n\t<td class=\"column-1\">Eingangsspannungsbereich<\/td><td class=\"column-2\">220V\u00b115%<\/td>\n<\/tr>\n<tr class=\"row-5 odd\">\n\t<td class=\"column-1\">Eingangsfrequenz<\/td><td class=\"column-2\">45-60HZ<\/td>\n<\/tr>\n<tr class=\"row-6 even\">\n\t<td class=\"column-1\">Nennstrom<\/td><td class=\"column-2\">16-32A<\/td>\n<\/tr>\n<tr class=\"row-7 odd\">\n\t<td class=\"column-1\">Ladestation<\/td><td class=\"column-2\">1<\/td>\n<\/tr>\n<tr class=\"row-8 even\">\n\t<td class=\"column-1\">Schutzgrad<\/td><td class=\"column-2\">IP54<\/td>\n<\/tr>\n<tr class=\"row-9 odd\">\n\t<td class=\"column-1\">Ladeger\u00e4t Stecker<\/td><td class=\"column-2\">Verbindung C<\/td>\n<\/tr>\n<tr class=\"row-10 even\">\n\t<td class=\"column-1\">Temp.<\/td><td class=\"column-2\">-20\u2103~50 \u2103<\/td>\n<\/tr>\n<tr class=\"row-11 odd\">\n\t<td class=\"column-1\">Lagertemperatur.<\/td><td class=\"column-2\">-40\u2103~70 \u2103<\/td>\n<\/tr>\n<tr class=\"row-12 even\">\n\t<td class=\"column-1\">Schutz vor Leckagen<\/td><td class=\"column-2\">30mA<\/td>\n<\/tr>\n<tr class=\"row-13 odd\">\n\t<td class=\"column-1\">MTBF<\/td><td class=\"column-2\">50000Stunden<\/td>\n<\/tr>\n<tr class=\"row-14 even\">\n\t<td class=\"column-1\">Durchschlagskraft<\/td><td class=\"column-2\">\u22652000V<\/td>\n<\/tr>\n<tr class=\"row-15 odd\">\n\t<td class=\"column-1\">Bildschirm<\/td><td class=\"column-2\">4,3 Zoll\/kein Bildschirm<\/td>\n<\/tr>\n<tr class=\"row-16 even\">\n\t<td class=\"column-1\">Geh\u00e4use Material<\/td><td class=\"column-2\">Plastik<\/td>\n<\/tr>\n<tr class=\"row-17 odd\">\n\t<td class=\"column-1\">L\u00e4nge des Kabels<\/td><td class=\"column-2\">5 Meter<\/td>\n<\/tr>\n<tr class=\"row-18 even\">\n\t<td class=\"column-1\">Start-Modus<\/td><td class=\"column-2\">Karte durchziehen\/Scan<\/td>\n<\/tr>\n<tr class=\"row-19 odd\">\n\t<td class=\"column-1\">Installation<\/td><td class=\"column-2\">Wandmontiert<\/td>\n<\/tr>\n<tr class=\"row-20 even\">\n\t<td class=\"column-1\">Standard<\/td><td class=\"column-2\">CE<\/td>\n<\/tr>\n<tr class=\"row-21 odd\">\n\t<td class=\"column-1\">Schutz<\/td><td class=\"column-2\">\u00dcberstrom, Unterspannung, \u00dcberspannung, Kurzschluss, Fehlerstrom, \u00dcberspannungsschutz, \u00dcbertemperatur, Erdungsschutz<\/td>\n<\/tr>\n<tr class=\"row-22 even\">\n\t<td class=\"column-1\">Hauptk\u00f6rper Gr\u00f6\u00dfe<\/td><td class=\"column-2\">270mmx130mmmx400mm<\/td>\n<\/tr>\n<\/tbody>\n<\/table>\n\n<h3><img decoding=\"async\" class=\"alignnone size-medium wp-image-4400\" src=\"https:\/\/ruituostore.com\/wp-content\/uploads\/2023\/12\/Ip55-electric-car-ev-fast-charging-station_r1_c1-413x455.webp\" alt=\"\" width=\"790\" height=\"790\" srcset=\"https:\/\/ruituostore.com\/wp-content\/uploads\/2023\/12\/Ip55-electric-car-ev-fast-charging-station_r1_c1-300x300.webp 300w, https:\/\/ruituostore.com\/wp-content\/uploads\/2023\/12\/Ip55-electric-car-ev-fast-charging-station_r1_c1-768x768.webp 768w, https:\/\/ruituostore.com\/wp-content\/uploads\/2023\/12\/Ip55-electric-car-ev-fast-charging-station_r1_c1-480x480.webp 480w, https:\/\/ruituostore.com\/wp-content\/uploads\/2023\/12\/Ip55-electric-car-ev-fast-charging-station_r1_c1-160x160.webp 160w, https:\/\/ruituostore.com\/wp-content\/uploads\/2023\/12\/Ip55-electric-car-ev-fast-charging-station_r1_c1-12x12.webp 12w, https:\/\/ruituostore.com\/wp-content\/uploads\/2023\/12\/Ip55-electric-car-ev-fast-charging-station_r1_c1-600x600.webp 600w, https:\/\/ruituostore.com\/wp-content\/uploads\/2023\/12\/Ip55-electric-car-ev-fast-charging-station_r1_c1.webp 790w\" sizes=\"(max-width: 790px) 100vw, 790px\" \/><br \/>\n<img decoding=\"async\" class=\"alignnone size-medium wp-image-4401\" src=\"https:\/\/ruituostore.com\/wp-content\/uploads\/2023\/12\/Ip55-electric-car-ev-fast-charging-station_r2_c1-413x455.webp\" alt=\"\" width=\"790\" height=\"790\" srcset=\"https:\/\/ruituostore.com\/wp-content\/uploads\/2023\/12\/Ip55-electric-car-ev-fast-charging-station_r2_c1-300x300.webp 300w, https:\/\/ruituostore.com\/wp-content\/uploads\/2023\/12\/Ip55-electric-car-ev-fast-charging-station_r2_c1-768x768.webp 768w, https:\/\/ruituostore.com\/wp-content\/uploads\/2023\/12\/Ip55-electric-car-ev-fast-charging-station_r2_c1-480x480.webp 480w, https:\/\/ruituostore.com\/wp-content\/uploads\/2023\/12\/Ip55-electric-car-ev-fast-charging-station_r2_c1-160x160.webp 160w, https:\/\/ruituostore.com\/wp-content\/uploads\/2023\/12\/Ip55-electric-car-ev-fast-charging-station_r2_c1-12x12.webp 12w, https:\/\/ruituostore.com\/wp-content\/uploads\/2023\/12\/Ip55-electric-car-ev-fast-charging-station_r2_c1-600x600.webp 600w, https:\/\/ruituostore.com\/wp-content\/uploads\/2023\/12\/Ip55-electric-car-ev-fast-charging-station_r2_c1.webp 790w\" sizes=\"(max-width: 790px) 100vw, 790px\" \/><br \/>\n<img decoding=\"async\" class=\"alignnone size-medium wp-image-4402\" src=\"https:\/\/ruituostore.com\/wp-content\/uploads\/2023\/12\/Ip55-electric-car-ev-fast-charging-station_r3_c1-413x455.webp\" alt=\"\" width=\"790\" height=\"790\" srcset=\"https:\/\/ruituostore.com\/wp-content\/uploads\/2023\/12\/Ip55-electric-car-ev-fast-charging-station_r3_c1-300x300.webp 300w, https:\/\/ruituostore.com\/wp-content\/uploads\/2023\/12\/Ip55-electric-car-ev-fast-charging-station_r3_c1-768x768.webp 768w, https:\/\/ruituostore.com\/wp-content\/uploads\/2023\/12\/Ip55-electric-car-ev-fast-charging-station_r3_c1-480x480.webp 480w, https:\/\/ruituostore.com\/wp-content\/uploads\/2023\/12\/Ip55-electric-car-ev-fast-charging-station_r3_c1-160x160.webp 160w, https:\/\/ruituostore.com\/wp-content\/uploads\/2023\/12\/Ip55-electric-car-ev-fast-charging-station_r3_c1-12x12.webp 12w, https:\/\/ruituostore.com\/wp-content\/uploads\/2023\/12\/Ip55-electric-car-ev-fast-charging-station_r3_c1-600x600.webp 600w, https:\/\/ruituostore.com\/wp-content\/uploads\/2023\/12\/Ip55-electric-car-ev-fast-charging-station_r3_c1.webp 790w\" sizes=\"(max-width: 790px) 100vw, 790px\" \/><br \/>\n<img decoding=\"async\" class=\"alignnone size-medium wp-image-4403\" src=\"https:\/\/ruituostore.com\/wp-content\/uploads\/2023\/12\/Ip55-electric-car-ev-fast-charging-station_r4_c1-413x455.webp\" alt=\"\" width=\"790\" height=\"790\" srcset=\"https:\/\/ruituostore.com\/wp-content\/uploads\/2023\/12\/Ip55-electric-car-ev-fast-charging-station_r4_c1-300x300.webp 300w, https:\/\/ruituostore.com\/wp-content\/uploads\/2023\/12\/Ip55-electric-car-ev-fast-charging-station_r4_c1-768x768.webp 768w, https:\/\/ruituostore.com\/wp-content\/uploads\/2023\/12\/Ip55-electric-car-ev-fast-charging-station_r4_c1-480x480.webp 480w, https:\/\/ruituostore.com\/wp-content\/uploads\/2023\/12\/Ip55-electric-car-ev-fast-charging-station_r4_c1-160x160.webp 160w, https:\/\/ruituostore.com\/wp-content\/uploads\/2023\/12\/Ip55-electric-car-ev-fast-charging-station_r4_c1-12x12.webp 12w, https:\/\/ruituostore.com\/wp-content\/uploads\/2023\/12\/Ip55-electric-car-ev-fast-charging-station_r4_c1-600x600.webp 600w, https:\/\/ruituostore.com\/wp-content\/uploads\/2023\/12\/Ip55-electric-car-ev-fast-charging-station_r4_c1.webp 790w\" sizes=\"(max-width: 790px) 100vw, 790px\" \/><br \/>\n<img decoding=\"async\" class=\"alignnone size-medium wp-image-4404\" src=\"https:\/\/ruituostore.com\/wp-content\/uploads\/2023\/12\/Ip55-electric-car-ev-fast-charging-station_r5_c1-413x455.webp\" alt=\"\" width=\"790\" height=\"790\" srcset=\"https:\/\/ruituostore.com\/wp-content\/uploads\/2023\/12\/Ip55-electric-car-ev-fast-charging-station_r5_c1-300x300.webp 300w, https:\/\/ruituostore.com\/wp-content\/uploads\/2023\/12\/Ip55-electric-car-ev-fast-charging-station_r5_c1-768x768.webp 768w, https:\/\/ruituostore.com\/wp-content\/uploads\/2023\/12\/Ip55-electric-car-ev-fast-charging-station_r5_c1-480x480.webp 480w, https:\/\/ruituostore.com\/wp-content\/uploads\/2023\/12\/Ip55-electric-car-ev-fast-charging-station_r5_c1-160x160.webp 160w, https:\/\/ruituostore.com\/wp-content\/uploads\/2023\/12\/Ip55-electric-car-ev-fast-charging-station_r5_c1-12x12.webp 12w, https:\/\/ruituostore.com\/wp-content\/uploads\/2023\/12\/Ip55-electric-car-ev-fast-charging-station_r5_c1-600x600.webp 600w, https:\/\/ruituostore.com\/wp-content\/uploads\/2023\/12\/Ip55-electric-car-ev-fast-charging-station_r5_c1.webp 790w\" sizes=\"(max-width: 790px) 100vw, 790px\" \/><br \/>\n<img decoding=\"async\" class=\"alignnone size-medium wp-image-4405\" src=\"https:\/\/ruituostore.com\/wp-content\/uploads\/2023\/12\/Ip55-electric-car-ev-fast-charging-station_r6_c1-413x455.webp\" alt=\"\" width=\"790\" height=\"790\" srcset=\"https:\/\/ruituostore.com\/wp-content\/uploads\/2023\/12\/Ip55-electric-car-ev-fast-charging-station_r6_c1-300x300.webp 300w, https:\/\/ruituostore.com\/wp-content\/uploads\/2023\/12\/Ip55-electric-car-ev-fast-charging-station_r6_c1-768x768.webp 768w, https:\/\/ruituostore.com\/wp-content\/uploads\/2023\/12\/Ip55-electric-car-ev-fast-charging-station_r6_c1-480x480.webp 480w, https:\/\/ruituostore.com\/wp-content\/uploads\/2023\/12\/Ip55-electric-car-ev-fast-charging-station_r6_c1-160x160.webp 160w, https:\/\/ruituostore.com\/wp-content\/uploads\/2023\/12\/Ip55-electric-car-ev-fast-charging-station_r6_c1-12x12.webp 12w, https:\/\/ruituostore.com\/wp-content\/uploads\/2023\/12\/Ip55-electric-car-ev-fast-charging-station_r6_c1-600x600.webp 600w, https:\/\/ruituostore.com\/wp-content\/uploads\/2023\/12\/Ip55-electric-car-ev-fast-charging-station_r6_c1.webp 790w\" sizes=\"(max-width: 790px) 100vw, 790px\" \/><br \/>\n<a name=\"bottom\"><\/a><br \/>\nFordern Sie JETZT Ihr unverbindliches Angebot an.<br \/>\n<div class=\"wpforms-container wpforms-container-full\" id=\"wpforms-1987\"><form id=\"wpforms-form-1987\" class=\"wpforms-validate wpforms-form wpforms-ajax-form\" data-formid=\"1987\" method=\"post\" enctype=\"multipart\/form-data\" action=\"\/de\/wp-json\/wp\/v2\/product\/4397\" data-token=\"48e62c64c8ba38f6c79a1bbf936d5701\" data-token-time=\"1775897262\" data-trp-original-action=\"\/de\/wp-json\/wp\/v2\/product\/4397\"><noscript class=\"wpforms-error-noscript\">Bitte aktiviere JavaScript in deinem Browser, um dieses Formular fertigzustellen.<\/noscript><div class=\"wpforms-field-container\"><div id=\"wpforms-1987-field_0-container\" class=\"wpforms-field wpforms-field-name\" data-field-id=\"0\"><label class=\"wpforms-field-label\" for=\"wpforms-1987-field_0\">Name <span class=\"wpforms-required-label\">*<\/span><\/label><div class=\"wpforms-field-row wpforms-field-medium\"><div class=\"wpforms-field-row-block wpforms-first wpforms-one-half\"><input type=\"text\" id=\"wpforms-1987-field_0\" class=\"wpforms-field-name-first wpforms-field-required\" name=\"wpforms[fields][0][first]\" required><label for=\"wpforms-1987-field_0\" class=\"wpforms-field-sublabel after\">Vorname<\/label><\/div><div class=\"wpforms-field-row-block wpforms-one-half\"><input type=\"text\" id=\"wpforms-1987-field_0-last\" class=\"wpforms-field-name-last wpforms-field-required\" name=\"wpforms[fields][0][last]\" required><label for=\"wpforms-1987-field_0-last\" class=\"wpforms-field-sublabel after\">Nachname<\/label><\/div><\/div><\/div><div id=\"wpforms-1987-field_1-container\" class=\"wpforms-field wpforms-field-email\" data-field-id=\"1\"><label class=\"wpforms-field-label\" for=\"wpforms-1987-field_1\">E-Mail <span class=\"wpforms-required-label\">*<\/span><\/label><input type=\"email\" id=\"wpforms-1987-field_1\" class=\"wpforms-field-medium wpforms-field-required\" name=\"wpforms[fields][1]\" spellcheck=\"false\" required><\/div><div id=\"wpforms-1987-field_2-container\" class=\"wpforms-field wpforms-field-textarea\" data-field-id=\"2\"><label class=\"wpforms-field-label\" for=\"wpforms-1987-field_2\">Nachricht <span class=\"wpforms-required-label\">*<\/span><\/label><textarea id=\"wpforms-1987-field_2\" class=\"wpforms-field-medium wpforms-field-required\" name=\"wpforms[fields][2]\" required><\/textarea><\/div><div id=\"wpforms-1987-field_8-container\" class=\"wpforms-field wpforms-field-captcha\" data-field-id=\"8\"><label class=\"wpforms-field-label\" for=\"wpforms-1987-field_8\">Custom Captcha <span class=\"wpforms-required-label\">*<\/span><\/label>\t\t\t<div class=\"wpforms-captcha-math\">\n\t\t\t\t<span id=\"wpforms-1987-field_8-question\" class=\"wpforms-captcha-equation\">\n\t\t\t\t\t<span class=\"n1\">5<\/span>\n\t\t\t\t\t\t\t<span class=\"cal\">*<\/span>\n\t\t\t\t\t\t\t<span class=\"n2\">4<\/span>\t\t\t\t\t<span class=\"e\">=<\/span>\n\t\t\t\t<\/span>\n\t\t\t\t<input type=\"text\" id=\"wpforms-1987-field_8\" class=\"wpforms-field-medium wpforms-field-required a\" data-rule-wpf-captcha=\"math\" data-is-wrapped-field=\"1\" name=\"wpforms[fields][8][a]\" aria-describedby=\"wpforms-1987-field_8-question\" required>\t\t\t\t<input type=\"hidden\" name=\"wpforms[fields][8][cal]\" class=\"cal\">\n\t\t\t\t<input type=\"hidden\" name=\"wpforms[fields][8][n2]\" class=\"n2\">\n\t\t\t\t<input type=\"hidden\" name=\"wpforms[fields][8][n1]\" class=\"n1\">\n\t\t\t<\/div>\n\t\t\t<\/div><\/div><!-- .wpforms-field-container --><div class=\"wpforms-submit-container\" ><input type=\"hidden\" name=\"wpforms[id]\" value=\"1987\"><input type=\"hidden\" name=\"page_title\" value=\"\"><input type=\"hidden\" name=\"page_url\" value=\"https:\/\/ruituostore.com\/de\/wp-json\/wp\/v2\/product\/4397\"><button type=\"submit\" name=\"wpforms[submit]\" id=\"wpforms-submit-1987\" class=\"wpforms-submit\" data-alt-text=\"Sending...\" data-submit-text=\"Submit\" aria-live=\"assertive\" value=\"wpforms-submit\">Einreichen<\/button><img decoding=\"async\" src=\"https:\/\/ruituostore.com\/wp-content\/plugins\/wpforms\/assets\/images\/submit-spin.svg\" class=\"wpforms-submit-spinner\" style=\"display: none;\" width=\"26\" height=\"26\" alt=\"Wird geladen\"><\/div><input type=\"hidden\" name=\"trp-form-language\" value=\"de\"\/><\/form><\/div>  <!-- .wpforms-container --><\/h3>","protected":false},"excerpt":{"rendered":"<h2>Ip55 Elektroauto ev Schnellladestation<\/h2>\n<h4>Fabrikpreis 3.5-22kw 16-32a<br \/>\nHei\u00dfer Verkauf von High-Performance<br \/>\nAC smart home ev wallbox Ladepfahl CCS Kabel<br \/>\nStrom lcd bildschirm mobile ev ladestation<br \/>\nNeue EnergieElektroauto Intelligente Lades\u00e4ulen AC-Ladeger\u00e4t<br \/>\nArray f\u00fcr jeden Bedarf<\/h4>\n<p><a href=\"mailto:info@ruituostore.com\"><img decoding=\"async\" src=\"https:\/\/ruituostore.com\/wp-content\/uploads\/2019\/10\/ruituostorenewenergy434343.webp\" alt=\"\" width=\"150\" height=\"43\" \/><\/a><\/p>","protected":false},"featured_media":4399,"comment_status":"closed","ping_status":"closed","template":"","meta":[],"product_cat":[29],"product_tag":[209],"class_list":["post-4397","product","type-product","status-publish","has-post-thumbnail","hentry","product_cat-ev-charging","product_tag-ac-charging"],"_links":{"self":[{"href":"https:\/\/ruituostore.com\/de\/wp-json\/wp\/v2\/product\/4397","targetHints":{"allow":["GET"]}}],"collection":[{"href":"https:\/\/ruituostore.com\/de\/wp-json\/wp\/v2\/product"}],"about":[{"href":"https:\/\/ruituostore.com\/de\/wp-json\/wp\/v2\/types\/product"}],"replies":[{"embeddable":true,"href":"https:\/\/ruituostore.com\/de\/wp-json\/wp\/v2\/comments?post=4397"}],"wp:featuredmedia":[{"embeddable":true,"href":"https:\/\/ruituostore.com\/de\/wp-json\/wp\/v2\/media\/4399"}],"wp:attachment":[{"href":"https:\/\/ruituostore.com\/de\/wp-json\/wp\/v2\/media?parent=4397"}],"wp:term":[{"taxonomy":"product_cat","embeddable":true,"href":"https:\/\/ruituostore.com\/de\/wp-json\/wp\/v2\/product_cat?post=4397"},{"taxonomy":"product_tag","embeddable":true,"href":"https:\/\/ruituostore.com\/de\/wp-json\/wp\/v2\/product_tag?post=4397"}],"curies":[{"name":"wp","href":"https:\/\/api.w.org\/{rel}","templated":true}]}}