{"id":875,"date":"2019-10-08T08:26:10","date_gmt":"2019-10-08T08:26:10","guid":{"rendered":"https:\/\/demo.casethemes.net\/nimmo\/product\/import-placeholder-for-425\/"},"modified":"2024-01-10T02:57:08","modified_gmt":"2024-01-10T02:57:08","slug":"customizable-dc-floor-stand-charging-station-for-ev-car-charger","status":"publish","type":"product","link":"https:\/\/ruituostore.com\/de\/produkt\/customizable-dc-floor-stand-charging-station-for-ev-car-charger\/","title":{"rendered":"Anpassbare DC-Stand-Ladestation f\u00fcr EV-Autoladeger\u00e4te"},"content":{"rendered":"<h4><\/h4>\n\n<table id=\"tablepress-12\" class=\"tablepress tablepress-id-12\">\n<tbody class=\"row-hover\">\n<tr class=\"row-1 odd\">\n\t<td class=\"column-1\">Modell<\/td><td class=\"column-2\">RTNT120DCW2<\/td>\n<\/tr>\n<tr class=\"row-2 even\">\n\t<td class=\"column-1\">Produktname<\/td><td class=\"column-2\">EV Car Charging Station<\/td>\n<\/tr>\n<tr class=\"row-3 odd\">\n\t<td class=\"column-1\">Ausgangsleistung<\/td><td class=\"column-2\">120Kw<\/td>\n<\/tr>\n<tr class=\"row-4 even\">\n\t<td class=\"column-1\">Eingangsspannung<\/td><td class=\"column-2\">400VAC<\/td>\n<\/tr>\n<tr class=\"row-5 odd\">\n\t<td class=\"column-1\">Eingangsfrequenz<\/td><td class=\"column-2\">50\/60Hz<\/td>\n<\/tr>\n<tr class=\"row-6 even\">\n\t<td class=\"column-1\">Ausgangsspannung<\/td><td class=\"column-2\">DC 200V-1000V<\/td>\n<\/tr>\n<tr class=\"row-7 odd\">\n\t<td class=\"column-1\">Schutzgrad<\/td><td class=\"column-2\">IP54\/IP65<\/td>\n<\/tr>\n<tr class=\"row-8 even\">\n\t<td class=\"column-1\">Ladeger\u00e4t Stecker<\/td><td class=\"column-2\">CCS2\/CCS1\/CHAdeMO<\/td>\n<\/tr>\n<tr class=\"row-9 odd\">\n\t<td class=\"column-1\">Temp.<\/td><td class=\"column-2\">-20\u2103~60 \u2103<\/td>\n<\/tr>\n<tr class=\"row-10 even\">\n\t<td class=\"column-1\">Enviroment<\/td><td class=\"column-2\">RH 5%-95%<\/td>\n<\/tr>\n<tr class=\"row-11 odd\">\n\t<td class=\"column-1\">Maximale Einbauh\u00f6he<\/td><td class=\"column-2\">\u22642000m<\/td>\n<\/tr>\n<tr class=\"row-12 even\">\n\t<td class=\"column-1\">Geh\u00e4use Material<\/td><td class=\"column-2\">ABS + PC+Metal<\/td>\n<\/tr>\n<tr class=\"row-13 odd\">\n\t<td class=\"column-1\">L\u00e4nge des Kabels<\/td><td class=\"column-2\">5 Meter<\/td>\n<\/tr>\n<tr class=\"row-14 even\">\n\t<td class=\"column-1\">Start-Modus<\/td><td class=\"column-2\">Karte einlegen\/Karte durchziehen<\/td>\n<\/tr>\n<tr class=\"row-15 odd\">\n\t<td class=\"column-1\">Standard<\/td><td class=\"column-2\">CE<\/td>\n<\/tr>\n<tr class=\"row-16 even\">\n\t<td class=\"column-1\">Schutz<\/td><td class=\"column-2\">\u00dcberstrom, Unterspannung, \u00dcberspannung, Kurzschluss, Fehlerstrom, \u00dcberspannungsschutz, \u00dcbertemperatur, Erdungsschutz<\/td>\n<\/tr>\n<tr class=\"row-17 odd\">\n\t<td class=\"column-1\">Hauptk\u00f6rper Gr\u00f6\u00dfe<\/td><td class=\"column-2\">1630mm*824mm*568mm<\/td>\n<\/tr>\n<\/tbody>\n<\/table>\n<!-- #tablepress-12 from cache -->\n<h3><img decoding=\"async\" class=\"alignnone size-medium wp-image-3984\" src=\"https:\/\/ruituostore.com\/wp-content\/uploads\/2019\/10\/H5d736d1a5faf43879930a9953a9aae5ew_r1_c1-413x455.webp\" alt=\"\" width=\"790\" height=\"1272\" srcset=\"https:\/\/ruituostore.com\/wp-content\/uploads\/2019\/10\/H5d736d1a5faf43879930a9953a9aae5ew_r1_c1-768x1237.webp 768w, https:\/\/ruituostore.com\/wp-content\/uploads\/2019\/10\/H5d736d1a5faf43879930a9953a9aae5ew_r1_c1-7x12.webp 7w, https:\/\/ruituostore.com\/wp-content\/uploads\/2019\/10\/H5d736d1a5faf43879930a9953a9aae5ew_r1_c1-600x966.webp 600w, https:\/\/ruituostore.com\/wp-content\/uploads\/2019\/10\/H5d736d1a5faf43879930a9953a9aae5ew_r1_c1.webp 790w\" sizes=\"(max-width: 790px) 100vw, 790px\" \/><br \/>\n<img decoding=\"async\" class=\"alignnone size-medium wp-image-3985\" src=\"https:\/\/ruituostore.com\/wp-content\/uploads\/2019\/10\/H5d736d1a5faf43879930a9953a9aae5ew_r2_c1-413x455.webp\" alt=\"\" width=\"790\" height=\"1082\" srcset=\"https:\/\/ruituostore.com\/wp-content\/uploads\/2019\/10\/H5d736d1a5faf43879930a9953a9aae5ew_r2_c1-768x1052.webp 768w, https:\/\/ruituostore.com\/wp-content\/uploads\/2019\/10\/H5d736d1a5faf43879930a9953a9aae5ew_r2_c1-9x12.webp 9w, https:\/\/ruituostore.com\/wp-content\/uploads\/2019\/10\/H5d736d1a5faf43879930a9953a9aae5ew_r2_c1-600x822.webp 600w, https:\/\/ruituostore.com\/wp-content\/uploads\/2019\/10\/H5d736d1a5faf43879930a9953a9aae5ew_r2_c1.webp 790w\" sizes=\"(max-width: 790px) 100vw, 790px\" \/><br \/>\n<img decoding=\"async\" class=\"alignnone size-medium wp-image-3986\" src=\"https:\/\/ruituostore.com\/wp-content\/uploads\/2019\/10\/H5d736d1a5faf43879930a9953a9aae5ew_r3_c1-413x455.webp\" alt=\"\" width=\"790\" height=\"746\" srcset=\"https:\/\/ruituostore.com\/wp-content\/uploads\/2019\/10\/H5d736d1a5faf43879930a9953a9aae5ew_r3_c1-768x725.webp 768w, https:\/\/ruituostore.com\/wp-content\/uploads\/2019\/10\/H5d736d1a5faf43879930a9953a9aae5ew_r3_c1-13x12.webp 13w, https:\/\/ruituostore.com\/wp-content\/uploads\/2019\/10\/H5d736d1a5faf43879930a9953a9aae5ew_r3_c1-600x567.webp 600w, https:\/\/ruituostore.com\/wp-content\/uploads\/2019\/10\/H5d736d1a5faf43879930a9953a9aae5ew_r3_c1.webp 790w\" sizes=\"(max-width: 790px) 100vw, 790px\" \/><br \/>\n<img decoding=\"async\" class=\"alignnone size-medium wp-image-3987\" src=\"https:\/\/ruituostore.com\/wp-content\/uploads\/2019\/10\/H5d736d1a5faf43879930a9953a9aae5ew_r4_c1-413x455.webp\" alt=\"\" width=\"790\" height=\"1030\" srcset=\"https:\/\/ruituostore.com\/wp-content\/uploads\/2019\/10\/H5d736d1a5faf43879930a9953a9aae5ew_r4_c1-768x1001.webp 768w, https:\/\/ruituostore.com\/wp-content\/uploads\/2019\/10\/H5d736d1a5faf43879930a9953a9aae5ew_r4_c1-9x12.webp 9w, https:\/\/ruituostore.com\/wp-content\/uploads\/2019\/10\/H5d736d1a5faf43879930a9953a9aae5ew_r4_c1-600x782.webp 600w, https:\/\/ruituostore.com\/wp-content\/uploads\/2019\/10\/H5d736d1a5faf43879930a9953a9aae5ew_r4_c1.webp 790w\" sizes=\"(max-width: 790px) 100vw, 790px\" \/><br \/>\n<img decoding=\"async\" class=\"alignnone size-medium wp-image-3988\" src=\"https:\/\/ruituostore.com\/wp-content\/uploads\/2019\/10\/H8fc469e5322a41f48f2bd571a38c913eX_r1_c1-413x455.webp\" alt=\"\" width=\"790\" height=\"1660\" srcset=\"https:\/\/ruituostore.com\/wp-content\/uploads\/2019\/10\/H8fc469e5322a41f48f2bd571a38c913eX_r1_c1-768x1614.webp 768w, https:\/\/ruituostore.com\/wp-content\/uploads\/2019\/10\/H8fc469e5322a41f48f2bd571a38c913eX_r1_c1-731x1536.webp 731w, https:\/\/ruituostore.com\/wp-content\/uploads\/2019\/10\/H8fc469e5322a41f48f2bd571a38c913eX_r1_c1-6x12.webp 6w, https:\/\/ruituostore.com\/wp-content\/uploads\/2019\/10\/H8fc469e5322a41f48f2bd571a38c913eX_r1_c1-600x1261.webp 600w, https:\/\/ruituostore.com\/wp-content\/uploads\/2019\/10\/H8fc469e5322a41f48f2bd571a38c913eX_r1_c1.webp 790w\" sizes=\"(max-width: 790px) 100vw, 790px\" \/><br \/>\n<img decoding=\"async\" class=\"alignnone size-medium wp-image-3989\" src=\"https:\/\/ruituostore.com\/wp-content\/uploads\/2019\/10\/H8fc469e5322a41f48f2bd571a38c913eX_r2_c1-413x455.webp\" alt=\"\" width=\"790\" height=\"1126\" srcset=\"https:\/\/ruituostore.com\/wp-content\/uploads\/2019\/10\/H8fc469e5322a41f48f2bd571a38c913eX_r2_c1-768x1095.webp 768w, https:\/\/ruituostore.com\/wp-content\/uploads\/2019\/10\/H8fc469e5322a41f48f2bd571a38c913eX_r2_c1-8x12.webp 8w, https:\/\/ruituostore.com\/wp-content\/uploads\/2019\/10\/H8fc469e5322a41f48f2bd571a38c913eX_r2_c1-600x855.webp 600w, https:\/\/ruituostore.com\/wp-content\/uploads\/2019\/10\/H8fc469e5322a41f48f2bd571a38c913eX_r2_c1.webp 790w\" sizes=\"(max-width: 790px) 100vw, 790px\" \/><br \/>\n<img decoding=\"async\" class=\"alignnone size-medium wp-image-3990\" src=\"https:\/\/ruituostore.com\/wp-content\/uploads\/2019\/10\/H8fc469e5322a41f48f2bd571a38c913eX_r3_c1-413x455.webp\" alt=\"\" width=\"790\" height=\"1470\" srcset=\"https:\/\/ruituostore.com\/wp-content\/uploads\/2019\/10\/H8fc469e5322a41f48f2bd571a38c913eX_r3_c1-768x1429.webp 768w, https:\/\/ruituostore.com\/wp-content\/uploads\/2019\/10\/H8fc469e5322a41f48f2bd571a38c913eX_r3_c1-6x12.webp 6w, https:\/\/ruituostore.com\/wp-content\/uploads\/2019\/10\/H8fc469e5322a41f48f2bd571a38c913eX_r3_c1-600x1116.webp 600w, https:\/\/ruituostore.com\/wp-content\/uploads\/2019\/10\/H8fc469e5322a41f48f2bd571a38c913eX_r3_c1.webp 790w\" sizes=\"(max-width: 790px) 100vw, 790px\" \/><br \/>\n<img decoding=\"async\" class=\"alignnone size-medium wp-image-3991\" src=\"https:\/\/ruituostore.com\/wp-content\/uploads\/2019\/10\/H8fc469e5322a41f48f2bd571a38c913eX_r5_c1-413x455.webp\" alt=\"\" width=\"790\" height=\"1588\" srcset=\"https:\/\/ruituostore.com\/wp-content\/uploads\/2019\/10\/H8fc469e5322a41f48f2bd571a38c913eX_r5_c1-768x1544.webp 768w, https:\/\/ruituostore.com\/wp-content\/uploads\/2019\/10\/H8fc469e5322a41f48f2bd571a38c913eX_r5_c1-764x1536.webp 764w, https:\/\/ruituostore.com\/wp-content\/uploads\/2019\/10\/H8fc469e5322a41f48f2bd571a38c913eX_r5_c1-6x12.webp 6w, https:\/\/ruituostore.com\/wp-content\/uploads\/2019\/10\/H8fc469e5322a41f48f2bd571a38c913eX_r5_c1-600x1206.webp 600w, https:\/\/ruituostore.com\/wp-content\/uploads\/2019\/10\/H8fc469e5322a41f48f2bd571a38c913eX_r5_c1.webp 790w\" sizes=\"(max-width: 790px) 100vw, 790px\" \/><br \/>\n<img decoding=\"async\" class=\"alignnone size-medium wp-image-3992\" src=\"https:\/\/ruituostore.com\/wp-content\/uploads\/2019\/10\/H8fc469e5322a41f48f2bd571a38c913eX_r6_c1-413x455.webp\" alt=\"\" width=\"790\" height=\"1167\" srcset=\"https:\/\/ruituostore.com\/wp-content\/uploads\/2019\/10\/H8fc469e5322a41f48f2bd571a38c913eX_r6_c1-768x1135.webp 768w, https:\/\/ruituostore.com\/wp-content\/uploads\/2019\/10\/H8fc469e5322a41f48f2bd571a38c913eX_r6_c1-8x12.webp 8w, https:\/\/ruituostore.com\/wp-content\/uploads\/2019\/10\/H8fc469e5322a41f48f2bd571a38c913eX_r6_c1-600x886.webp 600w, https:\/\/ruituostore.com\/wp-content\/uploads\/2019\/10\/H8fc469e5322a41f48f2bd571a38c913eX_r6_c1.webp 790w\" sizes=\"(max-width: 790px) 100vw, 790px\" \/><br \/>\n<a name=\"bottom\"><\/a><br \/>\nFordern Sie JETZT Ihr unverbindliches Angebot an.<br \/>\n<div class=\"wpforms-container wpforms-container-full\" id=\"wpforms-1987\"><form id=\"wpforms-form-1987\" class=\"wpforms-validate wpforms-form wpforms-ajax-form\" data-formid=\"1987\" method=\"post\" enctype=\"multipart\/form-data\" action=\"\/de\/wp-json\/wp\/v2\/product\/875\" data-token=\"9ede22ba1efbb638100e914a90c9aced\" data-token-time=\"1775754646\" data-trp-original-action=\"\/de\/wp-json\/wp\/v2\/product\/875\"><noscript class=\"wpforms-error-noscript\">Bitte aktiviere JavaScript in deinem Browser, um dieses Formular fertigzustellen.<\/noscript><div class=\"wpforms-field-container\"><div id=\"wpforms-1987-field_0-container\" class=\"wpforms-field wpforms-field-name\" data-field-id=\"0\"><label class=\"wpforms-field-label\" for=\"wpforms-1987-field_0\">Name <span class=\"wpforms-required-label\">*<\/span><\/label><div class=\"wpforms-field-row wpforms-field-medium\"><div class=\"wpforms-field-row-block wpforms-first wpforms-one-half\"><input type=\"text\" id=\"wpforms-1987-field_0\" class=\"wpforms-field-name-first wpforms-field-required\" name=\"wpforms[fields][0][first]\" required><label for=\"wpforms-1987-field_0\" class=\"wpforms-field-sublabel after\">Vorname<\/label><\/div><div class=\"wpforms-field-row-block wpforms-one-half\"><input type=\"text\" id=\"wpforms-1987-field_0-last\" class=\"wpforms-field-name-last wpforms-field-required\" name=\"wpforms[fields][0][last]\" required><label for=\"wpforms-1987-field_0-last\" class=\"wpforms-field-sublabel after\">Nachname<\/label><\/div><\/div><\/div><div id=\"wpforms-1987-field_1-container\" class=\"wpforms-field wpforms-field-email\" data-field-id=\"1\"><label class=\"wpforms-field-label\" for=\"wpforms-1987-field_1\">E-Mail <span class=\"wpforms-required-label\">*<\/span><\/label><input type=\"email\" id=\"wpforms-1987-field_1\" class=\"wpforms-field-medium wpforms-field-required\" name=\"wpforms[fields][1]\" spellcheck=\"false\" required><\/div><div id=\"wpforms-1987-field_2-container\" class=\"wpforms-field wpforms-field-textarea\" data-field-id=\"2\"><label class=\"wpforms-field-label\" for=\"wpforms-1987-field_2\">Nachricht <span class=\"wpforms-required-label\">*<\/span><\/label><textarea id=\"wpforms-1987-field_2\" class=\"wpforms-field-medium wpforms-field-required\" name=\"wpforms[fields][2]\" required><\/textarea><\/div><div id=\"wpforms-1987-field_8-container\" class=\"wpforms-field wpforms-field-captcha\" data-field-id=\"8\"><label class=\"wpforms-field-label\" for=\"wpforms-1987-field_8\">Custom Captcha <span class=\"wpforms-required-label\">*<\/span><\/label>\t\t\t<div class=\"wpforms-captcha-math\">\n\t\t\t\t<span id=\"wpforms-1987-field_8-question\" class=\"wpforms-captcha-equation\">\n\t\t\t\t\t<span class=\"n1\">3<\/span>\n\t\t\t\t\t\t\t<span class=\"cal\">+<\/span>\n\t\t\t\t\t\t\t<span class=\"n2\">13<\/span>\t\t\t\t\t<span class=\"e\">=<\/span>\n\t\t\t\t<\/span>\n\t\t\t\t<input type=\"text\" id=\"wpforms-1987-field_8\" class=\"wpforms-field-medium wpforms-field-required a\" data-rule-wpf-captcha=\"math\" data-is-wrapped-field=\"1\" name=\"wpforms[fields][8][a]\" aria-describedby=\"wpforms-1987-field_8-question\" required>\t\t\t\t<input type=\"hidden\" name=\"wpforms[fields][8][cal]\" class=\"cal\">\n\t\t\t\t<input type=\"hidden\" name=\"wpforms[fields][8][n2]\" class=\"n2\">\n\t\t\t\t<input type=\"hidden\" name=\"wpforms[fields][8][n1]\" class=\"n1\">\n\t\t\t<\/div>\n\t\t\t<\/div><\/div><!-- .wpforms-field-container --><div class=\"wpforms-submit-container\" ><input type=\"hidden\" name=\"wpforms[id]\" value=\"1987\"><input type=\"hidden\" name=\"page_title\" value=\"\"><input type=\"hidden\" name=\"page_url\" value=\"https:\/\/ruituostore.com\/de\/wp-json\/wp\/v2\/product\/875\"><button type=\"submit\" name=\"wpforms[submit]\" id=\"wpforms-submit-1987\" class=\"wpforms-submit\" data-alt-text=\"Sending...\" data-submit-text=\"Submit\" aria-live=\"assertive\" value=\"wpforms-submit\">Einreichen<\/button><img decoding=\"async\" src=\"https:\/\/ruituostore.com\/wp-content\/plugins\/wpforms\/assets\/images\/submit-spin.svg\" class=\"wpforms-submit-spinner\" style=\"display: none;\" width=\"26\" height=\"26\" alt=\"Wird geladen\"><\/div><input type=\"hidden\" name=\"trp-form-language\" value=\"de\"\/><\/form><\/div>  <!-- .wpforms-container --><\/h3>","protected":false},"excerpt":{"rendered":"<h2>Anpassbare DC-Stand-Ladestation f\u00fcr EV-Autoladeger\u00e4te<\/h2>\n[video width=\"1280\" height=\"720\" mp4=\"https:\/\/ruituostore.com\/wp-content\/uploads\/2019\/10\/customizable-dc-floor-stand-charging-station-for-ev-car-charger6.mp4\"][\/video]\n<div style=\"text-align: center\"><\/div>\n<h4><\/h4>\n<p><a href=\"mailto:info@ruituostore.com\"><img decoding=\"async\" class=\"alignnone size-full wp-image-3873\" src=\"https:\/\/ruituostore.com\/wp-content\/uploads\/2019\/10\/ruituostorenewenergy434343.webp\" alt=\"\" width=\"150\" height=\"45\" srcset=\"https:\/\/ruituostore.com\/wp-content\/uploads\/2019\/10\/ruituostorenewenergy434343.webp 150w, https:\/\/ruituostore.com\/wp-content\/uploads\/2019\/10\/ruituostorenewenergy434343-18x5.webp 18w\" sizes=\"(max-width: 150px) 100vw, 150px\" \/><\/a><\/p>","protected":false},"featured_media":3995,"comment_status":"closed","ping_status":"closed","template":"","meta":[],"product_cat":[29],"product_tag":[207],"class_list":["post-875","product","type-product","status-publish","has-post-thumbnail","hentry","product_cat-ev-charging","product_tag-dc-charging"],"_links":{"self":[{"href":"https:\/\/ruituostore.com\/de\/wp-json\/wp\/v2\/product\/875","targetHints":{"allow":["GET"]}}],"collection":[{"href":"https:\/\/ruituostore.com\/de\/wp-json\/wp\/v2\/product"}],"about":[{"href":"https:\/\/ruituostore.com\/de\/wp-json\/wp\/v2\/types\/product"}],"replies":[{"embeddable":true,"href":"https:\/\/ruituostore.com\/de\/wp-json\/wp\/v2\/comments?post=875"}],"wp:featuredmedia":[{"embeddable":true,"href":"https:\/\/ruituostore.com\/de\/wp-json\/wp\/v2\/media\/3995"}],"wp:attachment":[{"href":"https:\/\/ruituostore.com\/de\/wp-json\/wp\/v2\/media?parent=875"}],"wp:term":[{"taxonomy":"product_cat","embeddable":true,"href":"https:\/\/ruituostore.com\/de\/wp-json\/wp\/v2\/product_cat?post=875"},{"taxonomy":"product_tag","embeddable":true,"href":"https:\/\/ruituostore.com\/de\/wp-json\/wp\/v2\/product_tag?post=875"}],"curies":[{"name":"wp","href":"https:\/\/api.w.org\/{rel}","templated":true}]}}