{"id":4357,"date":"2023-12-12T06:02:57","date_gmt":"2023-12-12T06:02:57","guid":{"rendered":"https:\/\/ruituostore.com\/?post_type=product&#038;p=4357"},"modified":"2024-01-10T07:35:52","modified_gmt":"2024-01-10T07:35:52","slug":"4357","status":"publish","type":"product","link":"https:\/\/ruituostore.com\/es\/producto\/4357\/","title":{"rendered":"Cargador port\u00e1til de CA para cargar coches el\u00e9ctricos"},"content":{"rendered":"<h4><\/h4>\n\n<table id=\"tablepress-18\" class=\"tablepress tablepress-id-18\">\n<tbody class=\"row-hover\">\n<tr class=\"row-1 odd\">\n\t<td class=\"column-1\">Modelo<\/td><td class=\"column-2\">RTSKEV32N<\/td>\n<\/tr>\n<tr class=\"row-2 even\">\n\t<td class=\"column-1\">Nombre del producto<\/td><td class=\"column-2\">Pila port\u00e1til de carga para veh\u00edculos el\u00e9ctricos<\/td>\n<\/tr>\n<tr class=\"row-3 odd\">\n\t<td class=\"column-1\">Modo de carga<\/td><td class=\"column-2\">Mode 2 IEC 62752 by TUV<\/td>\n<\/tr>\n<tr class=\"row-4 even\">\n\t<td class=\"column-1\">Rated Current<\/td><td class=\"column-2\">Default 32A(Adjustable 13\/16\/20\/32A)<\/td>\n<\/tr>\n<tr class=\"row-5 odd\">\n\t<td class=\"column-1\">Entrada<\/td><td class=\"column-2\">85V-480V<\/td>\n<\/tr>\n<tr class=\"row-6 even\">\n\t<td class=\"column-1\">Salida<\/td><td class=\"column-2\">85V-480V<\/td>\n<\/tr>\n<tr class=\"row-7 odd\">\n\t<td class=\"column-1\">Longitud del cable<\/td><td class=\"column-2\">5M o personalizado<\/td>\n<\/tr>\n<tr class=\"row-8 even\">\n\t<td class=\"column-1\">Resistencia del aislamiento (cable)<\/td><td class=\"column-2\">&gt;1000M\u03a9 (DC500V)<\/td>\n<\/tr>\n<tr class=\"row-9 odd\">\n\t<td class=\"column-1\">Resistencia de contacto<\/td><td class=\"column-2\">0,5m\u03a9 M\u00c1X<\/td>\n<\/tr>\n<tr class=\"row-10 even\">\n\t<td class=\"column-1\">Temperatura de trabajo<\/td><td class=\"column-2\">-20\u2103~60 \u2103<\/td>\n<\/tr>\n<tr class=\"row-11 odd\">\n\t<td class=\"column-1\">Grado de impermeabilidad<\/td><td class=\"column-2\">IP55(acoplamiento)<\/td>\n<\/tr>\n<tr class=\"row-12 even\">\n\t<td class=\"column-1\">Carcasa de pl\u00e1stico<\/td><td class=\"column-2\">Pl\u00e1stico termopl\u00e1stico<\/td>\n<\/tr>\n<\/tbody>\n<\/table>\n<!-- #tablepress-18 from cache -->\n<h3><img decoding=\"async\" class=\"alignnone size-medium wp-image-4360\" src=\"https:\/\/ruituostore.com\/wp-content\/uploads\/2023\/12\/portable-AC-charger-for-ev-car-charging2_r1_c1-413x455.webp\" alt=\"\" width=\"790\" height=\"790\" srcset=\"https:\/\/ruituostore.com\/wp-content\/uploads\/2023\/12\/portable-AC-charger-for-ev-car-charging2_r1_c1-300x300.webp 300w, https:\/\/ruituostore.com\/wp-content\/uploads\/2023\/12\/portable-AC-charger-for-ev-car-charging2_r1_c1-768x768.webp 768w, https:\/\/ruituostore.com\/wp-content\/uploads\/2023\/12\/portable-AC-charger-for-ev-car-charging2_r1_c1-480x480.webp 480w, https:\/\/ruituostore.com\/wp-content\/uploads\/2023\/12\/portable-AC-charger-for-ev-car-charging2_r1_c1-160x160.webp 160w, https:\/\/ruituostore.com\/wp-content\/uploads\/2023\/12\/portable-AC-charger-for-ev-car-charging2_r1_c1-12x12.webp 12w, https:\/\/ruituostore.com\/wp-content\/uploads\/2023\/12\/portable-AC-charger-for-ev-car-charging2_r1_c1-600x600.webp 600w, https:\/\/ruituostore.com\/wp-content\/uploads\/2023\/12\/portable-AC-charger-for-ev-car-charging2_r1_c1.webp 790w\" sizes=\"(max-width: 790px) 100vw, 790px\" \/><br \/>\n<img decoding=\"async\" class=\"alignnone size-medium wp-image-4361\" src=\"https:\/\/ruituostore.com\/wp-content\/uploads\/2023\/12\/portable-AC-charger-for-ev-car-charging2_r2_c1-413x455.webp\" alt=\"\" width=\"790\" height=\"790\" srcset=\"https:\/\/ruituostore.com\/wp-content\/uploads\/2023\/12\/portable-AC-charger-for-ev-car-charging2_r2_c1-300x300.webp 300w, https:\/\/ruituostore.com\/wp-content\/uploads\/2023\/12\/portable-AC-charger-for-ev-car-charging2_r2_c1-768x768.webp 768w, https:\/\/ruituostore.com\/wp-content\/uploads\/2023\/12\/portable-AC-charger-for-ev-car-charging2_r2_c1-480x480.webp 480w, https:\/\/ruituostore.com\/wp-content\/uploads\/2023\/12\/portable-AC-charger-for-ev-car-charging2_r2_c1-160x160.webp 160w, https:\/\/ruituostore.com\/wp-content\/uploads\/2023\/12\/portable-AC-charger-for-ev-car-charging2_r2_c1-12x12.webp 12w, https:\/\/ruituostore.com\/wp-content\/uploads\/2023\/12\/portable-AC-charger-for-ev-car-charging2_r2_c1-600x600.webp 600w, https:\/\/ruituostore.com\/wp-content\/uploads\/2023\/12\/portable-AC-charger-for-ev-car-charging2_r2_c1.webp 790w\" sizes=\"(max-width: 790px) 100vw, 790px\" \/><br \/>\n<img decoding=\"async\" class=\"alignnone size-medium wp-image-4362\" src=\"https:\/\/ruituostore.com\/wp-content\/uploads\/2023\/12\/portable-AC-charger-for-ev-car-charging2_r3_c1-413x455.webp\" alt=\"\" width=\"790\" height=\"790\" srcset=\"https:\/\/ruituostore.com\/wp-content\/uploads\/2023\/12\/portable-AC-charger-for-ev-car-charging2_r3_c1-300x300.webp 300w, https:\/\/ruituostore.com\/wp-content\/uploads\/2023\/12\/portable-AC-charger-for-ev-car-charging2_r3_c1-768x768.webp 768w, https:\/\/ruituostore.com\/wp-content\/uploads\/2023\/12\/portable-AC-charger-for-ev-car-charging2_r3_c1-480x480.webp 480w, https:\/\/ruituostore.com\/wp-content\/uploads\/2023\/12\/portable-AC-charger-for-ev-car-charging2_r3_c1-160x160.webp 160w, https:\/\/ruituostore.com\/wp-content\/uploads\/2023\/12\/portable-AC-charger-for-ev-car-charging2_r3_c1-12x12.webp 12w, https:\/\/ruituostore.com\/wp-content\/uploads\/2023\/12\/portable-AC-charger-for-ev-car-charging2_r3_c1-600x600.webp 600w, https:\/\/ruituostore.com\/wp-content\/uploads\/2023\/12\/portable-AC-charger-for-ev-car-charging2_r3_c1.webp 790w\" sizes=\"(max-width: 790px) 100vw, 790px\" \/><br \/>\n<img decoding=\"async\" class=\"alignnone size-medium wp-image-4363\" src=\"https:\/\/ruituostore.com\/wp-content\/uploads\/2023\/12\/portable-AC-charger-for-ev-car-charging2_r4_c1-413x455.webp\" alt=\"\" width=\"790\" height=\"790\" srcset=\"https:\/\/ruituostore.com\/wp-content\/uploads\/2023\/12\/portable-AC-charger-for-ev-car-charging2_r4_c1-300x300.webp 300w, https:\/\/ruituostore.com\/wp-content\/uploads\/2023\/12\/portable-AC-charger-for-ev-car-charging2_r4_c1-768x768.webp 768w, https:\/\/ruituostore.com\/wp-content\/uploads\/2023\/12\/portable-AC-charger-for-ev-car-charging2_r4_c1-480x480.webp 480w, https:\/\/ruituostore.com\/wp-content\/uploads\/2023\/12\/portable-AC-charger-for-ev-car-charging2_r4_c1-160x160.webp 160w, https:\/\/ruituostore.com\/wp-content\/uploads\/2023\/12\/portable-AC-charger-for-ev-car-charging2_r4_c1-12x12.webp 12w, https:\/\/ruituostore.com\/wp-content\/uploads\/2023\/12\/portable-AC-charger-for-ev-car-charging2_r4_c1-600x600.webp 600w, https:\/\/ruituostore.com\/wp-content\/uploads\/2023\/12\/portable-AC-charger-for-ev-car-charging2_r4_c1.webp 790w\" sizes=\"(max-width: 790px) 100vw, 790px\" \/><br \/>\n<img decoding=\"async\" class=\"alignnone size-medium wp-image-4377\" src=\"https:\/\/ruituostore.com\/wp-content\/uploads\/2023\/12\/Hf54d790cae6949c2b4046ca42848063dK-413x455.webp\" alt=\"\" width=\"790\" height=\"790\" srcset=\"https:\/\/ruituostore.com\/wp-content\/uploads\/2023\/12\/Hf54d790cae6949c2b4046ca42848063dK-300x300.webp 300w, https:\/\/ruituostore.com\/wp-content\/uploads\/2023\/12\/Hf54d790cae6949c2b4046ca42848063dK-768x768.webp 768w, https:\/\/ruituostore.com\/wp-content\/uploads\/2023\/12\/Hf54d790cae6949c2b4046ca42848063dK-480x480.webp 480w, https:\/\/ruituostore.com\/wp-content\/uploads\/2023\/12\/Hf54d790cae6949c2b4046ca42848063dK-160x160.webp 160w, https:\/\/ruituostore.com\/wp-content\/uploads\/2023\/12\/Hf54d790cae6949c2b4046ca42848063dK-12x12.webp 12w, https:\/\/ruituostore.com\/wp-content\/uploads\/2023\/12\/Hf54d790cae6949c2b4046ca42848063dK-600x600.webp 600w, https:\/\/ruituostore.com\/wp-content\/uploads\/2023\/12\/Hf54d790cae6949c2b4046ca42848063dK.webp 790w\" sizes=\"(max-width: 790px) 100vw, 790px\" \/><br \/>\n<a name=\"bottom\"><\/a><br \/>\nObtenga AHORA su presupuesto sin compromiso.<br \/>\n<div class=\"wpforms-container wpforms-container-full\" id=\"wpforms-1987\"><form id=\"wpforms-form-1987\" class=\"wpforms-validate wpforms-form wpforms-ajax-form\" data-formid=\"1987\" method=\"post\" enctype=\"multipart\/form-data\" action=\"\/es\/wp-json\/wp\/v2\/product\/4357\" data-token=\"688d8d3af225a4d2c230d9651311ba13\" data-token-time=\"1776210726\" data-trp-original-action=\"\/es\/wp-json\/wp\/v2\/product\/4357\"><noscript class=\"wpforms-error-noscript\">Por favor, activa JavaScript en tu navegador para completar este formulario.<\/noscript><div class=\"wpforms-field-container\"><div id=\"wpforms-1987-field_0-container\" class=\"wpforms-field wpforms-field-name\" data-field-id=\"0\"><label class=\"wpforms-field-label\" for=\"wpforms-1987-field_0\">Nombre <span class=\"wpforms-required-label\">*<\/span><\/label><div class=\"wpforms-field-row wpforms-field-medium\"><div class=\"wpforms-field-row-block wpforms-first wpforms-one-half\"><input type=\"text\" id=\"wpforms-1987-field_0\" class=\"wpforms-field-name-first wpforms-field-required\" name=\"wpforms[fields][0][first]\" required><label for=\"wpforms-1987-field_0\" class=\"wpforms-field-sublabel after\">Nombre<\/label><\/div><div class=\"wpforms-field-row-block wpforms-one-half\"><input type=\"text\" id=\"wpforms-1987-field_0-last\" class=\"wpforms-field-name-last wpforms-field-required\" name=\"wpforms[fields][0][last]\" required><label for=\"wpforms-1987-field_0-last\" class=\"wpforms-field-sublabel after\">Apellidos<\/label><\/div><\/div><\/div><div id=\"wpforms-1987-field_1-container\" class=\"wpforms-field wpforms-field-email\" data-field-id=\"1\"><label class=\"wpforms-field-label\" for=\"wpforms-1987-field_1\">Correo electr\u00f3nico <span class=\"wpforms-required-label\">*<\/span><\/label><input type=\"email\" id=\"wpforms-1987-field_1\" class=\"wpforms-field-medium wpforms-field-required\" name=\"wpforms[fields][1]\" spellcheck=\"false\" required><\/div><div id=\"wpforms-1987-field_2-container\" class=\"wpforms-field wpforms-field-textarea\" data-field-id=\"2\"><label class=\"wpforms-field-label\" for=\"wpforms-1987-field_2\">Mensaje <span class=\"wpforms-required-label\">*<\/span><\/label><textarea id=\"wpforms-1987-field_2\" class=\"wpforms-field-medium wpforms-field-required\" name=\"wpforms[fields][2]\" required><\/textarea><\/div><div id=\"wpforms-1987-field_8-container\" class=\"wpforms-field wpforms-field-captcha\" data-field-id=\"8\"><label class=\"wpforms-field-label\" for=\"wpforms-1987-field_8\">Custom Captcha <span class=\"wpforms-required-label\">*<\/span><\/label>\t\t\t<div class=\"wpforms-captcha-math\">\n\t\t\t\t<span id=\"wpforms-1987-field_8-question\" class=\"wpforms-captcha-equation\">\n\t\t\t\t\t<span class=\"n1\">7<\/span>\n\t\t\t\t\t\t\t<span class=\"cal\">+<\/span>\n\t\t\t\t\t\t\t<span class=\"n2\">9<\/span>\t\t\t\t\t<span class=\"e\">=<\/span>\n\t\t\t\t<\/span>\n\t\t\t\t<input type=\"text\" id=\"wpforms-1987-field_8\" class=\"wpforms-field-medium wpforms-field-required a\" data-rule-wpf-captcha=\"math\" data-is-wrapped-field=\"1\" name=\"wpforms[fields][8][a]\" aria-describedby=\"wpforms-1987-field_8-question\" required>\t\t\t\t<input type=\"hidden\" name=\"wpforms[fields][8][cal]\" class=\"cal\">\n\t\t\t\t<input type=\"hidden\" name=\"wpforms[fields][8][n2]\" class=\"n2\">\n\t\t\t\t<input type=\"hidden\" name=\"wpforms[fields][8][n1]\" class=\"n1\">\n\t\t\t<\/div>\n\t\t\t<\/div><\/div><!-- .wpforms-field-container --><div class=\"wpforms-submit-container\" ><input type=\"hidden\" name=\"wpforms[id]\" value=\"1987\"><input type=\"hidden\" name=\"page_title\" value=\"\"><input type=\"hidden\" name=\"page_url\" value=\"https:\/\/ruituostore.com\/es\/wp-json\/wp\/v2\/product\/4357\"><button type=\"submit\" name=\"wpforms[submit]\" id=\"wpforms-submit-1987\" class=\"wpforms-submit\" data-alt-text=\"Sending...\" data-submit-text=\"Submit\" aria-live=\"assertive\" value=\"wpforms-submit\">Enviar<\/button><img decoding=\"async\" src=\"https:\/\/ruituostore.com\/wp-content\/plugins\/wpforms\/assets\/images\/submit-spin.svg\" class=\"wpforms-submit-spinner\" style=\"display: none;\" width=\"26\" height=\"26\" alt=\"Cargando\"><\/div><input type=\"hidden\" name=\"trp-form-language\" value=\"es\"\/><\/form><\/div>  <!-- .wpforms-container --><\/h3>","protected":false},"excerpt":{"rendered":"<h2>Cargador port\u00e1til de CA para cargar coches el\u00e9ctricos<\/h2>\n<h4>2023 al por mayor 22kw 16-32A nuevo dise\u00f1o<br \/>\nVenta caliente Alto rendimiento<br \/>\nPara cables de carga de coches el\u00e9ctricos trif\u00e1sicos<br \/>\nArreglo para cada necesidad<br \/>\n10000 Unidad\/Unidades por mes<br \/>\nCorriente regulable led olcd pantalla port\u00e1til CE ev pila de carga<\/h4>\n<p><a href=\"mailto:info@ruituostore.com\"><img decoding=\"async\" src=\"https:\/\/ruituostore.com\/wp-content\/uploads\/2019\/10\/ruituostorenewenergy434343.webp\" alt=\"\" width=\"150\" height=\"43\" \/><\/a><\/p>","protected":false},"featured_media":4359,"comment_status":"closed","ping_status":"closed","template":"","meta":[],"product_cat":[29],"product_tag":[219],"class_list":["post-4357","product","type-product","status-publish","has-post-thumbnail","hentry","product_cat-ev-charging","product_tag-portable-charging"],"_links":{"self":[{"href":"https:\/\/ruituostore.com\/es\/wp-json\/wp\/v2\/product\/4357","targetHints":{"allow":["GET"]}}],"collection":[{"href":"https:\/\/ruituostore.com\/es\/wp-json\/wp\/v2\/product"}],"about":[{"href":"https:\/\/ruituostore.com\/es\/wp-json\/wp\/v2\/types\/product"}],"replies":[{"embeddable":true,"href":"https:\/\/ruituostore.com\/es\/wp-json\/wp\/v2\/comments?post=4357"}],"wp:featuredmedia":[{"embeddable":true,"href":"https:\/\/ruituostore.com\/es\/wp-json\/wp\/v2\/media\/4359"}],"wp:attachment":[{"href":"https:\/\/ruituostore.com\/es\/wp-json\/wp\/v2\/media?parent=4357"}],"wp:term":[{"taxonomy":"product_cat","embeddable":true,"href":"https:\/\/ruituostore.com\/es\/wp-json\/wp\/v2\/product_cat?post=4357"},{"taxonomy":"product_tag","embeddable":true,"href":"https:\/\/ruituostore.com\/es\/wp-json\/wp\/v2\/product_tag?post=4357"}],"curies":[{"name":"wp","href":"https:\/\/api.w.org\/{rel}","templated":true}]}}