{"id":4407,"date":"2023-12-14T08:15:23","date_gmt":"2023-12-14T08:15:23","guid":{"rendered":"https:\/\/ruituostore.com\/?post_type=product&#038;p=4407"},"modified":"2024-01-10T03:15:08","modified_gmt":"2024-01-10T03:15:08","slug":"vehicle-fast-dc-ev-car-charger-station-for-all-ev-models-plug-charge-with-5m-charging-cable","status":"publish","type":"product","link":"https:\/\/ruituostore.com\/es\/producto\/vehicle-fast-dc-ev-car-charger-station-for-all-ev-models-plug-charge-with-5m-charging-cable\/","title":{"rendered":"Estacion de carga rapida dc para coche ev para todos los modelos ev carga por enchufe con cable de carga de 5m"},"content":{"rendered":"<h4><\/h4>\n\n<table id=\"tablepress-21\" class=\"tablepress tablepress-id-21\">\n<tbody class=\"row-hover\">\n<tr class=\"row-1 odd\">\n\t<td class=\"column-1\">Nombre del producto<\/td><td class=\"column-2\">Pila de carga para veh\u00edculos el\u00e9ctricos<\/td>\n<\/tr>\n<tr class=\"row-2 even\">\n\t<td class=\"column-1\">Potencia nominal de salida<\/td><td class=\"column-2\">40-240Kw<\/td>\n<\/tr>\n<tr class=\"row-3 odd\">\n\t<td class=\"column-1\">Tensi\u00f3n de entrada<\/td><td class=\"column-2\">380V\u00b115%<\/td>\n<\/tr>\n<tr class=\"row-4 even\">\n\t<td class=\"column-1\">Frecuencia de entrada<\/td><td class=\"column-2\">45-60HZ<\/td>\n<\/tr>\n<tr class=\"row-5 odd\">\n\t<td class=\"column-1\">Rango de tensi\u00f3n de salida<\/td><td class=\"column-2\">200~750<\/td>\n<\/tr>\n<tr class=\"row-6 even\">\n\t<td class=\"column-1\">Corriente nominal<\/td><td class=\"column-2\">80-250A<\/td>\n<\/tr>\n<tr class=\"row-7 odd\">\n\t<td class=\"column-1\">Junta de carga<\/td><td class=\"column-2\">2<\/td>\n<\/tr>\n<tr class=\"row-8 even\">\n\t<td class=\"column-1\">Grado de protecci\u00f3n<\/td><td class=\"column-2\">IP54<\/td>\n<\/tr>\n<tr class=\"row-9 odd\">\n\t<td class=\"column-1\">Ruido<\/td><td class=\"column-2\">\uff1c65 dB<\/td>\n<\/tr>\n<tr class=\"row-10 even\">\n\t<td class=\"column-1\">Precisi\u00f3n de la corriente constante<\/td><td class=\"column-2\">\u2264\u00b11%<\/td>\n<\/tr>\n<tr class=\"row-11 odd\">\n\t<td class=\"column-1\">Precisi\u00f3n de regulaci\u00f3n de la tensi\u00f3n<\/td><td class=\"column-2\">\u2264\u00b10,5%<\/td>\n<\/tr>\n<tr class=\"row-12 even\">\n\t<td class=\"column-1\">Error de corriente de salida<\/td><td class=\"column-2\">\u2264\u00b11%<\/td>\n<\/tr>\n<tr class=\"row-13 odd\">\n\t<td class=\"column-1\">Error de tensi\u00f3n de salida<\/td><td class=\"column-2\">\u2264\u00b10,5%<\/td>\n<\/tr>\n<tr class=\"row-14 even\">\n\t<td class=\"column-1\">Temp.<\/td><td class=\"column-2\">-20\u2103~50 \u2103<\/td>\n<\/tr>\n<tr class=\"row-15 odd\">\n\t<td class=\"column-1\">Temperatura de almacenaje.<\/td><td class=\"column-2\">-40\u2103~70 \u2103<\/td>\n<\/tr>\n<tr class=\"row-16 even\">\n\t<td class=\"column-1\">MTBF<\/td><td class=\"column-2\">50000 horas<\/td>\n<\/tr>\n<tr class=\"row-17 odd\">\n\t<td class=\"column-1\">C\u00e1lculo del coste de carga<\/td><td class=\"column-2\">Contador de energ\u00eda de CC<\/td>\n<\/tr>\n<tr class=\"row-18 even\">\n\t<td class=\"column-1\">Pantalla<\/td><td class=\"column-2\">Pantalla t\u00e1ctil de 7 pulgadas<\/td>\n<\/tr>\n<tr class=\"row-19 odd\">\n\t<td class=\"column-1\">Material del malet\u00edn<\/td><td class=\"column-2\">Placa de metal<\/td>\n<\/tr>\n<tr class=\"row-20 even\">\n\t<td class=\"column-1\">Longitud del cable<\/td><td class=\"column-2\">7\/10 metros<\/td>\n<\/tr>\n<tr class=\"row-21 odd\">\n\t<td class=\"column-1\">Modo de inicio<\/td><td class=\"column-2\">Tarjeta magn\u00e9tica\/Esc\u00e1ner<\/td>\n<\/tr>\n<tr class=\"row-22 even\">\n\t<td class=\"column-1\">Instalaci\u00f3n<\/td><td class=\"column-2\">Stand<\/td>\n<\/tr>\n<tr class=\"row-23 odd\">\n\t<td class=\"column-1\">Est\u00e1ndar<\/td><td class=\"column-2\">CE<\/td>\n<\/tr>\n<tr class=\"row-24 even\">\n\t<td class=\"column-1\">Protecci\u00f3n<\/td><td class=\"column-2\">Sobreintensidad, Subtensi\u00f3n, Sobretensi\u00f3n, Cortocircuito, Corriente residual, Protecci\u00f3n contra sobretensiones, Sobretemperatura, Protecci\u00f3n de tierra<\/td>\n<\/tr>\n<\/tbody>\n<\/table>\n<!-- #tablepress-21 from cache -->\n<div>\n<div><img decoding=\"async\" class=\"alignnone size-medium wp-image-4410\" src=\"https:\/\/ruituostore.com\/wp-content\/uploads\/2023\/12\/40KW-integrated_01_r1_c1-413x455.jpg\" alt=\"\" width=\"790\" height=\"790\" srcset=\"https:\/\/ruituostore.com\/wp-content\/uploads\/2023\/12\/40KW-integrated_01_r1_c1-300x300.jpg 300w, https:\/\/ruituostore.com\/wp-content\/uploads\/2023\/12\/40KW-integrated_01_r1_c1-768x768.jpg 768w, https:\/\/ruituostore.com\/wp-content\/uploads\/2023\/12\/40KW-integrated_01_r1_c1-480x480.jpg 480w, https:\/\/ruituostore.com\/wp-content\/uploads\/2023\/12\/40KW-integrated_01_r1_c1-160x160.jpg 160w, https:\/\/ruituostore.com\/wp-content\/uploads\/2023\/12\/40KW-integrated_01_r1_c1-12x12.jpg 12w, https:\/\/ruituostore.com\/wp-content\/uploads\/2023\/12\/40KW-integrated_01_r1_c1-600x600.jpg 600w, https:\/\/ruituostore.com\/wp-content\/uploads\/2023\/12\/40KW-integrated_01_r1_c1.jpg 790w\" sizes=\"(max-width: 790px) 100vw, 790px\" \/><\/div>\n<div><img decoding=\"async\" class=\"alignnone size-medium wp-image-4411\" src=\"https:\/\/ruituostore.com\/wp-content\/uploads\/2023\/12\/40KW-integrated_01_r2_c1-413x455.jpg\" alt=\"\" width=\"790\" height=\"790\" srcset=\"https:\/\/ruituostore.com\/wp-content\/uploads\/2023\/12\/40KW-integrated_01_r2_c1-300x300.jpg 300w, https:\/\/ruituostore.com\/wp-content\/uploads\/2023\/12\/40KW-integrated_01_r2_c1-768x768.jpg 768w, https:\/\/ruituostore.com\/wp-content\/uploads\/2023\/12\/40KW-integrated_01_r2_c1-480x480.jpg 480w, https:\/\/ruituostore.com\/wp-content\/uploads\/2023\/12\/40KW-integrated_01_r2_c1-160x160.jpg 160w, https:\/\/ruituostore.com\/wp-content\/uploads\/2023\/12\/40KW-integrated_01_r2_c1-12x12.jpg 12w, https:\/\/ruituostore.com\/wp-content\/uploads\/2023\/12\/40KW-integrated_01_r2_c1-600x600.jpg 600w, https:\/\/ruituostore.com\/wp-content\/uploads\/2023\/12\/40KW-integrated_01_r2_c1.jpg 790w\" sizes=\"(max-width: 790px) 100vw, 790px\" \/><\/div>\n<div><img decoding=\"async\" class=\"alignnone size-medium wp-image-4413\" src=\"https:\/\/ruituostore.com\/wp-content\/uploads\/2023\/12\/40KW-integrated_01_r3_c1-413x455.jpg\" alt=\"\" width=\"790\" height=\"790\" srcset=\"https:\/\/ruituostore.com\/wp-content\/uploads\/2023\/12\/40KW-integrated_01_r3_c1-300x300.jpg 300w, https:\/\/ruituostore.com\/wp-content\/uploads\/2023\/12\/40KW-integrated_01_r3_c1-768x768.jpg 768w, https:\/\/ruituostore.com\/wp-content\/uploads\/2023\/12\/40KW-integrated_01_r3_c1-480x480.jpg 480w, https:\/\/ruituostore.com\/wp-content\/uploads\/2023\/12\/40KW-integrated_01_r3_c1-160x160.jpg 160w, https:\/\/ruituostore.com\/wp-content\/uploads\/2023\/12\/40KW-integrated_01_r3_c1-12x12.jpg 12w, https:\/\/ruituostore.com\/wp-content\/uploads\/2023\/12\/40KW-integrated_01_r3_c1-600x600.jpg 600w, https:\/\/ruituostore.com\/wp-content\/uploads\/2023\/12\/40KW-integrated_01_r3_c1.jpg 790w\" sizes=\"(max-width: 790px) 100vw, 790px\" \/><\/div>\n<div><img decoding=\"async\" class=\"alignnone size-medium wp-image-4414\" src=\"https:\/\/ruituostore.com\/wp-content\/uploads\/2023\/12\/40KW-integrated_01_r4_c1-413x455.jpg\" alt=\"\" width=\"790\" height=\"790\" srcset=\"https:\/\/ruituostore.com\/wp-content\/uploads\/2023\/12\/40KW-integrated_01_r4_c1-300x300.jpg 300w, https:\/\/ruituostore.com\/wp-content\/uploads\/2023\/12\/40KW-integrated_01_r4_c1-768x768.jpg 768w, https:\/\/ruituostore.com\/wp-content\/uploads\/2023\/12\/40KW-integrated_01_r4_c1-480x480.jpg 480w, https:\/\/ruituostore.com\/wp-content\/uploads\/2023\/12\/40KW-integrated_01_r4_c1-160x160.jpg 160w, https:\/\/ruituostore.com\/wp-content\/uploads\/2023\/12\/40KW-integrated_01_r4_c1-12x12.jpg 12w, https:\/\/ruituostore.com\/wp-content\/uploads\/2023\/12\/40KW-integrated_01_r4_c1-600x600.jpg 600w, https:\/\/ruituostore.com\/wp-content\/uploads\/2023\/12\/40KW-integrated_01_r4_c1.jpg 790w\" sizes=\"(max-width: 790px) 100vw, 790px\" \/><\/div>\n<div><img decoding=\"async\" class=\"alignnone size-medium wp-image-4410\" src=\"https:\/\/ruituostore.com\/wp-content\/uploads\/2023\/12\/40KW-integrated_01_r1_c1-413x455.jpg\" alt=\"\" width=\"790\" height=\"790\" srcset=\"https:\/\/ruituostore.com\/wp-content\/uploads\/2023\/12\/40KW-integrated_01_r1_c1-300x300.jpg 300w, https:\/\/ruituostore.com\/wp-content\/uploads\/2023\/12\/40KW-integrated_01_r1_c1-768x768.jpg 768w, https:\/\/ruituostore.com\/wp-content\/uploads\/2023\/12\/40KW-integrated_01_r1_c1-480x480.jpg 480w, https:\/\/ruituostore.com\/wp-content\/uploads\/2023\/12\/40KW-integrated_01_r1_c1-160x160.jpg 160w, https:\/\/ruituostore.com\/wp-content\/uploads\/2023\/12\/40KW-integrated_01_r1_c1-12x12.jpg 12w, https:\/\/ruituostore.com\/wp-content\/uploads\/2023\/12\/40KW-integrated_01_r1_c1-600x600.jpg 600w, https:\/\/ruituostore.com\/wp-content\/uploads\/2023\/12\/40KW-integrated_01_r1_c1.jpg 790w\" sizes=\"(max-width: 790px) 100vw, 790px\" \/><\/div>\n<div><img decoding=\"async\" class=\"alignnone size-medium wp-image-4416\" src=\"https:\/\/ruituostore.com\/wp-content\/uploads\/2023\/12\/40KW-integrated_012_r2_c1-413x455.jpg\" alt=\"\" width=\"790\" height=\"790\" srcset=\"https:\/\/ruituostore.com\/wp-content\/uploads\/2023\/12\/40KW-integrated_012_r2_c1-300x300.jpg 300w, https:\/\/ruituostore.com\/wp-content\/uploads\/2023\/12\/40KW-integrated_012_r2_c1-768x768.jpg 768w, https:\/\/ruituostore.com\/wp-content\/uploads\/2023\/12\/40KW-integrated_012_r2_c1-480x480.jpg 480w, https:\/\/ruituostore.com\/wp-content\/uploads\/2023\/12\/40KW-integrated_012_r2_c1-160x160.jpg 160w, https:\/\/ruituostore.com\/wp-content\/uploads\/2023\/12\/40KW-integrated_012_r2_c1-12x12.jpg 12w, https:\/\/ruituostore.com\/wp-content\/uploads\/2023\/12\/40KW-integrated_012_r2_c1-600x600.jpg 600w, https:\/\/ruituostore.com\/wp-content\/uploads\/2023\/12\/40KW-integrated_012_r2_c1.jpg 790w\" sizes=\"(max-width: 790px) 100vw, 790px\" \/><\/div>\n<div><img decoding=\"async\" class=\"alignnone size-medium wp-image-4417\" src=\"https:\/\/ruituostore.com\/wp-content\/uploads\/2023\/12\/40KW-integrated_012_r3_c1-413x455.jpg\" alt=\"\" width=\"790\" height=\"790\" srcset=\"https:\/\/ruituostore.com\/wp-content\/uploads\/2023\/12\/40KW-integrated_012_r3_c1-300x300.jpg 300w, https:\/\/ruituostore.com\/wp-content\/uploads\/2023\/12\/40KW-integrated_012_r3_c1-768x768.jpg 768w, https:\/\/ruituostore.com\/wp-content\/uploads\/2023\/12\/40KW-integrated_012_r3_c1-480x480.jpg 480w, https:\/\/ruituostore.com\/wp-content\/uploads\/2023\/12\/40KW-integrated_012_r3_c1-160x160.jpg 160w, https:\/\/ruituostore.com\/wp-content\/uploads\/2023\/12\/40KW-integrated_012_r3_c1-12x12.jpg 12w, https:\/\/ruituostore.com\/wp-content\/uploads\/2023\/12\/40KW-integrated_012_r3_c1-600x600.jpg 600w, https:\/\/ruituostore.com\/wp-content\/uploads\/2023\/12\/40KW-integrated_012_r3_c1.jpg 790w\" sizes=\"(max-width: 790px) 100vw, 790px\" \/><\/div>\n<div><img decoding=\"async\" class=\"alignnone size-medium wp-image-4418\" src=\"https:\/\/ruituostore.com\/wp-content\/uploads\/2023\/12\/40KW-integrated_012_r4_c1-413x455.jpg\" alt=\"\" width=\"790\" height=\"790\" srcset=\"https:\/\/ruituostore.com\/wp-content\/uploads\/2023\/12\/40KW-integrated_012_r4_c1-300x300.jpg 300w, https:\/\/ruituostore.com\/wp-content\/uploads\/2023\/12\/40KW-integrated_012_r4_c1-768x768.jpg 768w, https:\/\/ruituostore.com\/wp-content\/uploads\/2023\/12\/40KW-integrated_012_r4_c1-480x480.jpg 480w, https:\/\/ruituostore.com\/wp-content\/uploads\/2023\/12\/40KW-integrated_012_r4_c1-160x160.jpg 160w, https:\/\/ruituostore.com\/wp-content\/uploads\/2023\/12\/40KW-integrated_012_r4_c1-12x12.jpg 12w, https:\/\/ruituostore.com\/wp-content\/uploads\/2023\/12\/40KW-integrated_012_r4_c1-600x600.jpg 600w, https:\/\/ruituostore.com\/wp-content\/uploads\/2023\/12\/40KW-integrated_012_r4_c1.jpg 790w\" sizes=\"(max-width: 790px) 100vw, 790px\" \/><\/div>\n<\/div>\n<p><a name=\"bottom\"><\/a><\/p>\n<h3>Obtenga AHORA su presupuesto sin compromiso.<br \/>\n<div class=\"wpforms-container wpforms-container-full\" id=\"wpforms-1987\"><form id=\"wpforms-form-1987\" class=\"wpforms-validate wpforms-form wpforms-ajax-form\" data-formid=\"1987\" method=\"post\" enctype=\"multipart\/form-data\" action=\"\/es\/wp-json\/wp\/v2\/product\/4407\" data-token=\"9ede22ba1efbb638100e914a90c9aced\" data-token-time=\"1775747574\" data-trp-original-action=\"\/es\/wp-json\/wp\/v2\/product\/4407\"><noscript class=\"wpforms-error-noscript\">Por favor, activa JavaScript en tu navegador para completar este formulario.<\/noscript><div class=\"wpforms-field-container\"><div id=\"wpforms-1987-field_0-container\" class=\"wpforms-field wpforms-field-name\" data-field-id=\"0\"><label class=\"wpforms-field-label\" for=\"wpforms-1987-field_0\">Nombre <span class=\"wpforms-required-label\">*<\/span><\/label><div class=\"wpforms-field-row wpforms-field-medium\"><div class=\"wpforms-field-row-block wpforms-first wpforms-one-half\"><input type=\"text\" id=\"wpforms-1987-field_0\" class=\"wpforms-field-name-first wpforms-field-required\" name=\"wpforms[fields][0][first]\" required><label for=\"wpforms-1987-field_0\" class=\"wpforms-field-sublabel after\">Nombre<\/label><\/div><div class=\"wpforms-field-row-block wpforms-one-half\"><input type=\"text\" id=\"wpforms-1987-field_0-last\" class=\"wpforms-field-name-last wpforms-field-required\" name=\"wpforms[fields][0][last]\" required><label for=\"wpforms-1987-field_0-last\" class=\"wpforms-field-sublabel after\">Apellidos<\/label><\/div><\/div><\/div><div id=\"wpforms-1987-field_1-container\" class=\"wpforms-field wpforms-field-email\" data-field-id=\"1\"><label class=\"wpforms-field-label\" for=\"wpforms-1987-field_1\">Correo electr\u00f3nico <span class=\"wpforms-required-label\">*<\/span><\/label><input type=\"email\" id=\"wpforms-1987-field_1\" class=\"wpforms-field-medium wpforms-field-required\" name=\"wpforms[fields][1]\" spellcheck=\"false\" required><\/div><div id=\"wpforms-1987-field_2-container\" class=\"wpforms-field wpforms-field-textarea\" data-field-id=\"2\"><label class=\"wpforms-field-label\" for=\"wpforms-1987-field_2\">Mensaje <span class=\"wpforms-required-label\">*<\/span><\/label><textarea id=\"wpforms-1987-field_2\" class=\"wpforms-field-medium wpforms-field-required\" name=\"wpforms[fields][2]\" required><\/textarea><\/div><div id=\"wpforms-1987-field_8-container\" class=\"wpforms-field wpforms-field-captcha\" data-field-id=\"8\"><label class=\"wpforms-field-label\" for=\"wpforms-1987-field_8\">Custom Captcha <span class=\"wpforms-required-label\">*<\/span><\/label>\t\t\t<div class=\"wpforms-captcha-math\">\n\t\t\t\t<span id=\"wpforms-1987-field_8-question\" class=\"wpforms-captcha-equation\">\n\t\t\t\t\t<span class=\"n1\">11<\/span>\n\t\t\t\t\t\t\t<span class=\"cal\">+<\/span>\n\t\t\t\t\t\t\t<span class=\"n2\">9<\/span>\t\t\t\t\t<span class=\"e\">=<\/span>\n\t\t\t\t<\/span>\n\t\t\t\t<input type=\"text\" id=\"wpforms-1987-field_8\" class=\"wpforms-field-medium wpforms-field-required a\" data-rule-wpf-captcha=\"math\" data-is-wrapped-field=\"1\" name=\"wpforms[fields][8][a]\" aria-describedby=\"wpforms-1987-field_8-question\" required>\t\t\t\t<input type=\"hidden\" name=\"wpforms[fields][8][cal]\" class=\"cal\">\n\t\t\t\t<input type=\"hidden\" name=\"wpforms[fields][8][n2]\" class=\"n2\">\n\t\t\t\t<input type=\"hidden\" name=\"wpforms[fields][8][n1]\" class=\"n1\">\n\t\t\t<\/div>\n\t\t\t<\/div><\/div><!-- .wpforms-field-container --><div class=\"wpforms-submit-container\" ><input type=\"hidden\" name=\"wpforms[id]\" value=\"1987\"><input type=\"hidden\" name=\"page_title\" value=\"\"><input type=\"hidden\" name=\"page_url\" value=\"https:\/\/ruituostore.com\/es\/wp-json\/wp\/v2\/product\/4407\"><button type=\"submit\" name=\"wpforms[submit]\" id=\"wpforms-submit-1987\" class=\"wpforms-submit\" data-alt-text=\"Sending...\" data-submit-text=\"Submit\" aria-live=\"assertive\" value=\"wpforms-submit\">Enviar<\/button><img decoding=\"async\" src=\"https:\/\/ruituostore.com\/wp-content\/plugins\/wpforms\/assets\/images\/submit-spin.svg\" class=\"wpforms-submit-spinner\" style=\"display: none;\" width=\"26\" height=\"26\" alt=\"Cargando\"><\/div><input type=\"hidden\" name=\"trp-form-language\" value=\"es\"\/><\/form><\/div>  <!-- .wpforms-container --><\/h3>","protected":false},"excerpt":{"rendered":"<h2>Estacion de carga rapida dc para coche ev para todos los modelos ev carga por enchufe con cable de carga de 5m<\/h2>\n<p>Discover the ultimate convenience of our fast DC EV car charger station, compatible with all EV models. Simply plug in and charge your vehicle using the included 5m charging cable. Experience hassle-free and efficient charging for your electric vehicle.<\/p>\n[video width=\"1280\" height=\"720\" mp4=\"https:\/\/ruituostore.com\/wp-content\/uploads\/2024\/01\/ruituostore20240103.mp4\"][\/video]\n<div style=\"text-align: center\"><\/div>\n<h4><\/h4>\n<p><a href=\"mailto:info@ruituostore.com\"><img decoding=\"async\" class=\"alignnone size-full wp-image-3873\" src=\"https:\/\/ruituostore.com\/wp-content\/uploads\/2019\/10\/ruituostorenewenergy434343.webp\" alt=\"\" width=\"150\" height=\"45\" srcset=\"https:\/\/ruituostore.com\/wp-content\/uploads\/2019\/10\/ruituostorenewenergy434343.webp 150w, https:\/\/ruituostore.com\/wp-content\/uploads\/2019\/10\/ruituostorenewenergy434343-18x5.webp 18w\" sizes=\"(max-width: 150px) 100vw, 150px\" \/><\/a><\/p>","protected":false},"featured_media":4409,"comment_status":"closed","ping_status":"closed","template":"","meta":[],"product_cat":[29],"product_tag":[207],"class_list":["post-4407","product","type-product","status-publish","has-post-thumbnail","hentry","product_cat-ev-charging","product_tag-dc-charging"],"_links":{"self":[{"href":"https:\/\/ruituostore.com\/es\/wp-json\/wp\/v2\/product\/4407","targetHints":{"allow":["GET"]}}],"collection":[{"href":"https:\/\/ruituostore.com\/es\/wp-json\/wp\/v2\/product"}],"about":[{"href":"https:\/\/ruituostore.com\/es\/wp-json\/wp\/v2\/types\/product"}],"replies":[{"embeddable":true,"href":"https:\/\/ruituostore.com\/es\/wp-json\/wp\/v2\/comments?post=4407"}],"wp:featuredmedia":[{"embeddable":true,"href":"https:\/\/ruituostore.com\/es\/wp-json\/wp\/v2\/media\/4409"}],"wp:attachment":[{"href":"https:\/\/ruituostore.com\/es\/wp-json\/wp\/v2\/media?parent=4407"}],"wp:term":[{"taxonomy":"product_cat","embeddable":true,"href":"https:\/\/ruituostore.com\/es\/wp-json\/wp\/v2\/product_cat?post=4407"},{"taxonomy":"product_tag","embeddable":true,"href":"https:\/\/ruituostore.com\/es\/wp-json\/wp\/v2\/product_tag?post=4407"}],"curies":[{"name":"wp","href":"https:\/\/api.w.org\/{rel}","templated":true}]}}