{"id":4422,"date":"2023-12-18T06:51:29","date_gmt":"2023-12-18T06:51:29","guid":{"rendered":"https:\/\/ruituostore.com\/?post_type=product&#038;p=4422"},"modified":"2024-01-10T03:13:04","modified_gmt":"2024-01-10T03:13:04","slug":"best-selling-ev-charging-station-40-kw-outdoor-ev-car-charging-station","status":"publish","type":"product","link":"https:\/\/ruituostore.com\/es\/producto\/best-selling-ev-charging-station-40-kw-outdoor-ev-car-charging-station\/","title":{"rendered":"Los m\u00e1s vendidos Estaci\u00f3n de carga para coches el\u00e9ctricos 40 kw al aire libre"},"content":{"rendered":"<h4><\/h4>\n\n<table id=\"tablepress-22\" class=\"tablepress tablepress-id-22\">\n<tbody class=\"row-hover\">\n<tr class=\"row-1 odd\">\n\t<td class=\"column-1\">Modelo<\/td><td class=\"column-2\">RTYD40DCWS<\/td>\n<\/tr>\n<tr class=\"row-2 even\">\n\t<td class=\"column-1\">Nombre del producto<\/td><td class=\"column-2\">Pila de carga para veh\u00edculos el\u00e9ctricos<\/td>\n<\/tr>\n<tr class=\"row-3 odd\">\n\t<td class=\"column-1\">Potencia nominal de salida<\/td><td class=\"column-2\">40Kw<\/td>\n<\/tr>\n<tr class=\"row-4 even\">\n\t<td class=\"column-1\">Tensi\u00f3n de entrada<\/td><td class=\"column-2\">380V\u00b115%<\/td>\n<\/tr>\n<tr class=\"row-5 odd\">\n\t<td class=\"column-1\">Frecuencia de entrada<\/td><td class=\"column-2\">45-60HZ<\/td>\n<\/tr>\n<tr class=\"row-6 even\">\n\t<td class=\"column-1\">Rango de tensi\u00f3n de salida<\/td><td class=\"column-2\">50~750<\/td>\n<\/tr>\n<tr class=\"row-7 odd\">\n\t<td class=\"column-1\">Corriente nominal<\/td><td class=\"column-2\">53.3A<\/td>\n<\/tr>\n<tr class=\"row-8 even\">\n\t<td class=\"column-1\">Junta de carga<\/td><td class=\"column-2\">1-2<\/td>\n<\/tr>\n<tr class=\"row-9 odd\">\n\t<td class=\"column-1\">Grado de protecci\u00f3n<\/td><td class=\"column-2\">IP54<\/td>\n<\/tr>\n<tr class=\"row-10 even\">\n\t<td class=\"column-1\">Ruido<\/td><td class=\"column-2\">\uff1c65 dB<\/td>\n<\/tr>\n<tr class=\"row-11 odd\">\n\t<td class=\"column-1\">Precisi\u00f3n de la corriente constante<\/td><td class=\"column-2\">\u2264\u00b11%<\/td>\n<\/tr>\n<tr class=\"row-12 even\">\n\t<td class=\"column-1\">Precisi\u00f3n de regulaci\u00f3n de la tensi\u00f3n<\/td><td class=\"column-2\">\u2264\u00b10,5%<\/td>\n<\/tr>\n<tr class=\"row-13 odd\">\n\t<td class=\"column-1\">Error de corriente de salida<\/td><td class=\"column-2\">\u2264\u00b11%<\/td>\n<\/tr>\n<tr class=\"row-14 even\">\n\t<td class=\"column-1\">Error de tensi\u00f3n de salida<\/td><td class=\"column-2\">\u2264\u00b10,5%<\/td>\n<\/tr>\n<tr class=\"row-15 odd\">\n\t<td class=\"column-1\">Temp.<\/td><td class=\"column-2\">-20\u2103~50 \u2103<\/td>\n<\/tr>\n<tr class=\"row-16 even\">\n\t<td class=\"column-1\">Temperatura de almacenaje.<\/td><td class=\"column-2\">-40\u2103~70 \u2103<\/td>\n<\/tr>\n<tr class=\"row-17 odd\">\n\t<td class=\"column-1\">MTBF<\/td><td class=\"column-2\">50000horas<\/td>\n<\/tr>\n<tr class=\"row-18 even\">\n\t<td class=\"column-1\">C\u00e1lculo del coste de carga<\/td><td class=\"column-2\">Contador de energ\u00eda de CC<\/td>\n<\/tr>\n<tr class=\"row-19 odd\">\n\t<td class=\"column-1\">Pantalla<\/td><td class=\"column-2\">Pantalla t\u00e1ctil de 7 pulgadas<\/td>\n<\/tr>\n<tr class=\"row-20 even\">\n\t<td class=\"column-1\">Material del malet\u00edn<\/td><td class=\"column-2\">Placa de metal<\/td>\n<\/tr>\n<tr class=\"row-21 odd\">\n\t<td class=\"column-1\">Longitud del cable<\/td><td class=\"column-2\">5 metros<\/td>\n<\/tr>\n<tr class=\"row-22 even\">\n\t<td class=\"column-1\">Modo de inicio<\/td><td class=\"column-2\">Tarjeta magn\u00e9tica\/Esc\u00e1ner<\/td>\n<\/tr>\n<tr class=\"row-23 odd\">\n\t<td class=\"column-1\">Instalaci\u00f3n<\/td><td class=\"column-2\">De pared\/de pie<\/td>\n<\/tr>\n<tr class=\"row-24 even\">\n\t<td class=\"column-1\">Est\u00e1ndar<\/td><td class=\"column-2\">CE<\/td>\n<\/tr>\n<tr class=\"row-25 odd\">\n\t<td class=\"column-1\">Protecci\u00f3n<\/td><td class=\"column-2\">Sobreintensidad, Subtensi\u00f3n, Sobretensi\u00f3n, Cortocircuito, Corriente residual, Protecci\u00f3n contra sobretensiones, Sobretemperatura, Protecci\u00f3n de tierra<\/td>\n<\/tr>\n<\/tbody>\n<\/table>\n<!-- #tablepress-22 from cache -->\n<div>\n<div><img decoding=\"async\" class=\"alignnone size-medium wp-image-4428\" src=\"https:\/\/ruituostore.com\/wp-content\/uploads\/2023\/12\/H7e4d5f0614124586acc78fc99b2a72e5p-413x455.webp\" alt=\"\" width=\"750\" height=\"750\" srcset=\"https:\/\/ruituostore.com\/wp-content\/uploads\/2023\/12\/H7e4d5f0614124586acc78fc99b2a72e5p-300x300.webp 300w, https:\/\/ruituostore.com\/wp-content\/uploads\/2023\/12\/H7e4d5f0614124586acc78fc99b2a72e5p-480x480.webp 480w, https:\/\/ruituostore.com\/wp-content\/uploads\/2023\/12\/H7e4d5f0614124586acc78fc99b2a72e5p-160x160.webp 160w, https:\/\/ruituostore.com\/wp-content\/uploads\/2023\/12\/H7e4d5f0614124586acc78fc99b2a72e5p-12x12.webp 12w, https:\/\/ruituostore.com\/wp-content\/uploads\/2023\/12\/H7e4d5f0614124586acc78fc99b2a72e5p-600x600.webp 600w, https:\/\/ruituostore.com\/wp-content\/uploads\/2023\/12\/H7e4d5f0614124586acc78fc99b2a72e5p.webp 750w\" sizes=\"(max-width: 750px) 100vw, 750px\" \/><\/div>\n<div><img decoding=\"async\" class=\"alignnone size-medium wp-image-4429\" src=\"https:\/\/ruituostore.com\/wp-content\/uploads\/2023\/12\/H12aeb03bf16544be86b32942e97fac9dQ-413x455.webp\" alt=\"\" width=\"750\" height=\"750\" srcset=\"https:\/\/ruituostore.com\/wp-content\/uploads\/2023\/12\/H12aeb03bf16544be86b32942e97fac9dQ-300x300.webp 300w, https:\/\/ruituostore.com\/wp-content\/uploads\/2023\/12\/H12aeb03bf16544be86b32942e97fac9dQ-480x480.webp 480w, https:\/\/ruituostore.com\/wp-content\/uploads\/2023\/12\/H12aeb03bf16544be86b32942e97fac9dQ-160x160.webp 160w, https:\/\/ruituostore.com\/wp-content\/uploads\/2023\/12\/H12aeb03bf16544be86b32942e97fac9dQ-12x12.webp 12w, https:\/\/ruituostore.com\/wp-content\/uploads\/2023\/12\/H12aeb03bf16544be86b32942e97fac9dQ-600x600.webp 600w, https:\/\/ruituostore.com\/wp-content\/uploads\/2023\/12\/H12aeb03bf16544be86b32942e97fac9dQ.webp 750w\" sizes=\"(max-width: 750px) 100vw, 750px\" \/><\/div>\n<div><img decoding=\"async\" class=\"alignnone size-medium wp-image-4430\" src=\"https:\/\/ruituostore.com\/wp-content\/uploads\/2023\/12\/Hb9c629917e3843c6afb20b1c230f3150v-413x455.webp\" alt=\"\" width=\"750\" height=\"750\" srcset=\"https:\/\/ruituostore.com\/wp-content\/uploads\/2023\/12\/Hb9c629917e3843c6afb20b1c230f3150v-300x300.webp 300w, https:\/\/ruituostore.com\/wp-content\/uploads\/2023\/12\/Hb9c629917e3843c6afb20b1c230f3150v-480x480.webp 480w, https:\/\/ruituostore.com\/wp-content\/uploads\/2023\/12\/Hb9c629917e3843c6afb20b1c230f3150v-160x160.webp 160w, https:\/\/ruituostore.com\/wp-content\/uploads\/2023\/12\/Hb9c629917e3843c6afb20b1c230f3150v-12x12.webp 12w, https:\/\/ruituostore.com\/wp-content\/uploads\/2023\/12\/Hb9c629917e3843c6afb20b1c230f3150v-600x600.webp 600w, https:\/\/ruituostore.com\/wp-content\/uploads\/2023\/12\/Hb9c629917e3843c6afb20b1c230f3150v.webp 750w\" sizes=\"(max-width: 750px) 100vw, 750px\" \/><\/div>\n<div><img decoding=\"async\" class=\"alignnone size-medium wp-image-4431\" src=\"https:\/\/ruituostore.com\/wp-content\/uploads\/2023\/12\/Hc013e0cc20a2451a8b8a3a0605217077H-413x455.webp\" alt=\"\" width=\"750\" height=\"626\" srcset=\"https:\/\/ruituostore.com\/wp-content\/uploads\/2023\/12\/Hc013e0cc20a2451a8b8a3a0605217077H-480x401.webp 480w, https:\/\/ruituostore.com\/wp-content\/uploads\/2023\/12\/Hc013e0cc20a2451a8b8a3a0605217077H-160x134.webp 160w, https:\/\/ruituostore.com\/wp-content\/uploads\/2023\/12\/Hc013e0cc20a2451a8b8a3a0605217077H-14x12.webp 14w, https:\/\/ruituostore.com\/wp-content\/uploads\/2023\/12\/Hc013e0cc20a2451a8b8a3a0605217077H-600x501.webp 600w, https:\/\/ruituostore.com\/wp-content\/uploads\/2023\/12\/Hc013e0cc20a2451a8b8a3a0605217077H.webp 750w\" sizes=\"(max-width: 750px) 100vw, 750px\" \/><\/div>\n<\/div>\n<p><a name=\"bottom\"><\/a><\/p>\n<h3>Obtenga AHORA su presupuesto sin compromiso.<br \/>\n<div class=\"wpforms-container wpforms-container-full\" id=\"wpforms-1987\"><form id=\"wpforms-form-1987\" class=\"wpforms-validate wpforms-form wpforms-ajax-form\" data-formid=\"1987\" method=\"post\" enctype=\"multipart\/form-data\" action=\"\/es\/wp-json\/wp\/v2\/product\/4422\" data-token=\"2d355e1d4d7acb088177e9a13c181d67\" data-token-time=\"1776079437\" data-trp-original-action=\"\/es\/wp-json\/wp\/v2\/product\/4422\"><noscript class=\"wpforms-error-noscript\">Por favor, activa JavaScript en tu navegador para completar este formulario.<\/noscript><div class=\"wpforms-field-container\"><div id=\"wpforms-1987-field_0-container\" class=\"wpforms-field wpforms-field-name\" data-field-id=\"0\"><label class=\"wpforms-field-label\" for=\"wpforms-1987-field_0\">Nombre <span class=\"wpforms-required-label\">*<\/span><\/label><div class=\"wpforms-field-row wpforms-field-medium\"><div class=\"wpforms-field-row-block wpforms-first wpforms-one-half\"><input type=\"text\" id=\"wpforms-1987-field_0\" class=\"wpforms-field-name-first wpforms-field-required\" name=\"wpforms[fields][0][first]\" required><label for=\"wpforms-1987-field_0\" class=\"wpforms-field-sublabel after\">Nombre<\/label><\/div><div class=\"wpforms-field-row-block wpforms-one-half\"><input type=\"text\" id=\"wpforms-1987-field_0-last\" class=\"wpforms-field-name-last wpforms-field-required\" name=\"wpforms[fields][0][last]\" required><label for=\"wpforms-1987-field_0-last\" class=\"wpforms-field-sublabel after\">Apellidos<\/label><\/div><\/div><\/div><div id=\"wpforms-1987-field_1-container\" class=\"wpforms-field wpforms-field-email\" data-field-id=\"1\"><label class=\"wpforms-field-label\" for=\"wpforms-1987-field_1\">Correo electr\u00f3nico <span class=\"wpforms-required-label\">*<\/span><\/label><input type=\"email\" id=\"wpforms-1987-field_1\" class=\"wpforms-field-medium wpforms-field-required\" name=\"wpforms[fields][1]\" spellcheck=\"false\" required><\/div><div id=\"wpforms-1987-field_2-container\" class=\"wpforms-field wpforms-field-textarea\" data-field-id=\"2\"><label class=\"wpforms-field-label\" for=\"wpforms-1987-field_2\">Mensaje <span class=\"wpforms-required-label\">*<\/span><\/label><textarea id=\"wpforms-1987-field_2\" class=\"wpforms-field-medium wpforms-field-required\" name=\"wpforms[fields][2]\" required><\/textarea><\/div><div id=\"wpforms-1987-field_8-container\" class=\"wpforms-field wpforms-field-captcha\" data-field-id=\"8\"><label class=\"wpforms-field-label\" for=\"wpforms-1987-field_8\">Custom Captcha <span class=\"wpforms-required-label\">*<\/span><\/label>\t\t\t<div class=\"wpforms-captcha-math\">\n\t\t\t\t<span id=\"wpforms-1987-field_8-question\" class=\"wpforms-captcha-equation\">\n\t\t\t\t\t<span class=\"n1\">8<\/span>\n\t\t\t\t\t\t\t<span class=\"cal\">+<\/span>\n\t\t\t\t\t\t\t<span class=\"n2\">11<\/span>\t\t\t\t\t<span class=\"e\">=<\/span>\n\t\t\t\t<\/span>\n\t\t\t\t<input type=\"text\" id=\"wpforms-1987-field_8\" class=\"wpforms-field-medium wpforms-field-required a\" data-rule-wpf-captcha=\"math\" data-is-wrapped-field=\"1\" name=\"wpforms[fields][8][a]\" aria-describedby=\"wpforms-1987-field_8-question\" required>\t\t\t\t<input type=\"hidden\" name=\"wpforms[fields][8][cal]\" class=\"cal\">\n\t\t\t\t<input type=\"hidden\" name=\"wpforms[fields][8][n2]\" class=\"n2\">\n\t\t\t\t<input type=\"hidden\" name=\"wpforms[fields][8][n1]\" class=\"n1\">\n\t\t\t<\/div>\n\t\t\t<\/div><\/div><!-- .wpforms-field-container --><div class=\"wpforms-submit-container\" ><input type=\"hidden\" name=\"wpforms[id]\" value=\"1987\"><input type=\"hidden\" name=\"page_title\" value=\"\"><input type=\"hidden\" name=\"page_url\" value=\"https:\/\/ruituostore.com\/es\/wp-json\/wp\/v2\/product\/4422\"><button type=\"submit\" name=\"wpforms[submit]\" id=\"wpforms-submit-1987\" class=\"wpforms-submit\" data-alt-text=\"Sending...\" data-submit-text=\"Submit\" aria-live=\"assertive\" value=\"wpforms-submit\">Enviar<\/button><img decoding=\"async\" src=\"https:\/\/ruituostore.com\/wp-content\/plugins\/wpforms\/assets\/images\/submit-spin.svg\" class=\"wpforms-submit-spinner\" style=\"display: none;\" width=\"26\" height=\"26\" alt=\"Cargando\"><\/div><input type=\"hidden\" name=\"trp-form-language\" value=\"es\"\/><\/form><\/div>  <!-- .wpforms-container --><\/h3>","protected":false},"excerpt":{"rendered":"<p>Los m\u00e1s vendidos Estaci\u00f3n de carga para coches el\u00e9ctricos 40 kw al aire libre<\/p>\n<p>Precio al por mayor port\u00e1til 40Kw dc Ev Estaci\u00f3n de carga<br \/>\nVenta caliente Alto rendimiento<br \/>\nEstaci\u00f3n de carga r\u00e1pida de electricidad de cc Ev montada en la pared<br \/>\nPrecio de las estaciones de carga para coches el\u00e9ctricos<br \/>\nGenerador el\u00e9ctrico port\u00e1til de nuevo dise\u00f1o<br \/>\nArreglo para cada necesidad<\/p>\n<p><a href=\"mailto:info@ruituostore.com\"><img decoding=\"async\" src=\"https:\/\/ruituostore.com\/wp-content\/uploads\/2019\/10\/ruituostorenewenergy434343.webp\" alt=\"\" width=\"150\" height=\"43\" \/><\/a><\/p>","protected":false},"featured_media":4426,"comment_status":"closed","ping_status":"closed","template":"","meta":[],"product_cat":[29],"product_tag":[207],"class_list":["post-4422","product","type-product","status-publish","has-post-thumbnail","hentry","product_cat-ev-charging","product_tag-dc-charging"],"_links":{"self":[{"href":"https:\/\/ruituostore.com\/es\/wp-json\/wp\/v2\/product\/4422","targetHints":{"allow":["GET"]}}],"collection":[{"href":"https:\/\/ruituostore.com\/es\/wp-json\/wp\/v2\/product"}],"about":[{"href":"https:\/\/ruituostore.com\/es\/wp-json\/wp\/v2\/types\/product"}],"replies":[{"embeddable":true,"href":"https:\/\/ruituostore.com\/es\/wp-json\/wp\/v2\/comments?post=4422"}],"wp:featuredmedia":[{"embeddable":true,"href":"https:\/\/ruituostore.com\/es\/wp-json\/wp\/v2\/media\/4426"}],"wp:attachment":[{"href":"https:\/\/ruituostore.com\/es\/wp-json\/wp\/v2\/media?parent=4422"}],"wp:term":[{"taxonomy":"product_cat","embeddable":true,"href":"https:\/\/ruituostore.com\/es\/wp-json\/wp\/v2\/product_cat?post=4422"},{"taxonomy":"product_tag","embeddable":true,"href":"https:\/\/ruituostore.com\/es\/wp-json\/wp\/v2\/product_tag?post=4422"}],"curies":[{"name":"wp","href":"https:\/\/api.w.org\/{rel}","templated":true}]}}