{"id":868,"date":"2019-10-08T08:26:10","date_gmt":"2019-10-08T08:26:10","guid":{"rendered":"https:\/\/demo.casethemes.net\/nimmo\/product\/import-placeholder-for-409\/"},"modified":"2024-01-10T02:55:30","modified_gmt":"2024-01-10T02:55:30","slug":"customizable-dc-floor-stand-charging-station-for-ev-car","status":"publish","type":"product","link":"https:\/\/ruituostore.com\/es\/producto\/estacion-de-carga-de-pie-de-cc-personalizable-para-coche-ev-2\/","title":{"rendered":"Estaci\u00f3n de carga de suelo de CC personalizable para veh\u00edculos el\u00e9ctricos"},"content":{"rendered":"<h4><\/h4>\n\n<table id=\"tablepress-7\" class=\"tablepress tablepress-id-7\">\n<tbody class=\"row-hover\">\n<tr class=\"row-1 odd\">\n\t<td class=\"column-1\">Modelo<\/td><td class=\"column-2\">RTNT60DCG2<\/td>\n<\/tr>\n<tr class=\"row-2 even\">\n\t<td class=\"column-1\">Nombre del producto<\/td><td class=\"column-2\">Estaci\u00f3n de carga para veh\u00edculos el\u00e9ctricos<\/td>\n<\/tr>\n<tr class=\"row-3 odd\">\n\t<td class=\"column-1\">Potencia nominal de salida<\/td><td class=\"column-2\">60Kw<\/td>\n<\/tr>\n<tr class=\"row-4 even\">\n\t<td class=\"column-1\">Tensi\u00f3n de entrada<\/td><td class=\"column-2\">400VAC<\/td>\n<\/tr>\n<tr class=\"row-5 odd\">\n\t<td class=\"column-1\">Frecuencia de entrada<\/td><td class=\"column-2\">50\/60 Hz<\/td>\n<\/tr>\n<tr class=\"row-6 even\">\n\t<td class=\"column-1\">Tensi\u00f3n de salida<\/td><td class=\"column-2\">DC 200V-1000V<\/td>\n<\/tr>\n<tr class=\"row-7 odd\">\n\t<td class=\"column-1\">Grado de protecci\u00f3n<\/td><td class=\"column-2\">IP54\/IP65<\/td>\n<\/tr>\n<tr class=\"row-8 even\">\n\t<td class=\"column-1\">Enchufe del cargador<\/td><td class=\"column-2\">CCS2<\/td>\n<\/tr>\n<tr class=\"row-9 odd\">\n\t<td class=\"column-1\">Temp.<\/td><td class=\"column-2\">-20\u2103~60 \u2103<\/td>\n<\/tr>\n<tr class=\"row-10 even\">\n\t<td class=\"column-1\">Medio ambiente<\/td><td class=\"column-2\">RH 5%-95%<\/td>\n<\/tr>\n<tr class=\"row-11 odd\">\n\t<td class=\"column-1\">Altura m\u00e1xima de instalaci\u00f3n<\/td><td class=\"column-2\">\u22642000m<\/td>\n<\/tr>\n<tr class=\"row-12 even\">\n\t<td class=\"column-1\">Material del malet\u00edn<\/td><td class=\"column-2\">ABS + PC+Metal<\/td>\n<\/tr>\n<tr class=\"row-13 odd\">\n\t<td class=\"column-1\">Longitud del cable<\/td><td class=\"column-2\">5 metros<\/td>\n<\/tr>\n<tr class=\"row-14 even\">\n\t<td class=\"column-1\">Modo de inicio<\/td><td class=\"column-2\">Insertar tarjeta\/Pasar tarjeta<\/td>\n<\/tr>\n<tr class=\"row-15 odd\">\n\t<td class=\"column-1\">Est\u00e1ndar<\/td><td class=\"column-2\">CE<\/td>\n<\/tr>\n<tr class=\"row-16 even\">\n\t<td class=\"column-1\">Protecci\u00f3n<\/td><td class=\"column-2\">Sobreintensidad, Subtensi\u00f3n, Sobretensi\u00f3n, Cortocircuito, Corriente residual, Protecci\u00f3n contra sobretensiones, Sobretemperatura, Protecci\u00f3n de tierra<\/td>\n<\/tr>\n<tr class=\"row-17 odd\">\n\t<td class=\"column-1\">Tama\u00f1o del cuerpo principal<\/td><td class=\"column-2\">1582mm*794mm*460mm<\/td>\n<\/tr>\n<\/tbody>\n<\/table>\n<!-- #tablepress-7 from cache -->\n<h3><img decoding=\"async\" class=\"alignnone size-medium wp-image-3904\" src=\"https:\/\/ruituostore.com\/wp-content\/uploads\/2019\/10\/Hb1e98e9979d94779b6b7b0a65c7783b2k_r1_c1-413x455.webp\" alt=\"\" width=\"790\" height=\"1287\" srcset=\"https:\/\/ruituostore.com\/wp-content\/uploads\/2019\/10\/Hb1e98e9979d94779b6b7b0a65c7783b2k_r1_c1-768x1251.webp 768w, https:\/\/ruituostore.com\/wp-content\/uploads\/2019\/10\/Hb1e98e9979d94779b6b7b0a65c7783b2k_r1_c1-7x12.webp 7w, https:\/\/ruituostore.com\/wp-content\/uploads\/2019\/10\/Hb1e98e9979d94779b6b7b0a65c7783b2k_r1_c1-600x977.webp 600w, https:\/\/ruituostore.com\/wp-content\/uploads\/2019\/10\/Hb1e98e9979d94779b6b7b0a65c7783b2k_r1_c1.webp 790w\" sizes=\"(max-width: 790px) 100vw, 790px\" \/><br \/>\n<img decoding=\"async\" class=\"alignnone size-medium wp-image-3905\" src=\"https:\/\/ruituostore.com\/wp-content\/uploads\/2019\/10\/Hb1e98e9979d94779b6b7b0a65c7783b2k_r2_c1-413x455.webp\" alt=\"\" width=\"790\" height=\"997\" srcset=\"https:\/\/ruituostore.com\/wp-content\/uploads\/2019\/10\/Hb1e98e9979d94779b6b7b0a65c7783b2k_r2_c1-768x969.webp 768w, https:\/\/ruituostore.com\/wp-content\/uploads\/2019\/10\/Hb1e98e9979d94779b6b7b0a65c7783b2k_r2_c1-10x12.webp 10w, https:\/\/ruituostore.com\/wp-content\/uploads\/2019\/10\/Hb1e98e9979d94779b6b7b0a65c7783b2k_r2_c1-600x757.webp 600w, https:\/\/ruituostore.com\/wp-content\/uploads\/2019\/10\/Hb1e98e9979d94779b6b7b0a65c7783b2k_r2_c1.webp 790w\" sizes=\"(max-width: 790px) 100vw, 790px\" \/><br \/>\n<img decoding=\"async\" class=\"alignnone size-medium wp-image-3906\" src=\"https:\/\/ruituostore.com\/wp-content\/uploads\/2019\/10\/Hb1e98e9979d94779b6b7b0a65c7783b2k_r3_c1-413x455.webp\" alt=\"\" width=\"790\" height=\"751\" srcset=\"https:\/\/ruituostore.com\/wp-content\/uploads\/2019\/10\/Hb1e98e9979d94779b6b7b0a65c7783b2k_r3_c1-768x730.webp 768w, https:\/\/ruituostore.com\/wp-content\/uploads\/2019\/10\/Hb1e98e9979d94779b6b7b0a65c7783b2k_r3_c1-13x12.webp 13w, https:\/\/ruituostore.com\/wp-content\/uploads\/2019\/10\/Hb1e98e9979d94779b6b7b0a65c7783b2k_r3_c1-600x570.webp 600w, https:\/\/ruituostore.com\/wp-content\/uploads\/2019\/10\/Hb1e98e9979d94779b6b7b0a65c7783b2k_r3_c1.webp 790w\" sizes=\"(max-width: 790px) 100vw, 790px\" \/><br \/>\n<img decoding=\"async\" class=\"alignnone size-medium wp-image-3907\" src=\"https:\/\/ruituostore.com\/wp-content\/uploads\/2019\/10\/Hb1e98e9979d94779b6b7b0a65c7783b2k_r4_c1-413x455.webp\" alt=\"\" width=\"790\" height=\"1035\" srcset=\"https:\/\/ruituostore.com\/wp-content\/uploads\/2019\/10\/Hb1e98e9979d94779b6b7b0a65c7783b2k_r4_c1-768x1006.webp 768w, https:\/\/ruituostore.com\/wp-content\/uploads\/2019\/10\/Hb1e98e9979d94779b6b7b0a65c7783b2k_r4_c1-9x12.webp 9w, https:\/\/ruituostore.com\/wp-content\/uploads\/2019\/10\/Hb1e98e9979d94779b6b7b0a65c7783b2k_r4_c1-600x786.webp 600w, https:\/\/ruituostore.com\/wp-content\/uploads\/2019\/10\/Hb1e98e9979d94779b6b7b0a65c7783b2k_r4_c1.webp 790w\" sizes=\"(max-width: 790px) 100vw, 790px\" \/><br \/>\n<img decoding=\"async\" class=\"alignnone size-medium wp-image-3908\" src=\"https:\/\/ruituostore.com\/wp-content\/uploads\/2019\/10\/Hde189e5f73fe41829825a8f6dba3e9a79_r1_c1-413x455.webp\" alt=\"\" width=\"790\" height=\"1063\" srcset=\"https:\/\/ruituostore.com\/wp-content\/uploads\/2019\/10\/Hde189e5f73fe41829825a8f6dba3e9a79_r1_c1-768x1033.webp 768w, https:\/\/ruituostore.com\/wp-content\/uploads\/2019\/10\/Hde189e5f73fe41829825a8f6dba3e9a79_r1_c1-9x12.webp 9w, https:\/\/ruituostore.com\/wp-content\/uploads\/2019\/10\/Hde189e5f73fe41829825a8f6dba3e9a79_r1_c1-600x807.webp 600w, https:\/\/ruituostore.com\/wp-content\/uploads\/2019\/10\/Hde189e5f73fe41829825a8f6dba3e9a79_r1_c1.webp 790w\" sizes=\"(max-width: 790px) 100vw, 790px\" \/><br \/>\n<img decoding=\"async\" class=\"alignnone size-medium wp-image-3909\" src=\"https:\/\/ruituostore.com\/wp-content\/uploads\/2019\/10\/Hde189e5f73fe41829825a8f6dba3e9a79_r2_c1-413x455.webp\" alt=\"\" width=\"790\" height=\"1354\" srcset=\"https:\/\/ruituostore.com\/wp-content\/uploads\/2019\/10\/Hde189e5f73fe41829825a8f6dba3e9a79_r2_c1-768x1316.webp 768w, https:\/\/ruituostore.com\/wp-content\/uploads\/2019\/10\/Hde189e5f73fe41829825a8f6dba3e9a79_r2_c1-7x12.webp 7w, https:\/\/ruituostore.com\/wp-content\/uploads\/2019\/10\/Hde189e5f73fe41829825a8f6dba3e9a79_r2_c1-600x1028.webp 600w, https:\/\/ruituostore.com\/wp-content\/uploads\/2019\/10\/Hde189e5f73fe41829825a8f6dba3e9a79_r2_c1.webp 790w\" sizes=\"(max-width: 790px) 100vw, 790px\" \/><br \/>\n<img decoding=\"async\" class=\"alignnone size-medium wp-image-3910\" src=\"https:\/\/ruituostore.com\/wp-content\/uploads\/2019\/10\/Hde189e5f73fe41829825a8f6dba3e9a79_r3_c1-413x455.webp\" alt=\"\" width=\"790\" height=\"1188\" srcset=\"https:\/\/ruituostore.com\/wp-content\/uploads\/2019\/10\/Hde189e5f73fe41829825a8f6dba3e9a79_r3_c1-768x1155.webp 768w, https:\/\/ruituostore.com\/wp-content\/uploads\/2019\/10\/Hde189e5f73fe41829825a8f6dba3e9a79_r3_c1-8x12.webp 8w, https:\/\/ruituostore.com\/wp-content\/uploads\/2019\/10\/Hde189e5f73fe41829825a8f6dba3e9a79_r3_c1-600x902.webp 600w, https:\/\/ruituostore.com\/wp-content\/uploads\/2019\/10\/Hde189e5f73fe41829825a8f6dba3e9a79_r3_c1.webp 790w\" sizes=\"(max-width: 790px) 100vw, 790px\" \/><br \/>\n<img decoding=\"async\" class=\"alignnone size-medium wp-image-3911\" src=\"https:\/\/ruituostore.com\/wp-content\/uploads\/2019\/10\/Hde189e5f73fe41829825a8f6dba3e9a79_r4_c1-413x455.webp\" alt=\"\" width=\"790\" height=\"677\" srcset=\"https:\/\/ruituostore.com\/wp-content\/uploads\/2019\/10\/Hde189e5f73fe41829825a8f6dba3e9a79_r4_c1-768x658.webp 768w, https:\/\/ruituostore.com\/wp-content\/uploads\/2019\/10\/Hde189e5f73fe41829825a8f6dba3e9a79_r4_c1-14x12.webp 14w, https:\/\/ruituostore.com\/wp-content\/uploads\/2019\/10\/Hde189e5f73fe41829825a8f6dba3e9a79_r4_c1-600x514.webp 600w, https:\/\/ruituostore.com\/wp-content\/uploads\/2019\/10\/Hde189e5f73fe41829825a8f6dba3e9a79_r4_c1.webp 790w\" sizes=\"(max-width: 790px) 100vw, 790px\" \/><br \/>\n<img decoding=\"async\" class=\"alignnone size-medium wp-image-3912\" src=\"https:\/\/ruituostore.com\/wp-content\/uploads\/2019\/10\/Hde189e5f73fe41829825a8f6dba3e9a79_r6_c1-413x455.webp\" alt=\"\" width=\"790\" height=\"908\" srcset=\"https:\/\/ruituostore.com\/wp-content\/uploads\/2019\/10\/Hde189e5f73fe41829825a8f6dba3e9a79_r6_c1-768x883.webp 768w, https:\/\/ruituostore.com\/wp-content\/uploads\/2019\/10\/Hde189e5f73fe41829825a8f6dba3e9a79_r6_c1-10x12.webp 10w, https:\/\/ruituostore.com\/wp-content\/uploads\/2019\/10\/Hde189e5f73fe41829825a8f6dba3e9a79_r6_c1-600x690.webp 600w, https:\/\/ruituostore.com\/wp-content\/uploads\/2019\/10\/Hde189e5f73fe41829825a8f6dba3e9a79_r6_c1.webp 790w\" sizes=\"(max-width: 790px) 100vw, 790px\" \/><br \/>\n<img decoding=\"async\" class=\"alignnone size-medium wp-image-3913\" src=\"https:\/\/ruituostore.com\/wp-content\/uploads\/2019\/10\/Hde189e5f73fe41829825a8f6dba3e9a79_r7_c1-413x455.webp\" alt=\"\" width=\"790\" height=\"664\" srcset=\"https:\/\/ruituostore.com\/wp-content\/uploads\/2019\/10\/Hde189e5f73fe41829825a8f6dba3e9a79_r7_c1-768x646.webp 768w, https:\/\/ruituostore.com\/wp-content\/uploads\/2019\/10\/Hde189e5f73fe41829825a8f6dba3e9a79_r7_c1-14x12.webp 14w, https:\/\/ruituostore.com\/wp-content\/uploads\/2019\/10\/Hde189e5f73fe41829825a8f6dba3e9a79_r7_c1-600x504.webp 600w, https:\/\/ruituostore.com\/wp-content\/uploads\/2019\/10\/Hde189e5f73fe41829825a8f6dba3e9a79_r7_c1.webp 790w\" sizes=\"(max-width: 790px) 100vw, 790px\" \/><br \/>\n<img decoding=\"async\" class=\"alignnone size-medium wp-image-3914\" src=\"https:\/\/ruituostore.com\/wp-content\/uploads\/2019\/10\/Hde189e5f73fe41829825a8f6dba3e9a79_r8_c1-413x455.webp\" alt=\"\" width=\"790\" height=\"1193\" srcset=\"https:\/\/ruituostore.com\/wp-content\/uploads\/2019\/10\/Hde189e5f73fe41829825a8f6dba3e9a79_r8_c1-768x1160.webp 768w, https:\/\/ruituostore.com\/wp-content\/uploads\/2019\/10\/Hde189e5f73fe41829825a8f6dba3e9a79_r8_c1-8x12.webp 8w, https:\/\/ruituostore.com\/wp-content\/uploads\/2019\/10\/Hde189e5f73fe41829825a8f6dba3e9a79_r8_c1-600x906.webp 600w, https:\/\/ruituostore.com\/wp-content\/uploads\/2019\/10\/Hde189e5f73fe41829825a8f6dba3e9a79_r8_c1.webp 790w\" sizes=\"(max-width: 790px) 100vw, 790px\" \/><br \/>\n<a name=\"bottom\"><\/a><br \/>\nObtenga AHORA su presupuesto sin compromiso.<br \/>\n<div class=\"wpforms-container wpforms-container-full\" id=\"wpforms-1987\"><form id=\"wpforms-form-1987\" class=\"wpforms-validate wpforms-form wpforms-ajax-form\" data-formid=\"1987\" method=\"post\" enctype=\"multipart\/form-data\" action=\"\/es\/wp-json\/wp\/v2\/product\/868\" data-token=\"2d355e1d4d7acb088177e9a13c181d67\" data-token-time=\"1776079453\" data-trp-original-action=\"\/es\/wp-json\/wp\/v2\/product\/868\"><noscript class=\"wpforms-error-noscript\">Por favor, activa JavaScript en tu navegador para completar este formulario.<\/noscript><div class=\"wpforms-field-container\"><div id=\"wpforms-1987-field_0-container\" class=\"wpforms-field wpforms-field-name\" data-field-id=\"0\"><label class=\"wpforms-field-label\" for=\"wpforms-1987-field_0\">Nombre <span class=\"wpforms-required-label\">*<\/span><\/label><div class=\"wpforms-field-row wpforms-field-medium\"><div class=\"wpforms-field-row-block wpforms-first wpforms-one-half\"><input type=\"text\" id=\"wpforms-1987-field_0\" class=\"wpforms-field-name-first wpforms-field-required\" name=\"wpforms[fields][0][first]\" required><label for=\"wpforms-1987-field_0\" class=\"wpforms-field-sublabel after\">Nombre<\/label><\/div><div class=\"wpforms-field-row-block wpforms-one-half\"><input type=\"text\" id=\"wpforms-1987-field_0-last\" class=\"wpforms-field-name-last wpforms-field-required\" name=\"wpforms[fields][0][last]\" required><label for=\"wpforms-1987-field_0-last\" class=\"wpforms-field-sublabel after\">Apellidos<\/label><\/div><\/div><\/div><div id=\"wpforms-1987-field_1-container\" class=\"wpforms-field wpforms-field-email\" data-field-id=\"1\"><label class=\"wpforms-field-label\" for=\"wpforms-1987-field_1\">Correo electr\u00f3nico <span class=\"wpforms-required-label\">*<\/span><\/label><input type=\"email\" id=\"wpforms-1987-field_1\" class=\"wpforms-field-medium wpforms-field-required\" name=\"wpforms[fields][1]\" spellcheck=\"false\" required><\/div><div id=\"wpforms-1987-field_2-container\" class=\"wpforms-field wpforms-field-textarea\" data-field-id=\"2\"><label class=\"wpforms-field-label\" for=\"wpforms-1987-field_2\">Mensaje <span class=\"wpforms-required-label\">*<\/span><\/label><textarea id=\"wpforms-1987-field_2\" class=\"wpforms-field-medium wpforms-field-required\" name=\"wpforms[fields][2]\" required><\/textarea><\/div><div id=\"wpforms-1987-field_8-container\" class=\"wpforms-field wpforms-field-captcha\" data-field-id=\"8\"><label class=\"wpforms-field-label\" for=\"wpforms-1987-field_8\">Custom Captcha <span class=\"wpforms-required-label\">*<\/span><\/label>\t\t\t<div class=\"wpforms-captcha-math\">\n\t\t\t\t<span id=\"wpforms-1987-field_8-question\" class=\"wpforms-captcha-equation\">\n\t\t\t\t\t<span class=\"n1\">12<\/span>\n\t\t\t\t\t\t\t<span class=\"cal\">+<\/span>\n\t\t\t\t\t\t\t<span class=\"n2\">8<\/span>\t\t\t\t\t<span class=\"e\">=<\/span>\n\t\t\t\t<\/span>\n\t\t\t\t<input type=\"text\" id=\"wpforms-1987-field_8\" class=\"wpforms-field-medium wpforms-field-required a\" data-rule-wpf-captcha=\"math\" data-is-wrapped-field=\"1\" name=\"wpforms[fields][8][a]\" aria-describedby=\"wpforms-1987-field_8-question\" required>\t\t\t\t<input type=\"hidden\" name=\"wpforms[fields][8][cal]\" class=\"cal\">\n\t\t\t\t<input type=\"hidden\" name=\"wpforms[fields][8][n2]\" class=\"n2\">\n\t\t\t\t<input type=\"hidden\" name=\"wpforms[fields][8][n1]\" class=\"n1\">\n\t\t\t<\/div>\n\t\t\t<\/div><\/div><!-- .wpforms-field-container --><div class=\"wpforms-submit-container\" ><input type=\"hidden\" name=\"wpforms[id]\" value=\"1987\"><input type=\"hidden\" name=\"page_title\" value=\"\"><input type=\"hidden\" name=\"page_url\" value=\"https:\/\/ruituostore.com\/es\/wp-json\/wp\/v2\/product\/868\"><button type=\"submit\" name=\"wpforms[submit]\" id=\"wpforms-submit-1987\" class=\"wpforms-submit\" data-alt-text=\"Sending...\" data-submit-text=\"Submit\" aria-live=\"assertive\" value=\"wpforms-submit\">Enviar<\/button><img decoding=\"async\" src=\"https:\/\/ruituostore.com\/wp-content\/plugins\/wpforms\/assets\/images\/submit-spin.svg\" class=\"wpforms-submit-spinner\" style=\"display: none;\" width=\"26\" height=\"26\" alt=\"Cargando\"><\/div><input type=\"hidden\" name=\"trp-form-language\" value=\"es\"\/><\/form><\/div>  <!-- .wpforms-container --><\/h3>","protected":false},"excerpt":{"rendered":"<h2>Estaci\u00f3n de carga de suelo de CC personalizable para veh\u00edculos el\u00e9ctricos<\/h2>\n[video width=\"1920\" height=\"1080\" mp4=\"https:\/\/ruituostore.com\/wp-content\/uploads\/2019\/10\/customizable-dc-floor-stand-charging-station-for-ev-car115.mp4\"][\/video]\n<div style=\"text-align: center\"><\/div>\n<h4><\/h4>\n<p><a href=\"mailto:info@ruituostore.com\"><img decoding=\"async\" class=\"alignnone size-full wp-image-3873\" src=\"https:\/\/ruituostore.com\/wp-content\/uploads\/2019\/10\/ruituostorenewenergy434343.webp\" alt=\"\" width=\"150\" height=\"45\" srcset=\"https:\/\/ruituostore.com\/wp-content\/uploads\/2019\/10\/ruituostorenewenergy434343.webp 150w, https:\/\/ruituostore.com\/wp-content\/uploads\/2019\/10\/ruituostorenewenergy434343-18x5.webp 18w\" sizes=\"(max-width: 150px) 100vw, 150px\" \/><\/a><\/p>","protected":false},"featured_media":3915,"comment_status":"closed","ping_status":"closed","template":"","meta":[],"product_cat":[29],"product_tag":[207],"class_list":["post-868","product","type-product","status-publish","has-post-thumbnail","hentry","product_cat-ev-charging","product_tag-dc-charging"],"_links":{"self":[{"href":"https:\/\/ruituostore.com\/es\/wp-json\/wp\/v2\/product\/868","targetHints":{"allow":["GET"]}}],"collection":[{"href":"https:\/\/ruituostore.com\/es\/wp-json\/wp\/v2\/product"}],"about":[{"href":"https:\/\/ruituostore.com\/es\/wp-json\/wp\/v2\/types\/product"}],"replies":[{"embeddable":true,"href":"https:\/\/ruituostore.com\/es\/wp-json\/wp\/v2\/comments?post=868"}],"wp:featuredmedia":[{"embeddable":true,"href":"https:\/\/ruituostore.com\/es\/wp-json\/wp\/v2\/media\/3915"}],"wp:attachment":[{"href":"https:\/\/ruituostore.com\/es\/wp-json\/wp\/v2\/media?parent=868"}],"wp:term":[{"taxonomy":"product_cat","embeddable":true,"href":"https:\/\/ruituostore.com\/es\/wp-json\/wp\/v2\/product_cat?post=868"},{"taxonomy":"product_tag","embeddable":true,"href":"https:\/\/ruituostore.com\/es\/wp-json\/wp\/v2\/product_tag?post=868"}],"curies":[{"name":"wp","href":"https:\/\/api.w.org\/{rel}","templated":true}]}}