{"id":4357,"date":"2023-12-12T06:02:57","date_gmt":"2023-12-12T06:02:57","guid":{"rendered":"https:\/\/ruituostore.com\/?post_type=product&#038;p=4357"},"modified":"2024-01-10T07:35:52","modified_gmt":"2024-01-10T07:35:52","slug":"4357","status":"publish","type":"product","link":"https:\/\/ruituostore.com\/fr\/produit\/4357\/","title":{"rendered":"Chargeur portable pour voiture \u00e9lectrique"},"content":{"rendered":"<h4><\/h4>\n\n<table id=\"tablepress-18\" class=\"tablepress tablepress-id-18\">\n<tbody class=\"row-hover\">\n<tr class=\"row-1 odd\">\n\t<td class=\"column-1\">Mod\u00e8le<\/td><td class=\"column-2\">RTSKEV32N<\/td>\n<\/tr>\n<tr class=\"row-2 even\">\n\t<td class=\"column-1\">Nom du produit<\/td><td class=\"column-2\">Pile de recharge portable pour voitures \u00e9lectriques<\/td>\n<\/tr>\n<tr class=\"row-3 odd\">\n\t<td class=\"column-1\">Mode de chargement<\/td><td class=\"column-2\">Mode 2 IEC 62752 par TUV<\/td>\n<\/tr>\n<tr class=\"row-4 even\">\n\t<td class=\"column-1\">Courant nominal<\/td><td class=\"column-2\">D\u00e9faut 32A (r\u00e9glable 13\/16\/20\/32A)<\/td>\n<\/tr>\n<tr class=\"row-5 odd\">\n\t<td class=\"column-1\">Entr\u00e9e<\/td><td class=\"column-2\">85V-480V<\/td>\n<\/tr>\n<tr class=\"row-6 even\">\n\t<td class=\"column-1\">Sortie<\/td><td class=\"column-2\">85V-480V<\/td>\n<\/tr>\n<tr class=\"row-7 odd\">\n\t<td class=\"column-1\">Longueur du c\u00e2ble<\/td><td class=\"column-2\">5M ou sur mesure<\/td>\n<\/tr>\n<tr class=\"row-8 even\">\n\t<td class=\"column-1\">R\u00e9sistance d'isolation (c\u00e2ble)<\/td><td class=\"column-2\">&gt;1000M\u03a9 (DC500V)<\/td>\n<\/tr>\n<tr class=\"row-9 odd\">\n\t<td class=\"column-1\">R\u00e9sistance des contacts<\/td><td class=\"column-2\">0,5m\u03a9 MAX<\/td>\n<\/tr>\n<tr class=\"row-10 even\">\n\t<td class=\"column-1\">Temp\u00e9rature de fonctionnement<\/td><td class=\"column-2\">-20\u2103~60 \u2103<\/td>\n<\/tr>\n<tr class=\"row-11 odd\">\n\t<td class=\"column-1\">Classe d'\u00e9tanch\u00e9it\u00e9<\/td><td class=\"column-2\">IP55 (accouplement)<\/td>\n<\/tr>\n<tr class=\"row-12 even\">\n\t<td class=\"column-1\">Coque en plastique<\/td><td class=\"column-2\">Plastique thermoplastique<\/td>\n<\/tr>\n<\/tbody>\n<\/table>\n<!-- #tablepress-18 from cache -->\n<h3><img decoding=\"async\" class=\"alignnone size-medium wp-image-4360\" src=\"https:\/\/ruituostore.com\/wp-content\/uploads\/2023\/12\/portable-AC-charger-for-ev-car-charging2_r1_c1-413x455.webp\" alt=\"\" width=\"790\" height=\"790\" srcset=\"https:\/\/ruituostore.com\/wp-content\/uploads\/2023\/12\/portable-AC-charger-for-ev-car-charging2_r1_c1-300x300.webp 300w, https:\/\/ruituostore.com\/wp-content\/uploads\/2023\/12\/portable-AC-charger-for-ev-car-charging2_r1_c1-768x768.webp 768w, https:\/\/ruituostore.com\/wp-content\/uploads\/2023\/12\/portable-AC-charger-for-ev-car-charging2_r1_c1-480x480.webp 480w, https:\/\/ruituostore.com\/wp-content\/uploads\/2023\/12\/portable-AC-charger-for-ev-car-charging2_r1_c1-160x160.webp 160w, https:\/\/ruituostore.com\/wp-content\/uploads\/2023\/12\/portable-AC-charger-for-ev-car-charging2_r1_c1-12x12.webp 12w, https:\/\/ruituostore.com\/wp-content\/uploads\/2023\/12\/portable-AC-charger-for-ev-car-charging2_r1_c1-600x600.webp 600w, https:\/\/ruituostore.com\/wp-content\/uploads\/2023\/12\/portable-AC-charger-for-ev-car-charging2_r1_c1.webp 790w\" sizes=\"(max-width: 790px) 100vw, 790px\" \/><br \/>\n<img decoding=\"async\" class=\"alignnone size-medium wp-image-4361\" src=\"https:\/\/ruituostore.com\/wp-content\/uploads\/2023\/12\/portable-AC-charger-for-ev-car-charging2_r2_c1-413x455.webp\" alt=\"\" width=\"790\" height=\"790\" srcset=\"https:\/\/ruituostore.com\/wp-content\/uploads\/2023\/12\/portable-AC-charger-for-ev-car-charging2_r2_c1-300x300.webp 300w, https:\/\/ruituostore.com\/wp-content\/uploads\/2023\/12\/portable-AC-charger-for-ev-car-charging2_r2_c1-768x768.webp 768w, https:\/\/ruituostore.com\/wp-content\/uploads\/2023\/12\/portable-AC-charger-for-ev-car-charging2_r2_c1-480x480.webp 480w, https:\/\/ruituostore.com\/wp-content\/uploads\/2023\/12\/portable-AC-charger-for-ev-car-charging2_r2_c1-160x160.webp 160w, https:\/\/ruituostore.com\/wp-content\/uploads\/2023\/12\/portable-AC-charger-for-ev-car-charging2_r2_c1-12x12.webp 12w, https:\/\/ruituostore.com\/wp-content\/uploads\/2023\/12\/portable-AC-charger-for-ev-car-charging2_r2_c1-600x600.webp 600w, https:\/\/ruituostore.com\/wp-content\/uploads\/2023\/12\/portable-AC-charger-for-ev-car-charging2_r2_c1.webp 790w\" sizes=\"(max-width: 790px) 100vw, 790px\" \/><br \/>\n<img decoding=\"async\" class=\"alignnone size-medium wp-image-4362\" src=\"https:\/\/ruituostore.com\/wp-content\/uploads\/2023\/12\/portable-AC-charger-for-ev-car-charging2_r3_c1-413x455.webp\" alt=\"\" width=\"790\" height=\"790\" srcset=\"https:\/\/ruituostore.com\/wp-content\/uploads\/2023\/12\/portable-AC-charger-for-ev-car-charging2_r3_c1-300x300.webp 300w, https:\/\/ruituostore.com\/wp-content\/uploads\/2023\/12\/portable-AC-charger-for-ev-car-charging2_r3_c1-768x768.webp 768w, https:\/\/ruituostore.com\/wp-content\/uploads\/2023\/12\/portable-AC-charger-for-ev-car-charging2_r3_c1-480x480.webp 480w, https:\/\/ruituostore.com\/wp-content\/uploads\/2023\/12\/portable-AC-charger-for-ev-car-charging2_r3_c1-160x160.webp 160w, https:\/\/ruituostore.com\/wp-content\/uploads\/2023\/12\/portable-AC-charger-for-ev-car-charging2_r3_c1-12x12.webp 12w, https:\/\/ruituostore.com\/wp-content\/uploads\/2023\/12\/portable-AC-charger-for-ev-car-charging2_r3_c1-600x600.webp 600w, https:\/\/ruituostore.com\/wp-content\/uploads\/2023\/12\/portable-AC-charger-for-ev-car-charging2_r3_c1.webp 790w\" sizes=\"(max-width: 790px) 100vw, 790px\" \/><br \/>\n<img decoding=\"async\" class=\"alignnone size-medium wp-image-4363\" src=\"https:\/\/ruituostore.com\/wp-content\/uploads\/2023\/12\/portable-AC-charger-for-ev-car-charging2_r4_c1-413x455.webp\" alt=\"\" width=\"790\" height=\"790\" srcset=\"https:\/\/ruituostore.com\/wp-content\/uploads\/2023\/12\/portable-AC-charger-for-ev-car-charging2_r4_c1-300x300.webp 300w, https:\/\/ruituostore.com\/wp-content\/uploads\/2023\/12\/portable-AC-charger-for-ev-car-charging2_r4_c1-768x768.webp 768w, https:\/\/ruituostore.com\/wp-content\/uploads\/2023\/12\/portable-AC-charger-for-ev-car-charging2_r4_c1-480x480.webp 480w, https:\/\/ruituostore.com\/wp-content\/uploads\/2023\/12\/portable-AC-charger-for-ev-car-charging2_r4_c1-160x160.webp 160w, https:\/\/ruituostore.com\/wp-content\/uploads\/2023\/12\/portable-AC-charger-for-ev-car-charging2_r4_c1-12x12.webp 12w, https:\/\/ruituostore.com\/wp-content\/uploads\/2023\/12\/portable-AC-charger-for-ev-car-charging2_r4_c1-600x600.webp 600w, https:\/\/ruituostore.com\/wp-content\/uploads\/2023\/12\/portable-AC-charger-for-ev-car-charging2_r4_c1.webp 790w\" sizes=\"(max-width: 790px) 100vw, 790px\" \/><br \/>\n<img decoding=\"async\" class=\"alignnone size-medium wp-image-4377\" src=\"https:\/\/ruituostore.com\/wp-content\/uploads\/2023\/12\/Hf54d790cae6949c2b4046ca42848063dK-413x455.webp\" alt=\"\" width=\"790\" height=\"790\" srcset=\"https:\/\/ruituostore.com\/wp-content\/uploads\/2023\/12\/Hf54d790cae6949c2b4046ca42848063dK-300x300.webp 300w, https:\/\/ruituostore.com\/wp-content\/uploads\/2023\/12\/Hf54d790cae6949c2b4046ca42848063dK-768x768.webp 768w, https:\/\/ruituostore.com\/wp-content\/uploads\/2023\/12\/Hf54d790cae6949c2b4046ca42848063dK-480x480.webp 480w, https:\/\/ruituostore.com\/wp-content\/uploads\/2023\/12\/Hf54d790cae6949c2b4046ca42848063dK-160x160.webp 160w, https:\/\/ruituostore.com\/wp-content\/uploads\/2023\/12\/Hf54d790cae6949c2b4046ca42848063dK-12x12.webp 12w, https:\/\/ruituostore.com\/wp-content\/uploads\/2023\/12\/Hf54d790cae6949c2b4046ca42848063dK-600x600.webp 600w, https:\/\/ruituostore.com\/wp-content\/uploads\/2023\/12\/Hf54d790cae6949c2b4046ca42848063dK.webp 790w\" sizes=\"(max-width: 790px) 100vw, 790px\" \/><br \/>\n<a name=\"bottom\"><\/a><br \/>\nObtenez un devis sans engagement d\u00e8s maintenant.<br \/>\n<div class=\"wpforms-container wpforms-container-full\" id=\"wpforms-1987\"><form id=\"wpforms-form-1987\" class=\"wpforms-validate wpforms-form wpforms-ajax-form\" data-formid=\"1987\" method=\"post\" enctype=\"multipart\/form-data\" action=\"\/fr\/wp-json\/wp\/v2\/product\/4357\" data-token=\"c1ddcd03515325e306e988d3708e9a79\" data-token-time=\"1779029344\" data-trp-original-action=\"\/fr\/wp-json\/wp\/v2\/product\/4357\"><noscript class=\"wpforms-error-noscript\">Veuillez activer JavaScript dans votre navigateur pour remplir ce formulaire.<\/noscript><div class=\"wpforms-field-container\"><div id=\"wpforms-1987-field_0-container\" class=\"wpforms-field wpforms-field-name\" data-field-id=\"0\"><label class=\"wpforms-field-label\" for=\"wpforms-1987-field_0\">Nom <span class=\"wpforms-required-label\">*<\/span><\/label><div class=\"wpforms-field-row wpforms-field-medium\"><div class=\"wpforms-field-row-block wpforms-first wpforms-one-half\"><input type=\"text\" id=\"wpforms-1987-field_0\" class=\"wpforms-field-name-first wpforms-field-required\" name=\"wpforms[fields][0][first]\" required><label for=\"wpforms-1987-field_0\" class=\"wpforms-field-sublabel after\">Pr\u00e9nom<\/label><\/div><div class=\"wpforms-field-row-block wpforms-one-half\"><input type=\"text\" id=\"wpforms-1987-field_0-last\" class=\"wpforms-field-name-last wpforms-field-required\" name=\"wpforms[fields][0][last]\" required><label for=\"wpforms-1987-field_0-last\" class=\"wpforms-field-sublabel after\">Nom<\/label><\/div><\/div><\/div><div id=\"wpforms-1987-field_1-container\" class=\"wpforms-field wpforms-field-email\" data-field-id=\"1\"><label class=\"wpforms-field-label\" for=\"wpforms-1987-field_1\">Courriel <span class=\"wpforms-required-label\">*<\/span><\/label><input type=\"email\" id=\"wpforms-1987-field_1\" class=\"wpforms-field-medium wpforms-field-required\" name=\"wpforms[fields][1]\" spellcheck=\"false\" required><\/div><div id=\"wpforms-1987-field_2-container\" class=\"wpforms-field wpforms-field-textarea\" data-field-id=\"2\"><label class=\"wpforms-field-label\" for=\"wpforms-1987-field_2\">Message <span class=\"wpforms-required-label\">*<\/span><\/label><textarea id=\"wpforms-1987-field_2\" class=\"wpforms-field-medium wpforms-field-required\" name=\"wpforms[fields][2]\" required><\/textarea><\/div><div id=\"wpforms-1987-field_8-container\" class=\"wpforms-field wpforms-field-captcha\" data-field-id=\"8\"><label class=\"wpforms-field-label\" for=\"wpforms-1987-field_8\">Custom Captcha <span class=\"wpforms-required-label\">*<\/span><\/label>\t\t\t<div class=\"wpforms-captcha-math\">\n\t\t\t\t<span id=\"wpforms-1987-field_8-question\" class=\"wpforms-captcha-equation\">\n\t\t\t\t\t<span class=\"n1\">11<\/span>\n\t\t\t\t\t\t\t<span class=\"cal\">*<\/span>\n\t\t\t\t\t\t\t<span class=\"n2\">10<\/span>\t\t\t\t\t<span class=\"e\">=<\/span>\n\t\t\t\t<\/span>\n\t\t\t\t<input type=\"text\" id=\"wpforms-1987-field_8\" class=\"wpforms-field-medium wpforms-field-required a\" data-rule-wpf-captcha=\"math\" data-is-wrapped-field=\"1\" name=\"wpforms[fields][8][a]\" aria-describedby=\"wpforms-1987-field_8-question\" required>\t\t\t\t<input type=\"hidden\" name=\"wpforms[fields][8][cal]\" class=\"cal\">\n\t\t\t\t<input type=\"hidden\" name=\"wpforms[fields][8][n2]\" class=\"n2\">\n\t\t\t\t<input type=\"hidden\" name=\"wpforms[fields][8][n1]\" class=\"n1\">\n\t\t\t<\/div>\n\t\t\t<\/div><\/div><!-- .wpforms-field-container --><div class=\"wpforms-submit-container\" ><input type=\"hidden\" name=\"wpforms[id]\" value=\"1987\"><input type=\"hidden\" name=\"page_title\" value=\"\"><input type=\"hidden\" name=\"page_url\" value=\"https:\/\/ruituostore.com\/fr\/wp-json\/wp\/v2\/product\/4357\"><button type=\"submit\" name=\"wpforms[submit]\" id=\"wpforms-submit-1987\" class=\"wpforms-submit\" data-alt-text=\"Sending...\" data-submit-text=\"Submit\" aria-live=\"assertive\" value=\"wpforms-submit\">Soumettre<\/button><img decoding=\"async\" src=\"https:\/\/ruituostore.com\/wp-content\/plugins\/wpforms\/assets\/images\/submit-spin.svg\" class=\"wpforms-submit-spinner\" style=\"display: none;\" width=\"26\" height=\"26\" alt=\"Chargement en cours\"><\/div><input type=\"hidden\" name=\"trp-form-language\" value=\"fr\"\/><\/form><\/div>  <!-- .wpforms-container --><\/h3>","protected":false},"excerpt":{"rendered":"<h2>Chargeur portable pour voiture \u00e9lectrique<\/h2>\n<h4>2023 wholesale 22kw 16-32A new design<br \/>\nVente \u00e0 chaud Haute performance<br \/>\nPour les c\u00e2bles de recharge des voitures \u00e9lectriques triphas\u00e9es<br \/>\nUne gamme de produits pour chaque besoin<br \/>\n10000 unit\u00e9s\/unit\u00e9s par mois<br \/>\nEcran led olcd \u00e0 courant r\u00e9glable pile de charge portable CE ev<\/h4>\n<p><a href=\"mailto:info@ruituostore.com\"><img decoding=\"async\" src=\"https:\/\/ruituostore.com\/wp-content\/uploads\/2019\/10\/ruituostorenewenergy434343.webp\" alt=\"\" width=\"150\" height=\"43\" \/><\/a><\/p>","protected":false},"featured_media":4359,"comment_status":"closed","ping_status":"closed","template":"","meta":[],"product_cat":[29],"product_tag":[219],"class_list":["post-4357","product","type-product","status-publish","has-post-thumbnail","hentry","product_cat-ev-charging","product_tag-portable-charging"],"yoast_head":"<!-- This site is optimized with the Yoast SEO Premium plugin v21.5 (Yoast SEO v27.4) - https:\/\/yoast.com\/product\/yoast-seo-premium-wordpress\/ -->\n<title>Portable AC charger for ev car charging - RuiTuo New Energy<\/title>\n<meta name=\"description\" content=\"Discover the ultimate convenience and versatility with our portable AC charger for EV car charging. Whether you&#039;re at home, work, or on a road trip, this charger offers a compact and easy-to-use solution for powering up your electric vehicle. With its portable design and compatibility with various charging standards, enjoy the freedom of charging your EV wherever you are. Invest in our portable AC charger and never worry about running out of power again.\" \/>\n<meta name=\"robots\" content=\"index, follow, max-snippet:-1, max-image-preview:large, max-video-preview:-1\" \/>\n<link rel=\"canonical\" href=\"https:\/\/ruituostore.com\/fr\/produit\/4357\/\" \/>\n<meta property=\"og:locale\" content=\"fr_FR\" \/>\n<meta property=\"og:type\" content=\"article\" \/>\n<meta property=\"og:title\" content=\"Portable AC charger for ev car charging\" \/>\n<meta property=\"og:description\" content=\"Discover the ultimate convenience and versatility with our portable AC charger for EV car charging. Whether you&#039;re at home, work, or on a road trip, this charger offers a compact and easy-to-use solution for powering up your electric vehicle. With its portable design and compatibility with various charging standards, enjoy the freedom of charging your EV wherever you are. Invest in our portable AC charger and never worry about running out of power again.\" \/>\n<meta property=\"og:url\" content=\"https:\/\/ruituostore.com\/fr\/produit\/4357\/\" \/>\n<meta property=\"og:site_name\" content=\"RuiTuo New Energy\" \/>\n<meta property=\"article:modified_time\" content=\"2024-01-10T07:35:52+00:00\" \/>\n<meta property=\"og:image\" content=\"https:\/\/ruituostore.com\/wp-content\/uploads\/2023\/12\/202312121009251.webp\" \/>\n\t<meta property=\"og:image:width\" content=\"541\" \/>\n\t<meta property=\"og:image:height\" content=\"541\" \/>\n\t<meta property=\"og:image:type\" content=\"image\/webp\" \/>\n<meta name=\"twitter:card\" content=\"summary_large_image\" \/>\n<meta name=\"twitter:label1\" content=\"Prix\" \/>\n\t<meta name=\"twitter:data1\" content=\"\" \/>\n\t<meta name=\"twitter:label2\" content=\"Availability\" \/>\n\t<meta name=\"twitter:data2\" content=\"In stock\" \/>\n<script type=\"application\/ld+json\" class=\"yoast-schema-graph\">{\"@context\":\"https:\\\/\\\/schema.org\",\"@graph\":[{\"@type\":\"WebPage\",\"@id\":\"https:\\\/\\\/ruituostore.com\\\/product\\\/4357\\\/\",\"url\":\"https:\\\/\\\/ruituostore.com\\\/product\\\/4357\\\/\",\"name\":\"Portable AC charger for ev car charging - RuiTuo New Energy\",\"isPartOf\":{\"@id\":\"https:\\\/\\\/ruituostore.com\\\/#website\"},\"primaryImageOfPage\":{\"@id\":\"https:\\\/\\\/ruituostore.com\\\/product\\\/4357\\\/#primaryimage\"},\"image\":{\"@id\":\"https:\\\/\\\/ruituostore.com\\\/product\\\/4357\\\/#primaryimage\"},\"thumbnailUrl\":\"https:\\\/\\\/ruituostore.com\\\/wp-content\\\/uploads\\\/2023\\\/12\\\/202312121009251.webp\",\"datePublished\":\"2023-12-12T06:02:57+00:00\",\"dateModified\":\"2024-01-10T07:35:52+00:00\",\"description\":\"Discover the ultimate convenience and versatility with our portable AC charger for EV car charging. Whether you're at home, work, or on a road trip, this charger offers a compact and easy-to-use solution for powering up your electric vehicle. With its portable design and compatibility with various charging standards, enjoy the freedom of charging your EV wherever you are. Invest in our portable AC charger and never worry about running out of power again.\",\"breadcrumb\":{\"@id\":\"https:\\\/\\\/ruituostore.com\\\/product\\\/4357\\\/#breadcrumb\"},\"inLanguage\":\"fr-FR\",\"potentialAction\":[{\"@type\":\"ReadAction\",\"target\":[\"https:\\\/\\\/ruituostore.com\\\/product\\\/4357\\\/\"]}]},{\"@type\":\"ImageObject\",\"inLanguage\":\"fr-FR\",\"@id\":\"https:\\\/\\\/ruituostore.com\\\/product\\\/4357\\\/#primaryimage\",\"url\":\"https:\\\/\\\/ruituostore.com\\\/wp-content\\\/uploads\\\/2023\\\/12\\\/202312121009251.webp\",\"contentUrl\":\"https:\\\/\\\/ruituostore.com\\\/wp-content\\\/uploads\\\/2023\\\/12\\\/202312121009251.webp\",\"width\":541,\"height\":541},{\"@type\":\"BreadcrumbList\",\"@id\":\"https:\\\/\\\/ruituostore.com\\\/product\\\/4357\\\/#breadcrumb\",\"itemListElement\":[{\"@type\":\"ListItem\",\"position\":1,\"name\":\"Home\",\"item\":\"https:\\\/\\\/ruituostore.com\\\/\"},{\"@type\":\"ListItem\",\"position\":2,\"name\":\"Products\",\"item\":\"https:\\\/\\\/ruituostore.com\\\/products\\\/\"},{\"@type\":\"ListItem\",\"position\":3,\"name\":\"Portable AC charger for ev car charging\"}]},{\"@type\":\"WebSite\",\"@id\":\"https:\\\/\\\/ruituostore.com\\\/#website\",\"url\":\"https:\\\/\\\/ruituostore.com\\\/\",\"name\":\"RuiTuo New Energy\",\"description\":\"Professional manufacturer of energy storage systems\",\"publisher\":{\"@id\":\"https:\\\/\\\/ruituostore.com\\\/#organization\"},\"potentialAction\":[{\"@type\":\"SearchAction\",\"target\":{\"@type\":\"EntryPoint\",\"urlTemplate\":\"https:\\\/\\\/ruituostore.com\\\/?s={search_term_string}\"},\"query-input\":{\"@type\":\"PropertyValueSpecification\",\"valueRequired\":true,\"valueName\":\"search_term_string\"}}],\"inLanguage\":\"fr-FR\"},{\"@type\":[\"Organization\",\"Place\"],\"@id\":\"https:\\\/\\\/ruituostore.com\\\/#organization\",\"name\":\"Anhui Ruituo New Energy Technology Co., LTD.\",\"alternateName\":\"Ruituo\",\"url\":\"https:\\\/\\\/ruituostore.com\\\/\",\"logo\":{\"@id\":\"https:\\\/\\\/ruituostore.com\\\/product\\\/4357\\\/#local-main-organization-logo\"},\"image\":{\"@id\":\"https:\\\/\\\/ruituostore.com\\\/product\\\/4357\\\/#local-main-organization-logo\"},\"openingHoursSpecification\":[{\"@type\":\"OpeningHoursSpecification\",\"dayOfWeek\":[\"Monday\",\"Tuesday\",\"Wednesday\",\"Thursday\",\"Friday\",\"Saturday\",\"Sunday\"],\"opens\":\"09:00\",\"closes\":\"17:00\"}]},{\"@type\":\"ImageObject\",\"inLanguage\":\"fr-FR\",\"@id\":\"https:\\\/\\\/ruituostore.com\\\/product\\\/4357\\\/#local-main-organization-logo\",\"url\":\"https:\\\/\\\/ruituostore.com\\\/wp-content\\\/uploads\\\/2023\\\/12\\\/RUITUO_logo.jpg\",\"contentUrl\":\"https:\\\/\\\/ruituostore.com\\\/wp-content\\\/uploads\\\/2023\\\/12\\\/RUITUO_logo.jpg\",\"width\":696,\"height\":696,\"caption\":\"Anhui Ruituo New Energy Technology Co., LTD.\"}]}<\/script>\n<meta property=\"product:price:amount\" content=\"0.00\" \/>\n<meta property=\"product:price:currency\" content=\"USD\" \/>\n<meta property=\"og:availability\" content=\"instock\" \/>\n<meta property=\"product:availability\" content=\"instock\" \/>\n<meta property=\"product:condition\" content=\"new\" \/>\n<!-- \/ Yoast SEO Premium plugin. -->","yoast_head_json":{"title":"Portable AC charger for ev car charging - RuiTuo New Energy","description":"Discover the ultimate convenience and versatility with our portable AC charger for EV car charging. Whether you're at home, work, or on a road trip, this charger offers a compact and easy-to-use solution for powering up your electric vehicle. With its portable design and compatibility with various charging standards, enjoy the freedom of charging your EV wherever you are. Invest in our portable AC charger and never worry about running out of power again.","robots":{"index":"index","follow":"follow","max-snippet":"max-snippet:-1","max-image-preview":"max-image-preview:large","max-video-preview":"max-video-preview:-1"},"canonical":"https:\/\/ruituostore.com\/fr\/produit\/4357\/","og_locale":"fr_FR","og_type":"article","og_title":"Portable AC charger for ev car charging","og_description":"Discover the ultimate convenience and versatility with our portable AC charger for EV car charging. Whether you're at home, work, or on a road trip, this charger offers a compact and easy-to-use solution for powering up your electric vehicle. With its portable design and compatibility with various charging standards, enjoy the freedom of charging your EV wherever you are. Invest in our portable AC charger and never worry about running out of power again.","og_url":"https:\/\/ruituostore.com\/fr\/produit\/4357\/","og_site_name":"RuiTuo New Energy","article_modified_time":"2024-01-10T07:35:52+00:00","og_image":[{"width":541,"height":541,"url":"https:\/\/ruituostore.com\/wp-content\/uploads\/2023\/12\/202312121009251.webp","type":"image\/webp"}],"twitter_card":"summary_large_image","twitter_misc":{"Prix":"","Availability":"In stock"},"schema":{"@context":"https:\/\/schema.org","@graph":[{"@type":"WebPage","@id":"https:\/\/ruituostore.com\/product\/4357\/","url":"https:\/\/ruituostore.com\/product\/4357\/","name":"Portable AC charger for ev car charging - RuiTuo New Energy","isPartOf":{"@id":"https:\/\/ruituostore.com\/#website"},"primaryImageOfPage":{"@id":"https:\/\/ruituostore.com\/product\/4357\/#primaryimage"},"image":{"@id":"https:\/\/ruituostore.com\/product\/4357\/#primaryimage"},"thumbnailUrl":"https:\/\/ruituostore.com\/wp-content\/uploads\/2023\/12\/202312121009251.webp","datePublished":"2023-12-12T06:02:57+00:00","dateModified":"2024-01-10T07:35:52+00:00","description":"Discover the ultimate convenience and versatility with our portable AC charger for EV car charging. Whether you're at home, work, or on a road trip, this charger offers a compact and easy-to-use solution for powering up your electric vehicle. With its portable design and compatibility with various charging standards, enjoy the freedom of charging your EV wherever you are. Invest in our portable AC charger and never worry about running out of power again.","breadcrumb":{"@id":"https:\/\/ruituostore.com\/product\/4357\/#breadcrumb"},"inLanguage":"fr-FR","potentialAction":[{"@type":"ReadAction","target":["https:\/\/ruituostore.com\/product\/4357\/"]}]},{"@type":"ImageObject","inLanguage":"fr-FR","@id":"https:\/\/ruituostore.com\/product\/4357\/#primaryimage","url":"https:\/\/ruituostore.com\/wp-content\/uploads\/2023\/12\/202312121009251.webp","contentUrl":"https:\/\/ruituostore.com\/wp-content\/uploads\/2023\/12\/202312121009251.webp","width":541,"height":541},{"@type":"BreadcrumbList","@id":"https:\/\/ruituostore.com\/product\/4357\/#breadcrumb","itemListElement":[{"@type":"ListItem","position":1,"name":"Home","item":"https:\/\/ruituostore.com\/"},{"@type":"ListItem","position":2,"name":"Products","item":"https:\/\/ruituostore.com\/products\/"},{"@type":"ListItem","position":3,"name":"Portable AC charger for ev car charging"}]},{"@type":"WebSite","@id":"https:\/\/ruituostore.com\/#website","url":"https:\/\/ruituostore.com\/","name":"RuiTuo New Energy","description":"Professional manufacturer of energy storage systems","publisher":{"@id":"https:\/\/ruituostore.com\/#organization"},"potentialAction":[{"@type":"SearchAction","target":{"@type":"EntryPoint","urlTemplate":"https:\/\/ruituostore.com\/?s={search_term_string}"},"query-input":{"@type":"PropertyValueSpecification","valueRequired":true,"valueName":"search_term_string"}}],"inLanguage":"fr-FR"},{"@type":["Organization","Place"],"@id":"https:\/\/ruituostore.com\/#organization","name":"Anhui Ruituo New Energy Technology Co., LTD.","alternateName":"Ruituo","url":"https:\/\/ruituostore.com\/","logo":{"@id":"https:\/\/ruituostore.com\/product\/4357\/#local-main-organization-logo"},"image":{"@id":"https:\/\/ruituostore.com\/product\/4357\/#local-main-organization-logo"},"openingHoursSpecification":[{"@type":"OpeningHoursSpecification","dayOfWeek":["Monday","Tuesday","Wednesday","Thursday","Friday","Saturday","Sunday"],"opens":"09:00","closes":"17:00"}]},{"@type":"ImageObject","inLanguage":"fr-FR","@id":"https:\/\/ruituostore.com\/product\/4357\/#local-main-organization-logo","url":"https:\/\/ruituostore.com\/wp-content\/uploads\/2023\/12\/RUITUO_logo.jpg","contentUrl":"https:\/\/ruituostore.com\/wp-content\/uploads\/2023\/12\/RUITUO_logo.jpg","width":696,"height":696,"caption":"Anhui Ruituo New Energy Technology Co., LTD."}]},"product_price_amount":"0.00","product_price_currency":"USD","og_availability":"instock","product_availability":"instock","product_condition":"new"},"_links":{"self":[{"href":"https:\/\/ruituostore.com\/fr\/wp-json\/wp\/v2\/product\/4357","targetHints":{"allow":["GET"]}}],"collection":[{"href":"https:\/\/ruituostore.com\/fr\/wp-json\/wp\/v2\/product"}],"about":[{"href":"https:\/\/ruituostore.com\/fr\/wp-json\/wp\/v2\/types\/product"}],"replies":[{"embeddable":true,"href":"https:\/\/ruituostore.com\/fr\/wp-json\/wp\/v2\/comments?post=4357"}],"wp:featuredmedia":[{"embeddable":true,"href":"https:\/\/ruituostore.com\/fr\/wp-json\/wp\/v2\/media\/4359"}],"wp:attachment":[{"href":"https:\/\/ruituostore.com\/fr\/wp-json\/wp\/v2\/media?parent=4357"}],"wp:term":[{"taxonomy":"product_cat","embeddable":true,"href":"https:\/\/ruituostore.com\/fr\/wp-json\/wp\/v2\/product_cat?post=4357"},{"taxonomy":"product_tag","embeddable":true,"href":"https:\/\/ruituostore.com\/fr\/wp-json\/wp\/v2\/product_tag?post=4357"}],"curies":[{"name":"wp","href":"https:\/\/api.w.org\/{rel}","templated":true}]}}