{"id":867,"date":"2019-10-08T08:26:09","date_gmt":"2019-10-08T08:26:09","guid":{"rendered":"https:\/\/demo.casethemes.net\/nimmo\/product\/import-placeholder-for-408\/"},"modified":"2024-01-10T03:10:07","modified_gmt":"2024-01-10T03:10:07","slug":"12-8v-ac-lifepo4-battery-for-electronic-golf-carts","status":"publish","type":"product","link":"https:\/\/ruituostore.com\/fr\/produit\/12-8v-ac-lifepo4-battery-for-electronic-golf-carts\/","title":{"rendered":"Batterie LIFEPO4 12,8V AC pour voiturettes de golf \u00e9lectroniques"},"content":{"rendered":"<h4><\/h4>\n\n<table id=\"tablepress-11\" class=\"tablepress tablepress-id-11\">\n<tbody class=\"row-hover\">\n<tr class=\"row-1 odd\">\n\t<td class=\"column-1\">Tension nominale<\/td><td class=\"column-2\">12.8V<\/td>\n<\/tr>\n<tr class=\"row-2 even\">\n\t<td class=\"column-1\">Capacit\u00e9 nominale<\/td><td class=\"column-2\">100Ah@0.2C<\/td>\n<\/tr>\n<tr class=\"row-3 odd\">\n\t<td class=\"column-1\">Min. Capacit\u00e9<\/td><td class=\"column-2\">100Ah@0.2C<\/td>\n<\/tr>\n<tr class=\"row-4 even\">\n\t<td class=\"column-1\">\u00c9nergie nominale<\/td><td class=\"column-2\">1280Wh<\/td>\n<\/tr>\n<tr class=\"row-5 odd\">\n\t<td class=\"column-1\">R\u00e9sistance interne<\/td><td class=\"column-2\">\u226420m\u03a9<\/td>\n<\/tr>\n<tr class=\"row-6 even\">\n\t<td class=\"column-1\">La vie des cypr\u00e8s<\/td><td class=\"column-2\">4000+Cycles @ 90% DoD@25\u2103<\/td>\n<\/tr>\n<tr class=\"row-7 odd\">\n\t<td class=\"column-1\">Autod\u00e9charge<\/td><td class=\"column-2\">\u22643.5% par mois \u00e0 25\u2103<\/td>\n<\/tr>\n<tr class=\"row-8 even\">\n\t<td class=\"column-1\">Tension de charge maximale<\/td><td class=\"column-2\">14.0~14.4V<\/td>\n<\/tr>\n<tr class=\"row-9 odd\">\n\t<td class=\"column-1\">Mode de chargement<\/td><td class=\"column-2\">CC-CV<\/td>\n<\/tr>\n<tr class=\"row-10 even\">\n\t<td class=\"column-1\">Courant de charge standard<\/td><td class=\"column-2\">20A<\/td>\n<\/tr>\n<tr class=\"row-11 odd\">\n\t<td class=\"column-1\">Courant de charge max. Courant de charge<\/td><td class=\"column-2\">50A<\/td>\n<\/tr>\n<tr class=\"row-12 even\">\n\t<td class=\"column-1\">Courant de d\u00e9charge standard<\/td><td class=\"column-2\">20A<\/td>\n<\/tr>\n<tr class=\"row-13 odd\">\n\t<td class=\"column-1\">Courant de d\u00e9charge continu max. Courant de d\u00e9charge continu<\/td><td class=\"column-2\">100A<\/td>\n<\/tr>\n<tr class=\"row-14 even\">\n\t<td class=\"column-1\">Max. Courant d'impulsion<\/td><td class=\"column-2\">250A(\uff1c3S)<\/td>\n<\/tr>\n<tr class=\"row-15 odd\">\n\t<td class=\"column-1\">Tension de coupure de la d\u00e9charge<\/td><td class=\"column-2\">10.8V<\/td>\n<\/tr>\n<tr class=\"row-16 even\">\n\t<td class=\"column-1\">Temp\u00e9rature de charge<\/td><td class=\"column-2\">0\u2103 \u00e0 45 \u2103(32\u00b0F \u00e0 113\u00b0F) @ 60\u00b125% Humidit\u00e9 relative<\/td>\n<\/tr>\n<tr class=\"row-17 odd\">\n\t<td class=\"column-1\">Temp\u00e9rature de refoulement<\/td><td class=\"column-2\">-20\u2103 \u00e0 60 \u2103(-4\u00b0F \u00e0 140\u00b0F) @ 60\u00b125% Humidit\u00e9 relative<\/td>\n<\/tr>\n<tr class=\"row-18 even\">\n\t<td class=\"column-1\">Temp\u00e9rature de stockage<\/td><td class=\"column-2\">0\u2103 \u00e0 45 \u2103(32\u00b0F \u00e0 113\u00b0F) @ 60\u00b125% Humidit\u00e9 relative<\/td>\n<\/tr>\n<tr class=\"row-19 odd\">\n\t<td class=\"column-1\">Enveloppe<\/td><td class=\"column-2\">Plastique<\/td>\n<\/tr>\n<tr class=\"row-20 even\">\n\t<td class=\"column-1\">Dimension(L*L*H*TH)<\/td><td class=\"column-2\">330*172*215mm<\/td>\n<\/tr>\n<tr class=\"row-21 odd\">\n\t<td class=\"column-1\">Poids<\/td><td class=\"column-2\">Environ 12,8 kg<\/td>\n<\/tr>\n<tr class=\"row-22 even\">\n\t<td class=\"column-1\">Terminal<\/td><td class=\"column-2\">M8<\/td>\n<\/tr>\n<tr class=\"row-23 odd\">\n\t<td class=\"column-1\">Protection contre les infiltrations<\/td><td class=\"column-2\">IP65<\/td>\n<\/tr>\n<\/tbody>\n<\/table>\n<!-- #tablepress-11 from cache -->\n<h3><img decoding=\"async\" class=\"alignnone size-medium wp-image-4019\" src=\"https:\/\/ruituostore.com\/wp-content\/uploads\/2019\/10\/H718e8d7edf5d4121986c63834942d538X-1-413x455.webp\" alt=\"\" width=\"790\" height=\"1390\" srcset=\"https:\/\/ruituostore.com\/wp-content\/uploads\/2019\/10\/H718e8d7edf5d4121986c63834942d538X-1-768x1351.webp 768w, https:\/\/ruituostore.com\/wp-content\/uploads\/2019\/10\/H718e8d7edf5d4121986c63834942d538X-1-7x12.webp 7w, https:\/\/ruituostore.com\/wp-content\/uploads\/2019\/10\/H718e8d7edf5d4121986c63834942d538X-1-600x1056.webp 600w, https:\/\/ruituostore.com\/wp-content\/uploads\/2019\/10\/H718e8d7edf5d4121986c63834942d538X-1.webp 790w\" sizes=\"(max-width: 790px) 100vw, 790px\" \/><br \/>\n<img decoding=\"async\" class=\"alignnone size-medium wp-image-4017\" src=\"https:\/\/ruituostore.com\/wp-content\/uploads\/2019\/10\/H40ce280e6c8c49d4ae21ca5dc0bb7909q-413x455.webp\" alt=\"\" width=\"790\" height=\"1054\" srcset=\"https:\/\/ruituostore.com\/wp-content\/uploads\/2019\/10\/H40ce280e6c8c49d4ae21ca5dc0bb7909q-768x1025.webp 768w, https:\/\/ruituostore.com\/wp-content\/uploads\/2019\/10\/H40ce280e6c8c49d4ae21ca5dc0bb7909q-9x12.webp 9w, https:\/\/ruituostore.com\/wp-content\/uploads\/2019\/10\/H40ce280e6c8c49d4ae21ca5dc0bb7909q-600x801.webp 600w, https:\/\/ruituostore.com\/wp-content\/uploads\/2019\/10\/H40ce280e6c8c49d4ae21ca5dc0bb7909q.webp 790w\" sizes=\"(max-width: 790px) 100vw, 790px\" \/><br \/>\n<img decoding=\"async\" class=\"alignnone size-medium wp-image-4016\" src=\"https:\/\/ruituostore.com\/wp-content\/uploads\/2019\/10\/H8acb163ac2a84338a1cadfdd52eabc05s-1-413x455.webp\" alt=\"\" width=\"790\" height=\"628\" srcset=\"https:\/\/ruituostore.com\/wp-content\/uploads\/2019\/10\/H8acb163ac2a84338a1cadfdd52eabc05s-1-768x611.webp 768w, https:\/\/ruituostore.com\/wp-content\/uploads\/2019\/10\/H8acb163ac2a84338a1cadfdd52eabc05s-1-15x12.webp 15w, https:\/\/ruituostore.com\/wp-content\/uploads\/2019\/10\/H8acb163ac2a84338a1cadfdd52eabc05s-1-200x160.webp 200w, https:\/\/ruituostore.com\/wp-content\/uploads\/2019\/10\/H8acb163ac2a84338a1cadfdd52eabc05s-1-600x477.webp 600w, https:\/\/ruituostore.com\/wp-content\/uploads\/2019\/10\/H8acb163ac2a84338a1cadfdd52eabc05s-1.webp 790w\" sizes=\"(max-width: 790px) 100vw, 790px\" \/><br \/>\n<img decoding=\"async\" class=\"alignnone size-medium wp-image-4014\" src=\"https:\/\/ruituostore.com\/wp-content\/uploads\/2019\/10\/H1a2c1c027eb249c6af201d15abd23128q-1-413x455.webp\" alt=\"\" width=\"790\" height=\"1036\" srcset=\"https:\/\/ruituostore.com\/wp-content\/uploads\/2019\/10\/H1a2c1c027eb249c6af201d15abd23128q-1-768x1007.webp 768w, https:\/\/ruituostore.com\/wp-content\/uploads\/2019\/10\/H1a2c1c027eb249c6af201d15abd23128q-1-9x12.webp 9w, https:\/\/ruituostore.com\/wp-content\/uploads\/2019\/10\/H1a2c1c027eb249c6af201d15abd23128q-1-600x787.webp 600w, https:\/\/ruituostore.com\/wp-content\/uploads\/2019\/10\/H1a2c1c027eb249c6af201d15abd23128q-1.webp 790w\" sizes=\"(max-width: 790px) 100vw, 790px\" \/><br \/>\n<img decoding=\"async\" class=\"alignnone size-medium wp-image-4015\" src=\"https:\/\/ruituostore.com\/wp-content\/uploads\/2019\/10\/H6c4b9d44ca1149fc8714657787b82f9d4-1-413x455.webp\" alt=\"\" width=\"790\" height=\"590\" srcset=\"https:\/\/ruituostore.com\/wp-content\/uploads\/2019\/10\/H6c4b9d44ca1149fc8714657787b82f9d4-1-768x574.webp 768w, https:\/\/ruituostore.com\/wp-content\/uploads\/2019\/10\/H6c4b9d44ca1149fc8714657787b82f9d4-1-16x12.webp 16w, https:\/\/ruituostore.com\/wp-content\/uploads\/2019\/10\/H6c4b9d44ca1149fc8714657787b82f9d4-1-600x448.webp 600w, https:\/\/ruituostore.com\/wp-content\/uploads\/2019\/10\/H6c4b9d44ca1149fc8714657787b82f9d4-1.webp 790w\" sizes=\"(max-width: 790px) 100vw, 790px\" \/><br \/>\n<img decoding=\"async\" class=\"alignnone size-medium wp-image-4021\" src=\"https:\/\/ruituostore.com\/wp-content\/uploads\/2019\/10\/Hc41f8e51e0d1430eb01cca262b396e97R-1-413x455.webp\" alt=\"\" width=\"790\" height=\"576\" srcset=\"https:\/\/ruituostore.com\/wp-content\/uploads\/2019\/10\/Hc41f8e51e0d1430eb01cca262b396e97R-1-768x560.webp 768w, https:\/\/ruituostore.com\/wp-content\/uploads\/2019\/10\/Hc41f8e51e0d1430eb01cca262b396e97R-1-16x12.webp 16w, https:\/\/ruituostore.com\/wp-content\/uploads\/2019\/10\/Hc41f8e51e0d1430eb01cca262b396e97R-1-600x437.webp 600w, https:\/\/ruituostore.com\/wp-content\/uploads\/2019\/10\/Hc41f8e51e0d1430eb01cca262b396e97R-1.webp 790w\" sizes=\"(max-width: 790px) 100vw, 790px\" \/><br \/>\n<img decoding=\"async\" class=\"alignnone size-medium wp-image-4018\" src=\"https:\/\/ruituostore.com\/wp-content\/uploads\/2019\/10\/H047fd8d991a149a7a6a7650e4eaaff5e1-1-413x455.webp\" alt=\"\" width=\"790\" height=\"1122\" srcset=\"https:\/\/ruituostore.com\/wp-content\/uploads\/2019\/10\/H047fd8d991a149a7a6a7650e4eaaff5e1-1-768x1091.webp 768w, https:\/\/ruituostore.com\/wp-content\/uploads\/2019\/10\/H047fd8d991a149a7a6a7650e4eaaff5e1-1-8x12.webp 8w, https:\/\/ruituostore.com\/wp-content\/uploads\/2019\/10\/H047fd8d991a149a7a6a7650e4eaaff5e1-1-600x852.webp 600w, https:\/\/ruituostore.com\/wp-content\/uploads\/2019\/10\/H047fd8d991a149a7a6a7650e4eaaff5e1-1.webp 790w\" sizes=\"(max-width: 790px) 100vw, 790px\" \/><br \/>\n<img decoding=\"async\" class=\"alignnone size-medium wp-image-4020\" src=\"https:\/\/ruituostore.com\/wp-content\/uploads\/2019\/10\/Hbda76ea852a74e0bbd2e874e4bc5867cp-1-413x455.webp\" alt=\"\" width=\"790\" height=\"850\" srcset=\"https:\/\/ruituostore.com\/wp-content\/uploads\/2019\/10\/Hbda76ea852a74e0bbd2e874e4bc5867cp-1-768x826.webp 768w, https:\/\/ruituostore.com\/wp-content\/uploads\/2019\/10\/Hbda76ea852a74e0bbd2e874e4bc5867cp-1-11x12.webp 11w, https:\/\/ruituostore.com\/wp-content\/uploads\/2019\/10\/Hbda76ea852a74e0bbd2e874e4bc5867cp-1-600x646.webp 600w, https:\/\/ruituostore.com\/wp-content\/uploads\/2019\/10\/Hbda76ea852a74e0bbd2e874e4bc5867cp-1.webp 790w\" sizes=\"(max-width: 790px) 100vw, 790px\" \/><br \/>\n<a name=\"bottom\"><\/a><br \/>\nObtenez un devis sans engagement d\u00e8s maintenant.<br \/>\n<div class=\"wpforms-container wpforms-container-full\" id=\"wpforms-1987\"><form id=\"wpforms-form-1987\" class=\"wpforms-validate wpforms-form wpforms-ajax-form\" data-formid=\"1987\" method=\"post\" enctype=\"multipart\/form-data\" action=\"\/fr\/wp-json\/wp\/v2\/product\/867\" data-token=\"4113f4b155d69fab55d35c33ef7075fc\" data-token-time=\"1776285158\" data-trp-original-action=\"\/fr\/wp-json\/wp\/v2\/product\/867\"><noscript class=\"wpforms-error-noscript\">Veuillez activer JavaScript dans votre navigateur pour remplir ce formulaire.<\/noscript><div class=\"wpforms-field-container\"><div id=\"wpforms-1987-field_0-container\" class=\"wpforms-field wpforms-field-name\" data-field-id=\"0\"><label class=\"wpforms-field-label\" for=\"wpforms-1987-field_0\">Nom <span class=\"wpforms-required-label\">*<\/span><\/label><div class=\"wpforms-field-row wpforms-field-medium\"><div class=\"wpforms-field-row-block wpforms-first wpforms-one-half\"><input type=\"text\" id=\"wpforms-1987-field_0\" class=\"wpforms-field-name-first wpforms-field-required\" name=\"wpforms[fields][0][first]\" required><label for=\"wpforms-1987-field_0\" class=\"wpforms-field-sublabel after\">Pr\u00e9nom<\/label><\/div><div class=\"wpforms-field-row-block wpforms-one-half\"><input type=\"text\" id=\"wpforms-1987-field_0-last\" class=\"wpforms-field-name-last wpforms-field-required\" name=\"wpforms[fields][0][last]\" required><label for=\"wpforms-1987-field_0-last\" class=\"wpforms-field-sublabel after\">Nom<\/label><\/div><\/div><\/div><div id=\"wpforms-1987-field_1-container\" class=\"wpforms-field wpforms-field-email\" data-field-id=\"1\"><label class=\"wpforms-field-label\" for=\"wpforms-1987-field_1\">Courriel <span class=\"wpforms-required-label\">*<\/span><\/label><input type=\"email\" id=\"wpforms-1987-field_1\" class=\"wpforms-field-medium wpforms-field-required\" name=\"wpforms[fields][1]\" spellcheck=\"false\" required><\/div><div id=\"wpforms-1987-field_2-container\" class=\"wpforms-field wpforms-field-textarea\" data-field-id=\"2\"><label class=\"wpforms-field-label\" for=\"wpforms-1987-field_2\">Message <span class=\"wpforms-required-label\">*<\/span><\/label><textarea id=\"wpforms-1987-field_2\" class=\"wpforms-field-medium wpforms-field-required\" name=\"wpforms[fields][2]\" required><\/textarea><\/div><div id=\"wpforms-1987-field_8-container\" class=\"wpforms-field wpforms-field-captcha\" data-field-id=\"8\"><label class=\"wpforms-field-label\" for=\"wpforms-1987-field_8\">Custom Captcha <span class=\"wpforms-required-label\">*<\/span><\/label>\t\t\t<div class=\"wpforms-captcha-math\">\n\t\t\t\t<span id=\"wpforms-1987-field_8-question\" class=\"wpforms-captcha-equation\">\n\t\t\t\t\t<span class=\"n1\">7<\/span>\n\t\t\t\t\t\t\t<span class=\"cal\">*<\/span>\n\t\t\t\t\t\t\t<span class=\"n2\">2<\/span>\t\t\t\t\t<span class=\"e\">=<\/span>\n\t\t\t\t<\/span>\n\t\t\t\t<input type=\"text\" id=\"wpforms-1987-field_8\" class=\"wpforms-field-medium wpforms-field-required a\" data-rule-wpf-captcha=\"math\" data-is-wrapped-field=\"1\" name=\"wpforms[fields][8][a]\" aria-describedby=\"wpforms-1987-field_8-question\" required>\t\t\t\t<input type=\"hidden\" name=\"wpforms[fields][8][cal]\" class=\"cal\">\n\t\t\t\t<input type=\"hidden\" name=\"wpforms[fields][8][n2]\" class=\"n2\">\n\t\t\t\t<input type=\"hidden\" name=\"wpforms[fields][8][n1]\" class=\"n1\">\n\t\t\t<\/div>\n\t\t\t<\/div><\/div><!-- .wpforms-field-container --><div class=\"wpforms-submit-container\" ><input type=\"hidden\" name=\"wpforms[id]\" value=\"1987\"><input type=\"hidden\" name=\"page_title\" value=\"\"><input type=\"hidden\" name=\"page_url\" value=\"https:\/\/ruituostore.com\/fr\/wp-json\/wp\/v2\/product\/867\"><button type=\"submit\" name=\"wpforms[submit]\" id=\"wpforms-submit-1987\" class=\"wpforms-submit\" data-alt-text=\"Sending...\" data-submit-text=\"Submit\" aria-live=\"assertive\" value=\"wpforms-submit\">Soumettre<\/button><img decoding=\"async\" src=\"https:\/\/ruituostore.com\/wp-content\/plugins\/wpforms\/assets\/images\/submit-spin.svg\" class=\"wpforms-submit-spinner\" style=\"display: none;\" width=\"26\" height=\"26\" alt=\"Chargement en cours\"><\/div><input type=\"hidden\" name=\"trp-form-language\" value=\"fr\"\/><\/form><\/div>  <!-- .wpforms-container --><\/h3>","protected":false},"excerpt":{"rendered":"<h2>Batterie LIFEPO4 12,8V AC pour voiturettes de golf \u00e9lectroniques<\/h2>\n<h4>Utilisant la technologie de la cellule lithium-fer, une s\u00e9curit\u00e9 sup\u00e9rieure, des milliers de cycles, 100%DOD, dans des conditions normales.<br \/>\nProtection automatique int\u00e9gr\u00e9e contre la surcharge, la surd\u00e9charge, la surintensit\u00e9 et la surchauffe.<br \/>\nSans entretien<br \/>\n\u00c9quilibre cellulaire interne<br \/>\nPoids plus l\u00e9ger : Environ 40% -50% du poids d'une batterie au plomb comparable.<br \/>\nRemplacement de la batterie plomb-acide. Plage de temp\u00e9rature \u00e9largie : -20\u00b0C-60\u00b0C. Support pour l'extension des applications de la s\u00e9rie.<\/h4>\n<div style=\"text-align: center\"><\/div>\n<h4><\/h4>\n<p><a href=\"mailto:info@ruituostore.com\"><img decoding=\"async\" class=\"alignnone size-full wp-image-3873\" src=\"https:\/\/ruituostore.com\/wp-content\/uploads\/2019\/10\/ruituostorenewenergy434343.webp\" alt=\"\" width=\"150\" height=\"45\" srcset=\"https:\/\/ruituostore.com\/wp-content\/uploads\/2019\/10\/ruituostorenewenergy434343.webp 150w, https:\/\/ruituostore.com\/wp-content\/uploads\/2019\/10\/ruituostorenewenergy434343-18x5.webp 18w\" sizes=\"(max-width: 150px) 100vw, 150px\" \/><\/a><\/p>","protected":false},"featured_media":4023,"comment_status":"closed","ping_status":"closed","template":"","meta":[],"product_cat":[15],"product_tag":[212],"class_list":["post-867","product","type-product","status-publish","has-post-thumbnail","hentry","product_cat-energy-storage-battery","product_tag-replacement-lead-acid-cell"],"_links":{"self":[{"href":"https:\/\/ruituostore.com\/fr\/wp-json\/wp\/v2\/product\/867","targetHints":{"allow":["GET"]}}],"collection":[{"href":"https:\/\/ruituostore.com\/fr\/wp-json\/wp\/v2\/product"}],"about":[{"href":"https:\/\/ruituostore.com\/fr\/wp-json\/wp\/v2\/types\/product"}],"replies":[{"embeddable":true,"href":"https:\/\/ruituostore.com\/fr\/wp-json\/wp\/v2\/comments?post=867"}],"wp:featuredmedia":[{"embeddable":true,"href":"https:\/\/ruituostore.com\/fr\/wp-json\/wp\/v2\/media\/4023"}],"wp:attachment":[{"href":"https:\/\/ruituostore.com\/fr\/wp-json\/wp\/v2\/media?parent=867"}],"wp:term":[{"taxonomy":"product_cat","embeddable":true,"href":"https:\/\/ruituostore.com\/fr\/wp-json\/wp\/v2\/product_cat?post=867"},{"taxonomy":"product_tag","embeddable":true,"href":"https:\/\/ruituostore.com\/fr\/wp-json\/wp\/v2\/product_tag?post=867"}],"curies":[{"name":"wp","href":"https:\/\/api.w.org\/{rel}","templated":true}]}}