{"id":1909,"date":"2023-10-15T10:15:50","date_gmt":"2023-10-15T10:15:50","guid":{"rendered":"https:\/\/ruituostore.com\/?page_id=1909"},"modified":"2026-02-10T07:21:50","modified_gmt":"2026-02-10T07:21:50","slug":"contact","status":"publish","type":"page","link":"https:\/\/ruituostore.com\/pt\/contact\/","title":{"rendered":"Contacto"},"content":{"rendered":"<div class=\"wpb-content-wrapper\"><div id=\"section-home\" data-vc-full-width=\"true\" data-vc-full-width-init=\"false\" data-vc-stretch-content=\"true\" class=\"vc_row wpb_row vc_row-fluid vc_row-no-padding bg-image-ps-inherit\"><div class=\"wpb_column vc_column_container vc_col-sm-12\"><div class=\"vc_column-inner\"><div class=\"wpb_wrapper\">\n\t\t\t<!-- START Home Startup REVOLUTION SLIDER 6.6.16 --><p class=\"rs-p-wp-fix\"><\/p>\n\t\t\t<rs-module-wrap id=\"rev_slider_4_1_wrapper\" data-source=\"gallery\" style=\"visibility:hidden;background:transparent;padding:0;margin:0px auto;margin-top:0;margin-bottom:0;\">\n\t\t\t\t<rs-module id=\"rev_slider_4_1\" style=\"\" data-version=\"6.6.16\">\n\t\t\t\t\t<rs-slides style=\"overflow: hidden; position: absolute;\">\n\t\t\t\t\t\t<rs-slide style=\"position: absolute;\" data-key=\"rs-8\" data-title=\"Slide\" data-in=\"o:0;\" data-out=\"a:false;\">\n\t\t\t\t\t\t\t<img decoding=\"async\" src=\"\/\/ruituostore.com\/wp-content\/plugins\/revslider\/public\/assets\/assets\/dummy.png\" alt=\"\" title=\"bg-slider-07.jpg\" width=\"1920\" height=\"960\" class=\"rev-slidebg tp-rs-img rs-lazyload\" data-lazyload=\"\/\/ruituostore.com\/wp-content\/uploads\/2020\/02\/bg-slider-07.jpg\" data-parallax=\"8\" data-no-retina>\n\t\t\t\t\t\t\t<rs-bgvideo \n\t\t\t\t\t\t\t\tdata-video=\"w:100%;h:100%;nse:false;l:true;ptimer:false;vfc:true;\"\n\t\t\t\t\t\t\t\tdata-mp4=\"\/\/demo.casethemes.net\/videos\/video-demo2.mp4\"\n\t\t\t\t\t\t\t><\/rs-bgvideo>\n<!--\n\t\t\t\t\t\t\t--><rs-group\n\t\t\t\t\t\t\t\tid=\"slider-4-slide-8-layer-0\" \n\t\t\t\t\t\t\t\tdata-type=\"group\"\n\t\t\t\t\t\t\t\tdata-xy=\"x:c;y:m;yo:-40px;\"\n\t\t\t\t\t\t\t\tdata-text=\"w:normal;s:20,16,12,7;l:0,20,15,9;\"\n\t\t\t\t\t\t\t\tdata-dim=\"w:800px,800px,800px,400px;h:240px,240px,200px,160px;\"\n\t\t\t\t\t\t\t\tdata-rsp_bd=\"off\"\n\t\t\t\t\t\t\t\tdata-frame_0=\"o:1;\"\n\t\t\t\t\t\t\t\tdata-frame_999=\"o:0;st:w;sR:8700;sA:9000;\"\n\t\t\t\t\t\t\t\tstyle=\"z-index:10;\"\n\t\t\t\t\t\t\t><!--\n\t\t\t\t\t\t\t\t--><rs-layer\n\t\t\t\t\t\t\t\t\tid=\"slider-4-slide-8-layer-2\" \n\t\t\t\t\t\t\t\t\tdata-type=\"text\"\n\t\t\t\t\t\t\t\t\tdata-xy=\"x:c;y:b;\"\n\t\t\t\t\t\t\t\t\tdata-pos=\"a\"\n\t\t\t\t\t\t\t\t\tdata-text=\"w:normal;s:16;l:65;\"\n\t\t\t\t\t\t\t\t\tdata-rsp_o=\"off\"\n\t\t\t\t\t\t\t\t\tdata-rsp_bd=\"off\"\n\t\t\t\t\t\t\t\t\tdata-frame_0=\"y:50;\"\n\t\t\t\t\t\t\t\t\tdata-frame_1=\"st:1110;sp:1000;\"\n\t\t\t\t\t\t\t\t\tdata-frame_999=\"o:0;st:w;sR:7590;\"\n\t\t\t\t\t\t\t\t\tstyle=\"z-index:9;font-family:'Roboto';\"\n\t\t\t\t\t\t\t\t><span class=\"btn btn-gradient2\"><i class=\"fac fa-cog space-right\"><\/i>Entre em contacto connosco<\/span> \n\t\t\t\t\t\t\t\t<\/rs-layer><!--\n\n\t\t\t\t\t\t\t\t--><rs-layer\n\t\t\t\t\t\t\t\t\tid=\"slider-4-slide-8-layer-1\" \n\t\t\t\t\t\t\t\t\tclass=\"title-box-shadow\"\n\t\t\t\t\t\t\t\t\tdata-type=\"text\"\n\t\t\t\t\t\t\t\t\tdata-xy=\"x:c;yo:-12px,-12px,-12px,-10px;\"\n\t\t\t\t\t\t\t\t\tdata-pos=\"a\"\n\t\t\t\t\t\t\t\t\tdata-text=\"w:normal;s:52,52,40,28;l:68,68,52,38;fw:700;a:center;\"\n\t\t\t\t\t\t\t\t\tdata-rsp_o=\"off\"\n\t\t\t\t\t\t\t\t\tdata-rsp_bd=\"off\"\n\t\t\t\t\t\t\t\t\tdata-frame_0=\"y:50;\"\n\t\t\t\t\t\t\t\t\tdata-frame_1=\"st:900;sp:1000;\"\n\t\t\t\t\t\t\t\t\tdata-frame_999=\"o:0;st:w;sR:7800;\"\n\t\t\t\t\t\t\t\t\tstyle=\"z-index:8;font-family:'Poppins';\"\n\t\t\t\t\t\t\t\t>O desenvolvimento do sector <br \/>\n\u00e9 liderado e promovido \n\t\t\t\t\t\t\t\t<\/rs-layer><!--\n\t\t\t\t\t\t\t--><\/rs-group><!--\n-->\t\t\t\t\t\t<\/rs-slide>\n\t\t\t\t\t<\/rs-slides>\n\t\t\t\t<\/rs-module>\n\t\t\t\t<script>\n\t\t\t\t\tsetREVStartSize({c: 'rev_slider_4_1',rl:[1240,1024,778,480],el:[860,700,540,480],gw:[1671,1024,778,480],gh:[860,700,540,480],type:'standard',justify:'',layout:'fullwidth',mh:\"0\"});if (window.RS_MODULES!==undefined && window.RS_MODULES.modules!==undefined && window.RS_MODULES.modules[\"revslider41\"]!==undefined) {window.RS_MODULES.modules[\"revslider41\"].once = false;window.revapi4 = undefined;if (window.RS_MODULES.checkMinimal!==undefined) window.RS_MODULES.checkMinimal()}\n\t\t\t\t<\/script>\n\t\t\t<\/rs-module-wrap>\n\t\t\t<!-- END REVOLUTION SLIDER -->\n<\/div><\/div><\/div><\/div><div class=\"vc_row-full-width vc_clearfix\"><\/div><div class=\"vc_row wpb_row vc_row-fluid bg-image-ps-inherit\"><div class=\"wpb_column vc_column_container vc_col-sm-12\"><div class=\"vc_column-inner vc_custom_1580802493786\"><div class=\"wpb_wrapper\">\n    <div id=\"ct-fancy-box-carousel\" class=\"ct-fancy-box-carousel1 owl-carousel nav-middle\" data-item-xs=\"1\" data-item-sm=\"2\" data-item-md=\"3\" data-item-lg=\"4\" data-margin=\"1\" data-loop=\"true\" data-autoplay=\"false\" data-autoplaytimeout=\"5000\" data-smartspeed=\"250\" data-center=\"false\" data-arrows=\"false\" data-bullets=\"false\" data-stagepadding=\"0\" data-rtl=\"false\" >\n                    <div class=\"ct-fancy-box-item\">\n                <div class=\"grid-item-inner\">\n                                            <div class=\"fancy-box-icon\">\n                            <i class=\"flaticon-shield\"><\/i>\n                        <\/div>\n                                        <div class=\"fancy-box-meta\">\n                        <h3 class=\"fancy-box-title\">\n                            Apoio                        <\/h3>\n                        <div class=\"fancy-box-description\">Podemos fornecer apoio t\u00e9cnico. Podemos enviar trabalhadores para o pa\u00eds do cliente se este necessitar.<\/div>\n                                            <\/div>\n                <\/div>\n            <\/div>\n                    <div class=\"ct-fancy-box-item\">\n                <div class=\"grid-item-inner\">\n                                            <div class=\"fancy-box-icon\">\n                            <i class=\"flaticon-aeroplane\"><\/i>\n                        <\/div>\n                                        <div class=\"fancy-box-meta\">\n                        <h3 class=\"fancy-box-title\">\n                            Expedi\u00e7\u00e3o                        <\/h3>\n                        <div class=\"fancy-box-description\">Safe and high-speed logistics channels\uff0cWe undertake the cost until the last mile to you or your customer.<\/div>\n                                            <\/div>\n                <\/div>\n            <\/div>\n                    <div class=\"ct-fancy-box-item\">\n                <div class=\"grid-item-inner\">\n                                            <div class=\"fancy-box-icon\">\n                            <i class=\"flaticon-network\"><\/i>\n                        <\/div>\n                                        <div class=\"fancy-box-meta\">\n                        <h3 class=\"fancy-box-title\">\n                            P\u00f3s-venda                        <\/h3>\n                        <div class=\"fancy-box-description\">Fast and flexible payment system\uff0cWe do comprehensive and thoughtful after-sales services.<\/div>\n                                            <\/div>\n                <\/div>\n            <\/div>\n                    <div class=\"ct-fancy-box-item\">\n                <div class=\"grid-item-inner\">\n                                            <div class=\"fancy-box-icon\">\n                            <i class=\"flaticon-menu\"><\/i>\n                        <\/div>\n                                        <div class=\"fancy-box-meta\">\n                        <h3 class=\"fancy-box-title\">\n                            Marketing                        <\/h3>\n                        <div class=\"fancy-box-description\">Podemos fazer as nossas marcas ou marcas OEM para os clientes. Promovemos a RUITUO online e pode obter clientes.<\/div>\n                                            <\/div>\n                <\/div>\n            <\/div>\n            <\/div>\n\n<\/div><\/div><\/div><\/div><div id=\"contact\" class=\"vc_row wpb_row vc_row-fluid vc_custom_1580960947708 bg-image-ps-inherit\"><\/div><div class=\"wpb_column vc_column_container vc_col-sm-12\"><div class=\"vc_column-inner vc_custom_1580955025406\"><div class=\"wpb_wrapper\"><\/div><\/div><\/div><div class=\"vc_row wpb_row vc_inner vc_row-fluid vc_custom_1580960370896 vc_row-o-content-middle vc_row-flex\"><div class=\"wpb_column vc_column_container vc_col-sm-7 vc_col-lg-6 vc_col-md-6 rm-padding-lg\"><div class=\"vc_column-inner vc_custom_1580974495861\"><div class=\"wpb_wrapper\"><div id=\"ct-heading\" class=\"ct-heading align-left align-left-md align-left-sm align-left-xs\">\n    \n    \n            <style type=\"text\/css\">\n            @media screen and (max-width: 767px) {\n                #ct-heading .ct-heading-tag {\n                                            font-size: 30px !important;\n                                                                line-height: 38px !important;\n                                    }\n            }\n        <\/style>\n                    <div class=\"ct-heading-sub sub- style3\" style=\"letter-spacing:0.15em;\">\n            <span ><\/span>\n            CONTACTO E FAQ                    <\/div>\n        <h3 class=\"ct-heading-tag typing-style1\" style=\"margin-bottom:0px; \">\n                                    Para qualquer quest\u00e3o relacionada com os nossos produtos e servi\u00e7os, n\u00e3o hesite em contactar-nos por e-mail ou telefone.                                        <\/h3>\n        <\/div><div id=\"ct-space-69e532489cecf\">\n\t<style type=\"text\/css\">\n\t\t\t\t\t\t\t\t\t\t\t@media screen and (max-width: 767px) {\n\t\t\t\t#ct-space-69e532489cecf .ct-space {\n\t\t\t\t\theight: 42px;\n\t\t\t\t}\n\t\t\t}\n\t\t\t<\/style>\n\t<div class=\"ct-space\"><\/div>\n<\/div><\/div><\/div><\/div><div class=\"wpb_column vc_column_container vc_col-sm-5 vc_col-lg-6 vc_col-md-6 rm-padding-lg\"><div class=\"vc_column-inner vc_custom_1580974504579\"><div class=\"wpb_wrapper\">\n\t<div class=\"wpb_text_column wpb_content_element\" >\n\t\t<div class=\"wpb_wrapper\">\n\t\t\t<h6><\/h6>\n\n\t\t<\/div>\n\t<\/div>\n<div  class=\"vc_toggle vc_toggle_default vc_toggle_color_default  vc_toggle_size_md\"><div class=\"vc_toggle_title\"><h4>O que pode comprar connosco?<\/h4><i class=\"vc_toggle_icon\"><\/i><\/div><div class=\"vc_toggle_content\"><p>The products range includes: Slaughterhouse equipment,and new energy equipment.<\/p>\n<\/div><\/div><div  class=\"vc_toggle vc_toggle_default vc_toggle_color_default  vc_toggle_size_md\"><div class=\"vc_toggle_title\"><h4>Por que raz\u00e3o deve comprar-nos a n\u00f3s e n\u00e3o a outros fornecedores?<\/h4><i class=\"vc_toggle_icon\"><\/i><\/div><div class=\"vc_toggle_content\"><p>Como os nossos clientes s\u00e3o sempre a nossa prioridade n\u00famero um, prestamos muita aten\u00e7\u00e3o \u00e0 constru\u00e7\u00e3o de neg\u00f3cios de coopera\u00e7\u00e3o duradoura com os clientes.<\/p>\n<p>A principal miss\u00e3o da Ruituo \u00e9 fornecer produtos atenciosos e sugest\u00f5es abrangentes pela nossa equipa profissional e servi\u00e7o premium.<\/p>\n<\/div><\/div><div  class=\"vc_toggle vc_toggle_default vc_toggle_color_default  vc_toggle_size_md\"><div class=\"vc_toggle_title\"><h4>Que servi\u00e7os podemos prestar-lhe?<\/h4><i class=\"vc_toggle_icon\"><\/i><\/div><div class=\"vc_toggle_content\"><p>Condi\u00e7\u00f5es de entrega aceites: FOB;<\/p>\n<p>M\u00e9todo de pagamento aceite: T\/T;<\/p>\n<p>Tipo de pagamento aceite: 30% adiantamento, 70% saldo antes da entrega;<\/p>\n<p>L\u00edngua falada: Ingl\u00eas, China.<\/p>\n<\/div><\/div><\/div><\/div><\/div><\/div><div class=\"vc_row wpb_row vc_inner vc_row-fluid\"><\/div><div class=\"wpb_column vc_column_container vc_col-sm-5\"><div class=\"vc_column-inner vc_custom_1580960375543\"><div class=\"wpb_wrapper\">\n<div id=\"ct-single-image\" class=\"ct-single-image hover-parallax  text-center img-style1\" >\n\t    \t\t<img decoding=\"async\" width=\"300\" height=\"300\" src=\"https:\/\/ruituostore.com\/wp-content\/uploads\/2023\/11\/ruituonewenergy04851-300x300.webp\" class=\"attachment-thumbnail\" alt=\"\" title=\"ruituonewenergy04851\" \/>\t<\/div><\/div><\/div><\/div><div class=\"wpb_column vc_column_container vc_col-sm-7\"><div class=\"vc_column-inner vc_custom_1580960379883\"><div class=\"wpb_wrapper\"><div class=\"wpforms-container wpforms-container-full\" id=\"wpforms-1987\"><form id=\"wpforms-form-1987\" class=\"wpforms-validate wpforms-form wpforms-ajax-form\" data-formid=\"1987\" method=\"post\" enctype=\"multipart\/form-data\" action=\"\/pt\/wp-json\/wp\/v2\/pages\/1909\" data-token=\"ff7415da623544bf85432adbb388e648\" data-token-time=\"1776628296\" data-trp-original-action=\"\/pt\/wp-json\/wp\/v2\/pages\/1909\"><noscript class=\"wpforms-error-noscript\">Please enable JavaScript in your browser to complete this form.<\/noscript><div class=\"wpforms-field-container\"><div id=\"wpforms-1987-field_0-container\" class=\"wpforms-field wpforms-field-name\" data-field-id=\"0\"><label class=\"wpforms-field-label\" for=\"wpforms-1987-field_0\">Nome <span class=\"wpforms-required-label\">*<\/span><\/label><div class=\"wpforms-field-row wpforms-field-medium\"><div class=\"wpforms-field-row-block wpforms-first wpforms-one-half\"><input type=\"text\" id=\"wpforms-1987-field_0\" class=\"wpforms-field-name-first wpforms-field-required\" name=\"wpforms[fields][0][first]\" required><label for=\"wpforms-1987-field_0\" class=\"wpforms-field-sublabel after\">First<\/label><\/div><div class=\"wpforms-field-row-block wpforms-one-half\"><input type=\"text\" id=\"wpforms-1987-field_0-last\" class=\"wpforms-field-name-last wpforms-field-required\" name=\"wpforms[fields][0][last]\" required><label for=\"wpforms-1987-field_0-last\" class=\"wpforms-field-sublabel after\">Last<\/label><\/div><\/div><\/div><div id=\"wpforms-1987-field_1-container\" class=\"wpforms-field wpforms-field-email\" data-field-id=\"1\"><label class=\"wpforms-field-label\" for=\"wpforms-1987-field_1\">Correio eletr\u00f3nico <span class=\"wpforms-required-label\">*<\/span><\/label><input type=\"email\" id=\"wpforms-1987-field_1\" class=\"wpforms-field-medium wpforms-field-required\" name=\"wpforms[fields][1]\" spellcheck=\"false\" required><\/div><div id=\"wpforms-1987-field_2-container\" class=\"wpforms-field wpforms-field-textarea\" data-field-id=\"2\"><label class=\"wpforms-field-label\" for=\"wpforms-1987-field_2\">Mensagem <span class=\"wpforms-required-label\">*<\/span><\/label><textarea id=\"wpforms-1987-field_2\" class=\"wpforms-field-medium wpforms-field-required\" name=\"wpforms[fields][2]\" required><\/textarea><\/div><div id=\"wpforms-1987-field_8-container\" class=\"wpforms-field wpforms-field-captcha\" data-field-id=\"8\"><label class=\"wpforms-field-label\" for=\"wpforms-1987-field_8\">Custom Captcha <span class=\"wpforms-required-label\">*<\/span><\/label>\t\t\t<div class=\"wpforms-captcha-math\">\n\t\t\t\t<span id=\"wpforms-1987-field_8-question\" class=\"wpforms-captcha-equation\">\n\t\t\t\t\t<span class=\"n1\">10<\/span>\n\t\t\t\t\t\t\t<span class=\"cal\">+<\/span>\n\t\t\t\t\t\t\t<span class=\"n2\">9<\/span>\t\t\t\t\t<span class=\"e\">=<\/span>\n\t\t\t\t<\/span>\n\t\t\t\t<input type=\"text\" id=\"wpforms-1987-field_8\" class=\"wpforms-field-medium wpforms-field-required a\" data-rule-wpf-captcha=\"math\" data-is-wrapped-field=\"1\" name=\"wpforms[fields][8][a]\" aria-describedby=\"wpforms-1987-field_8-question\" required>\t\t\t\t<input type=\"hidden\" name=\"wpforms[fields][8][cal]\" class=\"cal\">\n\t\t\t\t<input type=\"hidden\" name=\"wpforms[fields][8][n2]\" class=\"n2\">\n\t\t\t\t<input type=\"hidden\" name=\"wpforms[fields][8][n1]\" class=\"n1\">\n\t\t\t<\/div>\n\t\t\t<\/div><\/div><!-- .wpforms-field-container --><div class=\"wpforms-submit-container\" ><input type=\"hidden\" name=\"wpforms[id]\" value=\"1987\"><input type=\"hidden\" name=\"page_title\" value=\"\"><input type=\"hidden\" name=\"page_url\" value=\"https:\/\/ruituostore.com\/pt\/wp-json\/wp\/v2\/pages\/1909\"><button type=\"submit\" name=\"wpforms[submit]\" id=\"wpforms-submit-1987\" class=\"wpforms-submit\" data-alt-text=\"Sending...\" data-submit-text=\"Submit\" aria-live=\"assertive\" value=\"wpforms-submit\">Submeter<\/button><img decoding=\"async\" src=\"https:\/\/ruituostore.com\/wp-content\/plugins\/wpforms\/assets\/images\/submit-spin.svg\" class=\"wpforms-submit-spinner\" style=\"display: none;\" width=\"26\" height=\"26\" alt=\"Loading\"><\/div><input type=\"hidden\" name=\"trp-form-language\" value=\"pt\"\/><\/form><\/div>  <!-- .wpforms-container --><\/div><\/div><\/div><div class=\"vc_row wpb_row vc_row-fluid bg-image-ps-inherit\"><div class=\"wpb_column vc_column_container vc_col-sm-12\"><div class=\"vc_column-inner\"><div class=\"wpb_wrapper\">\n\t<div class=\"wpb_text_column wpb_content_element\" >\n\t\t<div class=\"wpb_wrapper\">\n\t\t\t\n\t\t<\/div>\n\t<\/div>\n<\/div><\/div><\/div><\/div>\n<\/div>","protected":false},"excerpt":{"rendered":"Contact with us The development of the industry is leaded and promoted Support We can provide technical support. We can send workers to customer\u2019s countries if customer needs. Shipping Safe and high-speed logistics channels\uff0cWe undertake the cost until the last mile to you or your customer. After sales Fast and flexible payment system\uff0cWe do comprehensive [...]","protected":false},"author":1,"featured_media":0,"parent":0,"menu_order":0,"comment_status":"closed","ping_status":"closed","template":"","meta":{"footnotes":""},"class_list":["post-1909","page","type-page","status-publish","hentry"],"yoast_head":"<!-- This site is optimized with the Yoast SEO Premium plugin v21.5 (Yoast SEO v27.4) - https:\/\/yoast.com\/product\/yoast-seo-premium-wordpress\/ -->\n<title>Contact - RuiTuo New Energy<\/title>\n<meta name=\"description\" content=\"Do you have any questions about our products or services? You can get in touch with us using the information .\" \/>\n<meta name=\"robots\" content=\"index, follow, max-snippet:-1, max-image-preview:large, max-video-preview:-1\" \/>\n<link rel=\"canonical\" href=\"https:\/\/ruituostore.com\/pt\/contact\/\" \/>\n<meta property=\"og:locale\" content=\"pt_PT\" \/>\n<meta property=\"og:type\" content=\"article\" \/>\n<meta property=\"og:title\" content=\"Contact\" \/>\n<meta property=\"og:description\" content=\"Do you have any questions about our products or services? You can get in touch with us using the information .\" \/>\n<meta property=\"og:url\" content=\"https:\/\/ruituostore.com\/pt\/contact\/\" \/>\n<meta property=\"og:site_name\" content=\"RuiTuo New Energy\" \/>\n<meta property=\"article:modified_time\" content=\"2026-02-10T07:21:50+00:00\" \/>\n<meta name=\"twitter:card\" content=\"summary_large_image\" \/>\n<meta name=\"twitter:label1\" content=\"Tempo estimado de leitura\" \/>\n\t<meta name=\"twitter:data1\" content=\"1 minuto\" \/>\n<script type=\"application\/ld+json\" class=\"yoast-schema-graph\">{\"@context\":\"https:\\\/\\\/schema.org\",\"@graph\":[{\"@type\":\"WebPage\",\"@id\":\"https:\\\/\\\/ruituostore.com\\\/contact\\\/\",\"url\":\"https:\\\/\\\/ruituostore.com\\\/contact\\\/\",\"name\":\"Contact - RuiTuo New Energy\",\"isPartOf\":{\"@id\":\"https:\\\/\\\/ruituostore.com\\\/#website\"},\"datePublished\":\"2023-10-15T10:15:50+00:00\",\"dateModified\":\"2026-02-10T07:21:50+00:00\",\"description\":\"Do you have any questions about our products or services? You can get in touch with us using the information .\",\"breadcrumb\":{\"@id\":\"https:\\\/\\\/ruituostore.com\\\/contact\\\/#breadcrumb\"},\"inLanguage\":\"pt-PT\",\"potentialAction\":[{\"@type\":\"ReadAction\",\"target\":[\"https:\\\/\\\/ruituostore.com\\\/contact\\\/\"]}]},{\"@type\":\"BreadcrumbList\",\"@id\":\"https:\\\/\\\/ruituostore.com\\\/contact\\\/#breadcrumb\",\"itemListElement\":[{\"@type\":\"ListItem\",\"position\":1,\"name\":\"Home\",\"item\":\"https:\\\/\\\/ruituostore.com\\\/\"},{\"@type\":\"ListItem\",\"position\":2,\"name\":\"Contact\"}]},{\"@type\":\"WebSite\",\"@id\":\"https:\\\/\\\/ruituostore.com\\\/#website\",\"url\":\"https:\\\/\\\/ruituostore.com\\\/\",\"name\":\"RuiTuo New Energy\",\"description\":\"Professional manufacturer of energy storage systems\",\"publisher\":{\"@id\":\"https:\\\/\\\/ruituostore.com\\\/#organization\"},\"potentialAction\":[{\"@type\":\"SearchAction\",\"target\":{\"@type\":\"EntryPoint\",\"urlTemplate\":\"https:\\\/\\\/ruituostore.com\\\/?s={search_term_string}\"},\"query-input\":{\"@type\":\"PropertyValueSpecification\",\"valueRequired\":true,\"valueName\":\"search_term_string\"}}],\"inLanguage\":\"pt-PT\"},{\"@type\":[\"Organization\",\"Place\"],\"@id\":\"https:\\\/\\\/ruituostore.com\\\/#organization\",\"name\":\"Anhui Ruituo New Energy Technology Co., LTD.\",\"alternateName\":\"Ruituo\",\"url\":\"https:\\\/\\\/ruituostore.com\\\/\",\"logo\":{\"@id\":\"https:\\\/\\\/ruituostore.com\\\/contact\\\/#local-main-organization-logo\"},\"image\":{\"@id\":\"https:\\\/\\\/ruituostore.com\\\/contact\\\/#local-main-organization-logo\"},\"openingHoursSpecification\":[{\"@type\":\"OpeningHoursSpecification\",\"dayOfWeek\":[\"Monday\",\"Tuesday\",\"Wednesday\",\"Thursday\",\"Friday\",\"Saturday\",\"Sunday\"],\"opens\":\"09:00\",\"closes\":\"17:00\"}]},{\"@type\":\"ImageObject\",\"inLanguage\":\"pt-PT\",\"@id\":\"https:\\\/\\\/ruituostore.com\\\/contact\\\/#local-main-organization-logo\",\"url\":\"https:\\\/\\\/ruituostore.com\\\/wp-content\\\/uploads\\\/2023\\\/12\\\/RUITUO_logo.jpg\",\"contentUrl\":\"https:\\\/\\\/ruituostore.com\\\/wp-content\\\/uploads\\\/2023\\\/12\\\/RUITUO_logo.jpg\",\"width\":696,\"height\":696,\"caption\":\"Anhui Ruituo New Energy Technology Co., LTD.\"}]}<\/script>\n<!-- \/ Yoast SEO Premium plugin. -->","yoast_head_json":{"title":"Contact - RuiTuo New Energy","description":"Do you have any questions about our products or services? You can get in touch with us using the information .","robots":{"index":"index","follow":"follow","max-snippet":"max-snippet:-1","max-image-preview":"max-image-preview:large","max-video-preview":"max-video-preview:-1"},"canonical":"https:\/\/ruituostore.com\/pt\/contact\/","og_locale":"pt_PT","og_type":"article","og_title":"Contact","og_description":"Do you have any questions about our products or services? You can get in touch with us using the information .","og_url":"https:\/\/ruituostore.com\/pt\/contact\/","og_site_name":"RuiTuo New Energy","article_modified_time":"2026-02-10T07:21:50+00:00","twitter_card":"summary_large_image","twitter_misc":{"Tempo estimado de leitura":"1 minuto"},"schema":{"@context":"https:\/\/schema.org","@graph":[{"@type":"WebPage","@id":"https:\/\/ruituostore.com\/contact\/","url":"https:\/\/ruituostore.com\/contact\/","name":"Contact - RuiTuo New Energy","isPartOf":{"@id":"https:\/\/ruituostore.com\/#website"},"datePublished":"2023-10-15T10:15:50+00:00","dateModified":"2026-02-10T07:21:50+00:00","description":"Do you have any questions about our products or services? You can get in touch with us using the information .","breadcrumb":{"@id":"https:\/\/ruituostore.com\/contact\/#breadcrumb"},"inLanguage":"pt-PT","potentialAction":[{"@type":"ReadAction","target":["https:\/\/ruituostore.com\/contact\/"]}]},{"@type":"BreadcrumbList","@id":"https:\/\/ruituostore.com\/contact\/#breadcrumb","itemListElement":[{"@type":"ListItem","position":1,"name":"Home","item":"https:\/\/ruituostore.com\/"},{"@type":"ListItem","position":2,"name":"Contact"}]},{"@type":"WebSite","@id":"https:\/\/ruituostore.com\/#website","url":"https:\/\/ruituostore.com\/","name":"RuiTuo New Energy","description":"Professional manufacturer of energy storage systems","publisher":{"@id":"https:\/\/ruituostore.com\/#organization"},"potentialAction":[{"@type":"SearchAction","target":{"@type":"EntryPoint","urlTemplate":"https:\/\/ruituostore.com\/?s={search_term_string}"},"query-input":{"@type":"PropertyValueSpecification","valueRequired":true,"valueName":"search_term_string"}}],"inLanguage":"pt-PT"},{"@type":["Organization","Place"],"@id":"https:\/\/ruituostore.com\/#organization","name":"Anhui Ruituo New Energy Technology Co., LTD.","alternateName":"Ruituo","url":"https:\/\/ruituostore.com\/","logo":{"@id":"https:\/\/ruituostore.com\/contact\/#local-main-organization-logo"},"image":{"@id":"https:\/\/ruituostore.com\/contact\/#local-main-organization-logo"},"openingHoursSpecification":[{"@type":"OpeningHoursSpecification","dayOfWeek":["Monday","Tuesday","Wednesday","Thursday","Friday","Saturday","Sunday"],"opens":"09:00","closes":"17:00"}]},{"@type":"ImageObject","inLanguage":"pt-PT","@id":"https:\/\/ruituostore.com\/contact\/#local-main-organization-logo","url":"https:\/\/ruituostore.com\/wp-content\/uploads\/2023\/12\/RUITUO_logo.jpg","contentUrl":"https:\/\/ruituostore.com\/wp-content\/uploads\/2023\/12\/RUITUO_logo.jpg","width":696,"height":696,"caption":"Anhui Ruituo New Energy Technology Co., LTD."}]}},"_links":{"self":[{"href":"https:\/\/ruituostore.com\/pt\/wp-json\/wp\/v2\/pages\/1909","targetHints":{"allow":["GET"]}}],"collection":[{"href":"https:\/\/ruituostore.com\/pt\/wp-json\/wp\/v2\/pages"}],"about":[{"href":"https:\/\/ruituostore.com\/pt\/wp-json\/wp\/v2\/types\/page"}],"author":[{"embeddable":true,"href":"https:\/\/ruituostore.com\/pt\/wp-json\/wp\/v2\/users\/1"}],"replies":[{"embeddable":true,"href":"https:\/\/ruituostore.com\/pt\/wp-json\/wp\/v2\/comments?post=1909"}],"version-history":[{"count":23,"href":"https:\/\/ruituostore.com\/pt\/wp-json\/wp\/v2\/pages\/1909\/revisions"}],"predecessor-version":[{"id":5288,"href":"https:\/\/ruituostore.com\/pt\/wp-json\/wp\/v2\/pages\/1909\/revisions\/5288"}],"wp:attachment":[{"href":"https:\/\/ruituostore.com\/pt\/wp-json\/wp\/v2\/media?parent=1909"}],"curies":[{"name":"wp","href":"https:\/\/api.w.org\/{rel}","templated":true}]}}