{"id":2502,"date":"2023-11-07T14:15:06","date_gmt":"2023-11-07T14:15:06","guid":{"rendered":"https:\/\/ruituostore.com\/?post_type=product&#038;p=2502"},"modified":"2024-09-14T02:14:00","modified_gmt":"2024-09-14T02:14:00","slug":"wall","status":"publish","type":"product","link":"https:\/\/ruituostore.com\/pt\/produto\/wall\/","title":{"rendered":"IP65 Inverter"},"content":{"rendered":"<h4><\/h4>\n\n<table id=\"tablepress-1\" class=\"tablepress tablepress-id-1\">\n<tbody class=\"row-hover\">\n<tr class=\"row-1 odd\">\n\t<td class=\"column-1\">Modelo<\/td><td class=\"column-2\">RTXY5KWPCSON<\/td>\n<\/tr>\n<tr class=\"row-2 even\">\n\t<td class=\"column-1\">Pot\u00eancia nominal<\/td><td class=\"column-2\">5000VA\/5000W<\/td>\n<\/tr>\n<tr class=\"row-3 odd\">\n\t<td class=\"column-1\"><strong>Entrada<\/strong><\/td><td class=\"column-2\"><\/td>\n<\/tr>\n<tr class=\"row-4 even\">\n\t<td class=\"column-1\">Tens\u00e3o<\/td><td class=\"column-2\">230VAC<\/td>\n<\/tr>\n<tr class=\"row-5 odd\">\n\t<td class=\"column-1\">Gama de tens\u00e3o selecion\u00e1vel<\/td><td class=\"column-2\">170-280VAC (para computadores pessoais);<\/td>\n<\/tr>\n<tr class=\"row-6 even\">\n\t<td class=\"column-1\"><\/td><td class=\"column-2\">90-280VAC (para electrodom\u00e9sticos)<\/td>\n<\/tr>\n<tr class=\"row-7 odd\">\n\t<td class=\"column-1\">Gama de frequ\u00eancias<\/td><td class=\"column-2\">50Hz\/60Hz (dete\u00e7\u00e3o autom\u00e1tica)<\/td>\n<\/tr>\n<tr class=\"row-8 even\">\n\t<td class=\"column-1\"><strong>Sa\u00edda<\/strong><\/td><td class=\"column-2\"><\/td>\n<\/tr>\n<tr class=\"row-9 odd\">\n\t<td class=\"column-1\">Regula\u00e7\u00e3o da tens\u00e3o CA (modo Batt.)<\/td><td class=\"column-2\">230VAC\u00b15%<\/td>\n<\/tr>\n<tr class=\"row-10 even\">\n\t<td class=\"column-1\">Energia de pico<\/td><td class=\"column-2\">10000VA<\/td>\n<\/tr>\n<tr class=\"row-11 odd\">\n\t<td class=\"column-1\">Efici\u00eancia (pico)<\/td><td class=\"column-2\">93%<\/td>\n<\/tr>\n<tr class=\"row-12 even\">\n\t<td class=\"column-1\">Tempo de transfer\u00eancia<\/td><td class=\"column-2\">10 ms (para computadores pessoais);<\/td>\n<\/tr>\n<tr class=\"row-13 odd\">\n\t<td class=\"column-1\"><\/td><td class=\"column-2\">20 ms (para electrodom\u00e9sticos)<\/td>\n<\/tr>\n<tr class=\"row-14 even\">\n\t<td class=\"column-1\">Forma de onda<\/td><td class=\"column-2\">Onda sinusoidal pura<\/td>\n<\/tr>\n<tr class=\"row-15 odd\">\n\t<td class=\"column-1\"><strong>Bateria<\/strong><\/td><td class=\"column-2\"><\/td>\n<\/tr>\n<tr class=\"row-16 even\">\n\t<td class=\"column-1\">Tens\u00e3o da bateria<\/td><td class=\"column-2\">48VDC<\/td>\n<\/tr>\n<tr class=\"row-17 odd\">\n\t<td class=\"column-1\">Tens\u00e3o de carga flutuante<\/td><td class=\"column-2\">54VDC<\/td>\n<\/tr>\n<tr class=\"row-18 even\">\n\t<td class=\"column-1\">Prote\u00e7\u00e3o contra sobrecarga<\/td><td class=\"column-2\">63VDC<\/td>\n<\/tr>\n<tr class=\"row-19 odd\">\n\t<td class=\"column-1\"><strong>Carregador solar e carregador CA<\/strong><\/td><td class=\"column-2\"><\/td>\n<\/tr>\n<tr class=\"row-20 even\">\n\t<td class=\"column-1\">Tipo de carregador solar<\/td><td class=\"column-2\">MPPT<\/td>\n<\/tr>\n<tr class=\"row-21 odd\">\n\t<td class=\"column-1\">Tens\u00e3o m\u00e1xima de circuito aberto do painel fotovoltaico<\/td><td class=\"column-2\">500VDC<\/td>\n<\/tr>\n<tr class=\"row-22 even\">\n\t<td class=\"column-1\">Pot\u00eancia m\u00e1xima do painel fotovoltaico<\/td><td class=\"column-2\">5000W<\/td>\n<\/tr>\n<tr class=\"row-23 odd\">\n\t<td class=\"column-1\">Mppt Gama@Tens\u00e3o de funcionamento<\/td><td class=\"column-2\">120~450VDC<\/td>\n<\/tr>\n<tr class=\"row-24 even\">\n\t<td class=\"column-1\">Corrente m\u00e1xima de carga solar<\/td><td class=\"column-2\">100A<\/td>\n<\/tr>\n<tr class=\"row-25 odd\">\n\t<td class=\"column-1\">Corrente de carga CA m\u00e1xima<\/td><td class=\"column-2\">100A<\/td>\n<\/tr>\n<tr class=\"row-26 even\">\n\t<td class=\"column-1\">Corrente de carga m\u00e1xima<\/td><td class=\"column-2\">100A<\/td>\n<\/tr>\n<tr class=\"row-27 odd\">\n\t<td class=\"column-1\"><strong>F\u00edsico<\/strong><\/td><td class=\"column-2\"><\/td>\n<\/tr>\n<tr class=\"row-28 even\">\n\t<td class=\"column-1\">Dimens\u00e3o<\/td><td class=\"column-2\">120*300*440(mm)<\/td>\n<\/tr>\n<tr class=\"row-29 odd\">\n\t<td class=\"column-1\">Peso l\u00edquido<\/td><td class=\"column-2\">10 kg<\/td>\n<\/tr>\n<tr class=\"row-30 even\">\n\t<td class=\"column-1\">Interface de comunica\u00e7\u00e3o<\/td><td class=\"column-2\">RS232\/RS485, WiFi opcional<\/td>\n<\/tr>\n<tr class=\"row-31 odd\">\n\t<td class=\"column-1\"><strong>Ambiente<\/strong><\/td><td class=\"column-2\"><\/td>\n<\/tr>\n<tr class=\"row-32 even\">\n\t<td class=\"column-1\">Humidade<\/td><td class=\"column-2\">5% a 95% Humidade relativa (sem condensa\u00e7\u00e3o)<\/td>\n<\/tr>\n<tr class=\"row-33 odd\">\n\t<td class=\"column-1\">Temperatura de funcionamento<\/td><td class=\"column-2\">-10\u2103-50\u2103<\/td>\n<\/tr>\n<tr class=\"row-34 even\">\n\t<td class=\"column-1\">Temperatura de armazenamento<\/td><td class=\"column-2\">-15\u2103-60\u2103<\/td>\n<\/tr>\n<\/tbody>\n<\/table>\n\n<h3><img decoding=\"async\" class=\"alignnone size-medium wp-image-3821\" src=\"https:\/\/ruituostore.com\/wp-content\/uploads\/2023\/11\/Aa08c5fac1f6d432c9c9eca293f2a4077o-1-413x455.webp\" alt=\"\" width=\"790\" height=\"1392\" srcset=\"https:\/\/ruituostore.com\/wp-content\/uploads\/2023\/11\/Aa08c5fac1f6d432c9c9eca293f2a4077o-1-768x1353.webp 768w, https:\/\/ruituostore.com\/wp-content\/uploads\/2023\/11\/Aa08c5fac1f6d432c9c9eca293f2a4077o-1-7x12.webp 7w, https:\/\/ruituostore.com\/wp-content\/uploads\/2023\/11\/Aa08c5fac1f6d432c9c9eca293f2a4077o-1-600x1057.webp 600w, https:\/\/ruituostore.com\/wp-content\/uploads\/2023\/11\/Aa08c5fac1f6d432c9c9eca293f2a4077o-1.webp 790w\" sizes=\"(max-width: 790px) 100vw, 790px\" \/><br \/>\n<img decoding=\"async\" class=\"alignnone size-medium wp-image-3814\" src=\"https:\/\/ruituostore.com\/wp-content\/uploads\/2023\/11\/A0ab6512ebeef419b863c70408d48b334h-413x455.webp\" alt=\"\" width=\"790\" height=\"879\" srcset=\"https:\/\/ruituostore.com\/wp-content\/uploads\/2023\/11\/A0ab6512ebeef419b863c70408d48b334h-768x855.webp 768w, https:\/\/ruituostore.com\/wp-content\/uploads\/2023\/11\/A0ab6512ebeef419b863c70408d48b334h-11x12.webp 11w, https:\/\/ruituostore.com\/wp-content\/uploads\/2023\/11\/A0ab6512ebeef419b863c70408d48b334h-600x668.webp 600w, https:\/\/ruituostore.com\/wp-content\/uploads\/2023\/11\/A0ab6512ebeef419b863c70408d48b334h.webp 790w\" sizes=\"(max-width: 790px) 100vw, 790px\" \/><br \/>\n<img decoding=\"async\" class=\"alignnone size-medium wp-image-3815\" src=\"https:\/\/ruituostore.com\/wp-content\/uploads\/2023\/11\/A178ceb90280a4099b392f2ff3abdb3c56-413x455.webp\" alt=\"\" width=\"790\" height=\"756\" srcset=\"https:\/\/ruituostore.com\/wp-content\/uploads\/2023\/11\/A178ceb90280a4099b392f2ff3abdb3c56-768x735.webp 768w, https:\/\/ruituostore.com\/wp-content\/uploads\/2023\/11\/A178ceb90280a4099b392f2ff3abdb3c56-13x12.webp 13w, https:\/\/ruituostore.com\/wp-content\/uploads\/2023\/11\/A178ceb90280a4099b392f2ff3abdb3c56-600x574.webp 600w, https:\/\/ruituostore.com\/wp-content\/uploads\/2023\/11\/A178ceb90280a4099b392f2ff3abdb3c56.webp 790w\" sizes=\"(max-width: 790px) 100vw, 790px\" \/><br \/>\n<img decoding=\"async\" class=\"alignnone size-medium wp-image-3817\" src=\"https:\/\/ruituostore.com\/wp-content\/uploads\/2023\/11\/A750a1b93beea4c8190f39cab829a2309S-413x455.webp\" alt=\"\" width=\"790\" height=\"704\" srcset=\"https:\/\/ruituostore.com\/wp-content\/uploads\/2023\/11\/A750a1b93beea4c8190f39cab829a2309S-768x684.webp 768w, https:\/\/ruituostore.com\/wp-content\/uploads\/2023\/11\/A750a1b93beea4c8190f39cab829a2309S-13x12.webp 13w, https:\/\/ruituostore.com\/wp-content\/uploads\/2023\/11\/A750a1b93beea4c8190f39cab829a2309S-600x535.webp 600w, https:\/\/ruituostore.com\/wp-content\/uploads\/2023\/11\/A750a1b93beea4c8190f39cab829a2309S.webp 790w\" sizes=\"(max-width: 790px) 100vw, 790px\" \/><br \/>\n<img decoding=\"async\" class=\"alignnone size-medium wp-image-3816\" src=\"https:\/\/ruituostore.com\/wp-content\/uploads\/2023\/11\/A588d7a98d083431cb0c69f6656ec6f1bp-413x455.webp\" alt=\"\" width=\"790\" height=\"611\" srcset=\"https:\/\/ruituostore.com\/wp-content\/uploads\/2023\/11\/A588d7a98d083431cb0c69f6656ec6f1bp-768x594.webp 768w, https:\/\/ruituostore.com\/wp-content\/uploads\/2023\/11\/A588d7a98d083431cb0c69f6656ec6f1bp-16x12.webp 16w, https:\/\/ruituostore.com\/wp-content\/uploads\/2023\/11\/A588d7a98d083431cb0c69f6656ec6f1bp-600x464.webp 600w, https:\/\/ruituostore.com\/wp-content\/uploads\/2023\/11\/A588d7a98d083431cb0c69f6656ec6f1bp.webp 790w\" sizes=\"(max-width: 790px) 100vw, 790px\" \/><br \/>\n<img decoding=\"async\" class=\"alignnone size-medium wp-image-3820\" src=\"https:\/\/ruituostore.com\/wp-content\/uploads\/2023\/11\/H1a5fb3d7a554463baa12e48a48130edcs-413x455.webp\" alt=\"\" width=\"790\" height=\"848\" srcset=\"https:\/\/ruituostore.com\/wp-content\/uploads\/2023\/11\/H1a5fb3d7a554463baa12e48a48130edcs-768x824.webp 768w, https:\/\/ruituostore.com\/wp-content\/uploads\/2023\/11\/H1a5fb3d7a554463baa12e48a48130edcs-11x12.webp 11w, https:\/\/ruituostore.com\/wp-content\/uploads\/2023\/11\/H1a5fb3d7a554463baa12e48a48130edcs-600x644.webp 600w, https:\/\/ruituostore.com\/wp-content\/uploads\/2023\/11\/H1a5fb3d7a554463baa12e48a48130edcs.webp 790w\" sizes=\"(max-width: 790px) 100vw, 790px\" \/><br \/>\n<img decoding=\"async\" class=\"alignnone size-medium wp-image-3819\" src=\"https:\/\/ruituostore.com\/wp-content\/uploads\/2023\/11\/Af3526af5171041df9857ea963f184398b-413x455.webp\" alt=\"\" width=\"790\" height=\"852\" srcset=\"https:\/\/ruituostore.com\/wp-content\/uploads\/2023\/11\/Af3526af5171041df9857ea963f184398b-768x828.webp 768w, https:\/\/ruituostore.com\/wp-content\/uploads\/2023\/11\/Af3526af5171041df9857ea963f184398b-11x12.webp 11w, https:\/\/ruituostore.com\/wp-content\/uploads\/2023\/11\/Af3526af5171041df9857ea963f184398b-600x647.webp 600w, https:\/\/ruituostore.com\/wp-content\/uploads\/2023\/11\/Af3526af5171041df9857ea963f184398b.webp 790w\" sizes=\"(max-width: 790px) 100vw, 790px\" \/><br \/>\n<a name=\"bottom\"><\/a><br \/>\nObtenha o seu or\u00e7amento sem compromisso AGORA.<br \/>\n<div class=\"wpforms-container wpforms-container-full\" id=\"wpforms-1987\"><form id=\"wpforms-form-1987\" class=\"wpforms-validate wpforms-form wpforms-ajax-form\" data-formid=\"1987\" method=\"post\" enctype=\"multipart\/form-data\" action=\"\/pt\/wp-json\/wp\/v2\/product\/2502\" data-token=\"ec03dd6514727d82c384346931a2cd1d\" data-token-time=\"1775631866\" data-trp-original-action=\"\/pt\/wp-json\/wp\/v2\/product\/2502\"><noscript class=\"wpforms-error-noscript\">Please enable JavaScript in your browser to complete this form.<\/noscript><div class=\"wpforms-field-container\"><div id=\"wpforms-1987-field_0-container\" class=\"wpforms-field wpforms-field-name\" data-field-id=\"0\"><label class=\"wpforms-field-label\" for=\"wpforms-1987-field_0\">Nome <span class=\"wpforms-required-label\">*<\/span><\/label><div class=\"wpforms-field-row wpforms-field-medium\"><div class=\"wpforms-field-row-block wpforms-first wpforms-one-half\"><input type=\"text\" id=\"wpforms-1987-field_0\" class=\"wpforms-field-name-first wpforms-field-required\" name=\"wpforms[fields][0][first]\" required><label for=\"wpforms-1987-field_0\" class=\"wpforms-field-sublabel after\">First<\/label><\/div><div class=\"wpforms-field-row-block wpforms-one-half\"><input type=\"text\" id=\"wpforms-1987-field_0-last\" class=\"wpforms-field-name-last wpforms-field-required\" name=\"wpforms[fields][0][last]\" required><label for=\"wpforms-1987-field_0-last\" class=\"wpforms-field-sublabel after\">Last<\/label><\/div><\/div><\/div><div id=\"wpforms-1987-field_1-container\" class=\"wpforms-field wpforms-field-email\" data-field-id=\"1\"><label class=\"wpforms-field-label\" for=\"wpforms-1987-field_1\">Correio eletr\u00f3nico <span class=\"wpforms-required-label\">*<\/span><\/label><input type=\"email\" id=\"wpforms-1987-field_1\" class=\"wpforms-field-medium wpforms-field-required\" name=\"wpforms[fields][1]\" spellcheck=\"false\" required><\/div><div id=\"wpforms-1987-field_2-container\" class=\"wpforms-field wpforms-field-textarea\" data-field-id=\"2\"><label class=\"wpforms-field-label\" for=\"wpforms-1987-field_2\">Mensagem <span class=\"wpforms-required-label\">*<\/span><\/label><textarea id=\"wpforms-1987-field_2\" class=\"wpforms-field-medium wpforms-field-required\" name=\"wpforms[fields][2]\" required><\/textarea><\/div><div id=\"wpforms-1987-field_8-container\" class=\"wpforms-field wpforms-field-captcha\" data-field-id=\"8\"><label class=\"wpforms-field-label\" for=\"wpforms-1987-field_8\">Custom Captcha <span class=\"wpforms-required-label\">*<\/span><\/label>\t\t\t<div class=\"wpforms-captcha-math\">\n\t\t\t\t<span id=\"wpforms-1987-field_8-question\" class=\"wpforms-captcha-equation\">\n\t\t\t\t\t<span class=\"n1\">15<\/span>\n\t\t\t\t\t\t\t<span class=\"cal\">+<\/span>\n\t\t\t\t\t\t\t<span class=\"n2\">12<\/span>\t\t\t\t\t<span class=\"e\">=<\/span>\n\t\t\t\t<\/span>\n\t\t\t\t<input type=\"text\" id=\"wpforms-1987-field_8\" class=\"wpforms-field-medium wpforms-field-required a\" data-rule-wpf-captcha=\"math\" data-is-wrapped-field=\"1\" name=\"wpforms[fields][8][a]\" aria-describedby=\"wpforms-1987-field_8-question\" required>\t\t\t\t<input type=\"hidden\" name=\"wpforms[fields][8][cal]\" class=\"cal\">\n\t\t\t\t<input type=\"hidden\" name=\"wpforms[fields][8][n2]\" class=\"n2\">\n\t\t\t\t<input type=\"hidden\" name=\"wpforms[fields][8][n1]\" class=\"n1\">\n\t\t\t<\/div>\n\t\t\t<\/div><\/div><!-- .wpforms-field-container --><div class=\"wpforms-submit-container\" ><input type=\"hidden\" name=\"wpforms[id]\" value=\"1987\"><input type=\"hidden\" name=\"page_title\" value=\"\"><input type=\"hidden\" name=\"page_url\" value=\"https:\/\/ruituostore.com\/pt\/wp-json\/wp\/v2\/product\/2502\"><button type=\"submit\" name=\"wpforms[submit]\" id=\"wpforms-submit-1987\" class=\"wpforms-submit\" data-alt-text=\"Sending...\" data-submit-text=\"Submit\" aria-live=\"assertive\" value=\"wpforms-submit\">Submeter<\/button><img decoding=\"async\" src=\"https:\/\/ruituostore.com\/wp-content\/plugins\/wpforms\/assets\/images\/submit-spin.svg\" class=\"wpforms-submit-spinner\" style=\"display: none;\" width=\"26\" height=\"26\" alt=\"Loading\"><\/div><input type=\"hidden\" name=\"trp-form-language\" value=\"pt\"\/><\/form><\/div>  <!-- .wpforms-container --><\/h3>","protected":false},"excerpt":{"rendered":"<h2>IP65 Inverter<\/h2>\n[video width=\"1280\" height=\"720\" mp4=\"https:\/\/ruituostore.com\/wp-content\/uploads\/2024\/09\/IP65-Inverter.mp4\"][\/video]\n<div style=\"text-align: center;\"><\/div>\n<h4><\/h4>\n<p><a href=\"mailto:info@ruituostore.com\"><img decoding=\"async\" src=\"https:\/\/ruituostore.com\/wp-content\/uploads\/2019\/10\/ruituostorenewenergy434343.webp\" alt=\"\" width=\"150\" height=\"43\" \/><\/a><\/p>","protected":false},"featured_media":3810,"comment_status":"closed","ping_status":"closed","template":"","meta":[],"product_cat":[60],"product_tag":[204],"class_list":["post-2502","product","type-product","status-publish","has-post-thumbnail","hentry","product_cat-others","product_tag-off-grid-inverter"],"_links":{"self":[{"href":"https:\/\/ruituostore.com\/pt\/wp-json\/wp\/v2\/product\/2502","targetHints":{"allow":["GET"]}}],"collection":[{"href":"https:\/\/ruituostore.com\/pt\/wp-json\/wp\/v2\/product"}],"about":[{"href":"https:\/\/ruituostore.com\/pt\/wp-json\/wp\/v2\/types\/product"}],"replies":[{"embeddable":true,"href":"https:\/\/ruituostore.com\/pt\/wp-json\/wp\/v2\/comments?post=2502"}],"wp:featuredmedia":[{"embeddable":true,"href":"https:\/\/ruituostore.com\/pt\/wp-json\/wp\/v2\/media\/3810"}],"wp:attachment":[{"href":"https:\/\/ruituostore.com\/pt\/wp-json\/wp\/v2\/media?parent=2502"}],"wp:term":[{"taxonomy":"product_cat","embeddable":true,"href":"https:\/\/ruituostore.com\/pt\/wp-json\/wp\/v2\/product_cat?post=2502"},{"taxonomy":"product_tag","embeddable":true,"href":"https:\/\/ruituostore.com\/pt\/wp-json\/wp\/v2\/product_tag?post=2502"}],"curies":[{"name":"wp","href":"https:\/\/api.w.org\/{rel}","templated":true}]}}