{"id":4386,"date":"2023-12-14T06:59:39","date_gmt":"2023-12-14T06:59:39","guid":{"rendered":"https:\/\/ruituostore.com\/?post_type=product&#038;p=4386"},"modified":"2024-01-10T07:29:07","modified_gmt":"2024-01-10T07:29:07","slug":"hot-sale-ce-certified-ev-charger-wallbox-ev-charger-ac-wallbox-for-sale","status":"publish","type":"product","link":"https:\/\/ruituostore.com\/pt\/produto\/hot-sale-ce-certified-ev-charger-wallbox-ev-charger-ac-wallbox-for-sale\/","title":{"rendered":"Venda quente de carregador EV certificado CE wallbox carregador EV AC wallbox para venda"},"content":{"rendered":"<h4><\/h4>\n\n<table id=\"tablepress-20\" class=\"tablepress tablepress-id-20\">\n<tbody class=\"row-hover\">\n<tr class=\"row-1 odd\">\n\t<td class=\"column-1\">Modelo<\/td><td class=\"column-2\">RTYD3.5ACP<\/td>\n<\/tr>\n<tr class=\"row-2 even\">\n\t<td class=\"column-1\">Nome do produto<\/td><td class=\"column-2\">Pilha de carregamento de ve\u00edculos el\u00e9ctricos<\/td>\n<\/tr>\n<tr class=\"row-3 odd\">\n\t<td class=\"column-1\">Pot\u00eancia nominal de sa\u00edda<\/td><td class=\"column-2\">3,5-22Kw<\/td>\n<\/tr>\n<tr class=\"row-4 even\">\n\t<td class=\"column-1\">Gama de tens\u00e3o de entrada<\/td><td class=\"column-2\">220V\u00b115%<\/td>\n<\/tr>\n<tr class=\"row-5 odd\">\n\t<td class=\"column-1\">Frequ\u00eancia de entrada<\/td><td class=\"column-2\">45-60HZ<\/td>\n<\/tr>\n<tr class=\"row-6 even\">\n\t<td class=\"column-1\">Corrente nominal<\/td><td class=\"column-2\">16-32A<\/td>\n<\/tr>\n<tr class=\"row-7 odd\">\n\t<td class=\"column-1\">Junta de carga<\/td><td class=\"column-2\">1<\/td>\n<\/tr>\n<tr class=\"row-8 even\">\n\t<td class=\"column-1\">Grau de prote\u00e7\u00e3o<\/td><td class=\"column-2\">IP54<\/td>\n<\/tr>\n<tr class=\"row-9 odd\">\n\t<td class=\"column-1\">Ficha do carregador<\/td><td class=\"column-2\">liga\u00e7\u00e3o C<\/td>\n<\/tr>\n<tr class=\"row-10 even\">\n\t<td class=\"column-1\">Temp.<\/td><td class=\"column-2\">-20\u2103~50 \u2103<\/td>\n<\/tr>\n<tr class=\"row-11 odd\">\n\t<td class=\"column-1\">Temperatura de armazenamento.<\/td><td class=\"column-2\">-40\u2103~70 \u2103<\/td>\n<\/tr>\n<tr class=\"row-12 even\">\n\t<td class=\"column-1\">Prote\u00e7\u00e3o contra fugas<\/td><td class=\"column-2\">30mA<\/td>\n<\/tr>\n<tr class=\"row-13 odd\">\n\t<td class=\"column-1\">MTBF<\/td><td class=\"column-2\">50000 horas<\/td>\n<\/tr>\n<tr class=\"row-14 even\">\n\t<td class=\"column-1\">Resist\u00eancia diel\u00e9ctrica<\/td><td class=\"column-2\">\u22652000V<\/td>\n<\/tr>\n<tr class=\"row-15 odd\">\n\t<td class=\"column-1\">Ecr\u00e3<\/td><td class=\"column-2\">4,3 polegadas\/sem ecr\u00e3<\/td>\n<\/tr>\n<tr class=\"row-16 even\">\n\t<td class=\"column-1\">Material da caixa<\/td><td class=\"column-2\">Pl\u00e1stico<\/td>\n<\/tr>\n<tr class=\"row-17 odd\">\n\t<td class=\"column-1\">Comprimento do cabo<\/td><td class=\"column-2\">5 metros<\/td>\n<\/tr>\n<tr class=\"row-18 even\">\n\t<td class=\"column-1\">Modo de arranque<\/td><td class=\"column-2\">Passe o cart\u00e3o\/digitalize<\/td>\n<\/tr>\n<tr class=\"row-19 odd\">\n\t<td class=\"column-1\">Instala\u00e7\u00e3o<\/td><td class=\"column-2\">Montagem na parede<\/td>\n<\/tr>\n<tr class=\"row-20 even\">\n\t<td class=\"column-1\">Padr\u00e3o<\/td><td class=\"column-2\">CE<\/td>\n<\/tr>\n<tr class=\"row-21 odd\">\n\t<td class=\"column-1\">Prote\u00e7\u00e3o<\/td><td class=\"column-2\">Sobrecorrente, Subtens\u00e3o, Sobretens\u00e3o, Curto-circuito, Corrente residual, Prote\u00e7\u00e3o contra picos de tens\u00e3o, Sobretemperatura, Prote\u00e7\u00e3o de terra<\/td>\n<\/tr>\n<tr class=\"row-22 even\">\n\t<td class=\"column-1\">Tamanho do corpo principal<\/td><td class=\"column-2\">270mmx130mmmx400mm<\/td>\n<\/tr>\n<\/tbody>\n<\/table>\n<!-- #tablepress-20 from cache -->\n<h3><img decoding=\"async\" class=\"alignnone size-medium wp-image-4389\" src=\"https:\/\/ruituostore.com\/wp-content\/uploads\/2023\/12\/H339697ccac5b4fc1b128e07da9f0ca01m1-413x455.webp\" alt=\"\" width=\"790\" height=\"790\" srcset=\"https:\/\/ruituostore.com\/wp-content\/uploads\/2023\/12\/H339697ccac5b4fc1b128e07da9f0ca01m1-300x300.webp 300w, https:\/\/ruituostore.com\/wp-content\/uploads\/2023\/12\/H339697ccac5b4fc1b128e07da9f0ca01m1-768x768.webp 768w, https:\/\/ruituostore.com\/wp-content\/uploads\/2023\/12\/H339697ccac5b4fc1b128e07da9f0ca01m1-480x480.webp 480w, https:\/\/ruituostore.com\/wp-content\/uploads\/2023\/12\/H339697ccac5b4fc1b128e07da9f0ca01m1-160x160.webp 160w, https:\/\/ruituostore.com\/wp-content\/uploads\/2023\/12\/H339697ccac5b4fc1b128e07da9f0ca01m1-12x12.webp 12w, https:\/\/ruituostore.com\/wp-content\/uploads\/2023\/12\/H339697ccac5b4fc1b128e07da9f0ca01m1-600x600.webp 600w, https:\/\/ruituostore.com\/wp-content\/uploads\/2023\/12\/H339697ccac5b4fc1b128e07da9f0ca01m1.webp 790w\" sizes=\"(max-width: 790px) 100vw, 790px\" \/><br \/>\n<img decoding=\"async\" class=\"alignnone size-medium wp-image-4390\" src=\"https:\/\/ruituostore.com\/wp-content\/uploads\/2023\/12\/H339697ccac5b4fc1b128e07da9f0ca01m2-413x455.webp\" alt=\"\" width=\"790\" height=\"790\" srcset=\"https:\/\/ruituostore.com\/wp-content\/uploads\/2023\/12\/H339697ccac5b4fc1b128e07da9f0ca01m2-300x300.webp 300w, https:\/\/ruituostore.com\/wp-content\/uploads\/2023\/12\/H339697ccac5b4fc1b128e07da9f0ca01m2-768x768.webp 768w, https:\/\/ruituostore.com\/wp-content\/uploads\/2023\/12\/H339697ccac5b4fc1b128e07da9f0ca01m2-480x480.webp 480w, https:\/\/ruituostore.com\/wp-content\/uploads\/2023\/12\/H339697ccac5b4fc1b128e07da9f0ca01m2-160x160.webp 160w, https:\/\/ruituostore.com\/wp-content\/uploads\/2023\/12\/H339697ccac5b4fc1b128e07da9f0ca01m2-12x12.webp 12w, https:\/\/ruituostore.com\/wp-content\/uploads\/2023\/12\/H339697ccac5b4fc1b128e07da9f0ca01m2-600x600.webp 600w, https:\/\/ruituostore.com\/wp-content\/uploads\/2023\/12\/H339697ccac5b4fc1b128e07da9f0ca01m2.webp 790w\" sizes=\"(max-width: 790px) 100vw, 790px\" \/><br \/>\n<img decoding=\"async\" class=\"alignnone size-medium wp-image-4391\" src=\"https:\/\/ruituostore.com\/wp-content\/uploads\/2023\/12\/H339697ccac5b4fc1b128e07da9f0ca01m3-413x455.webp\" alt=\"\" width=\"790\" height=\"790\" srcset=\"https:\/\/ruituostore.com\/wp-content\/uploads\/2023\/12\/H339697ccac5b4fc1b128e07da9f0ca01m3-300x300.webp 300w, https:\/\/ruituostore.com\/wp-content\/uploads\/2023\/12\/H339697ccac5b4fc1b128e07da9f0ca01m3-768x768.webp 768w, https:\/\/ruituostore.com\/wp-content\/uploads\/2023\/12\/H339697ccac5b4fc1b128e07da9f0ca01m3-480x480.webp 480w, https:\/\/ruituostore.com\/wp-content\/uploads\/2023\/12\/H339697ccac5b4fc1b128e07da9f0ca01m3-160x160.webp 160w, https:\/\/ruituostore.com\/wp-content\/uploads\/2023\/12\/H339697ccac5b4fc1b128e07da9f0ca01m3-12x12.webp 12w, https:\/\/ruituostore.com\/wp-content\/uploads\/2023\/12\/H339697ccac5b4fc1b128e07da9f0ca01m3-600x600.webp 600w, https:\/\/ruituostore.com\/wp-content\/uploads\/2023\/12\/H339697ccac5b4fc1b128e07da9f0ca01m3.webp 790w\" sizes=\"(max-width: 790px) 100vw, 790px\" \/><br \/>\n<img decoding=\"async\" class=\"alignnone size-medium wp-image-4392\" src=\"https:\/\/ruituostore.com\/wp-content\/uploads\/2023\/12\/H339697ccac5b4fc1b128e07da9f0ca01m4-413x455.webp\" alt=\"\" width=\"790\" height=\"790\" srcset=\"https:\/\/ruituostore.com\/wp-content\/uploads\/2023\/12\/H339697ccac5b4fc1b128e07da9f0ca01m4-300x300.webp 300w, https:\/\/ruituostore.com\/wp-content\/uploads\/2023\/12\/H339697ccac5b4fc1b128e07da9f0ca01m4-768x768.webp 768w, https:\/\/ruituostore.com\/wp-content\/uploads\/2023\/12\/H339697ccac5b4fc1b128e07da9f0ca01m4-480x480.webp 480w, https:\/\/ruituostore.com\/wp-content\/uploads\/2023\/12\/H339697ccac5b4fc1b128e07da9f0ca01m4-160x160.webp 160w, https:\/\/ruituostore.com\/wp-content\/uploads\/2023\/12\/H339697ccac5b4fc1b128e07da9f0ca01m4-12x12.webp 12w, https:\/\/ruituostore.com\/wp-content\/uploads\/2023\/12\/H339697ccac5b4fc1b128e07da9f0ca01m4-600x600.webp 600w, https:\/\/ruituostore.com\/wp-content\/uploads\/2023\/12\/H339697ccac5b4fc1b128e07da9f0ca01m4.webp 790w\" sizes=\"(max-width: 790px) 100vw, 790px\" \/><br \/>\n<a name=\"bottom\"><\/a><br \/>\nObtenha o seu or\u00e7amento sem compromisso AGORA.<br \/>\n<div class=\"wpforms-container wpforms-container-full\" id=\"wpforms-1987\"><form id=\"wpforms-form-1987\" class=\"wpforms-validate wpforms-form wpforms-ajax-form\" data-formid=\"1987\" method=\"post\" enctype=\"multipart\/form-data\" action=\"\/pt\/wp-json\/wp\/v2\/product\/4386\" data-token=\"9ede22ba1efbb638100e914a90c9aced\" data-token-time=\"1775754145\" data-trp-original-action=\"\/pt\/wp-json\/wp\/v2\/product\/4386\"><noscript class=\"wpforms-error-noscript\">Please enable JavaScript in your browser to complete this form.<\/noscript><div class=\"wpforms-field-container\"><div id=\"wpforms-1987-field_0-container\" class=\"wpforms-field wpforms-field-name\" data-field-id=\"0\"><label class=\"wpforms-field-label\" for=\"wpforms-1987-field_0\">Nome <span class=\"wpforms-required-label\">*<\/span><\/label><div class=\"wpforms-field-row wpforms-field-medium\"><div class=\"wpforms-field-row-block wpforms-first wpforms-one-half\"><input type=\"text\" id=\"wpforms-1987-field_0\" class=\"wpforms-field-name-first wpforms-field-required\" name=\"wpforms[fields][0][first]\" required><label for=\"wpforms-1987-field_0\" class=\"wpforms-field-sublabel after\">First<\/label><\/div><div class=\"wpforms-field-row-block wpforms-one-half\"><input type=\"text\" id=\"wpforms-1987-field_0-last\" class=\"wpforms-field-name-last wpforms-field-required\" name=\"wpforms[fields][0][last]\" required><label for=\"wpforms-1987-field_0-last\" class=\"wpforms-field-sublabel after\">Last<\/label><\/div><\/div><\/div><div id=\"wpforms-1987-field_1-container\" class=\"wpforms-field wpforms-field-email\" data-field-id=\"1\"><label class=\"wpforms-field-label\" for=\"wpforms-1987-field_1\">Correio eletr\u00f3nico <span class=\"wpforms-required-label\">*<\/span><\/label><input type=\"email\" id=\"wpforms-1987-field_1\" class=\"wpforms-field-medium wpforms-field-required\" name=\"wpforms[fields][1]\" spellcheck=\"false\" required><\/div><div id=\"wpforms-1987-field_2-container\" class=\"wpforms-field wpforms-field-textarea\" data-field-id=\"2\"><label class=\"wpforms-field-label\" for=\"wpforms-1987-field_2\">Mensagem <span class=\"wpforms-required-label\">*<\/span><\/label><textarea id=\"wpforms-1987-field_2\" class=\"wpforms-field-medium wpforms-field-required\" name=\"wpforms[fields][2]\" required><\/textarea><\/div><div id=\"wpforms-1987-field_8-container\" class=\"wpforms-field wpforms-field-captcha\" data-field-id=\"8\"><label class=\"wpforms-field-label\" for=\"wpforms-1987-field_8\">Custom Captcha <span class=\"wpforms-required-label\">*<\/span><\/label>\t\t\t<div class=\"wpforms-captcha-math\">\n\t\t\t\t<span id=\"wpforms-1987-field_8-question\" class=\"wpforms-captcha-equation\">\n\t\t\t\t\t<span class=\"n1\">12<\/span>\n\t\t\t\t\t\t\t<span class=\"cal\">+<\/span>\n\t\t\t\t\t\t\t<span class=\"n2\">15<\/span>\t\t\t\t\t<span class=\"e\">=<\/span>\n\t\t\t\t<\/span>\n\t\t\t\t<input type=\"text\" id=\"wpforms-1987-field_8\" class=\"wpforms-field-medium wpforms-field-required a\" data-rule-wpf-captcha=\"math\" data-is-wrapped-field=\"1\" name=\"wpforms[fields][8][a]\" aria-describedby=\"wpforms-1987-field_8-question\" required>\t\t\t\t<input type=\"hidden\" name=\"wpforms[fields][8][cal]\" class=\"cal\">\n\t\t\t\t<input type=\"hidden\" name=\"wpforms[fields][8][n2]\" class=\"n2\">\n\t\t\t\t<input type=\"hidden\" name=\"wpforms[fields][8][n1]\" class=\"n1\">\n\t\t\t<\/div>\n\t\t\t<\/div><\/div><!-- .wpforms-field-container --><div class=\"wpforms-submit-container\" ><input type=\"hidden\" name=\"wpforms[id]\" value=\"1987\"><input type=\"hidden\" name=\"page_title\" value=\"\"><input type=\"hidden\" name=\"page_url\" value=\"https:\/\/ruituostore.com\/pt\/wp-json\/wp\/v2\/product\/4386\"><button type=\"submit\" name=\"wpforms[submit]\" id=\"wpforms-submit-1987\" class=\"wpforms-submit\" data-alt-text=\"Sending...\" data-submit-text=\"Submit\" aria-live=\"assertive\" value=\"wpforms-submit\">Submeter<\/button><img decoding=\"async\" src=\"https:\/\/ruituostore.com\/wp-content\/plugins\/wpforms\/assets\/images\/submit-spin.svg\" class=\"wpforms-submit-spinner\" style=\"display: none;\" width=\"26\" height=\"26\" alt=\"Loading\"><\/div><input type=\"hidden\" name=\"trp-form-language\" value=\"pt\"\/><\/form><\/div>  <!-- .wpforms-container --><\/h3>","protected":false},"excerpt":{"rendered":"<h2>Venda quente de carregador EV certificado CE wallbox carregador EV AC wallbox para venda<\/h2>\n<h4>Pre\u00e7o de F\u00e1brica 3.5-22kw 16-32a<br \/>\nVenda quente de alto desempenho<br \/>\nWifi iec-62196 tipo 2<br \/>\nEsta\u00e7\u00e3o de carregamento de ev m\u00f3vel com ecr\u00e3 lcd atual<br \/>\nNova energiaCarro el\u00e9trico Ve\u00edculo de carga inteligente Pilhas de carga AC<br \/>\nMatriz para todas as necessidades<\/h4>\n<p><a href=\"mailto:info@ruituostore.com\"><img decoding=\"async\" src=\"https:\/\/ruituostore.com\/wp-content\/uploads\/2019\/10\/ruituostorenewenergy434343.webp\" alt=\"\" width=\"150\" height=\"43\" \/><\/a><\/p>","protected":false},"featured_media":4388,"comment_status":"closed","ping_status":"closed","template":"","meta":[],"product_cat":[29],"product_tag":[209],"class_list":["post-4386","product","type-product","status-publish","has-post-thumbnail","hentry","product_cat-ev-charging","product_tag-ac-charging"],"_links":{"self":[{"href":"https:\/\/ruituostore.com\/pt\/wp-json\/wp\/v2\/product\/4386","targetHints":{"allow":["GET"]}}],"collection":[{"href":"https:\/\/ruituostore.com\/pt\/wp-json\/wp\/v2\/product"}],"about":[{"href":"https:\/\/ruituostore.com\/pt\/wp-json\/wp\/v2\/types\/product"}],"replies":[{"embeddable":true,"href":"https:\/\/ruituostore.com\/pt\/wp-json\/wp\/v2\/comments?post=4386"}],"wp:featuredmedia":[{"embeddable":true,"href":"https:\/\/ruituostore.com\/pt\/wp-json\/wp\/v2\/media\/4388"}],"wp:attachment":[{"href":"https:\/\/ruituostore.com\/pt\/wp-json\/wp\/v2\/media?parent=4386"}],"wp:term":[{"taxonomy":"product_cat","embeddable":true,"href":"https:\/\/ruituostore.com\/pt\/wp-json\/wp\/v2\/product_cat?post=4386"},{"taxonomy":"product_tag","embeddable":true,"href":"https:\/\/ruituostore.com\/pt\/wp-json\/wp\/v2\/product_tag?post=4386"}],"curies":[{"name":"wp","href":"https:\/\/api.w.org\/{rel}","templated":true}]}}