{"id":871,"date":"2019-10-08T08:26:10","date_gmt":"2019-10-08T08:26:10","guid":{"rendered":"https:\/\/demo.casethemes.net\/nimmo\/product\/import-placeholder-for-413\/"},"modified":"2024-01-10T03:01:02","modified_gmt":"2024-01-10T03:01:02","slug":"home-portable-wall-mounted-ac-charging-pile-for-ev-car","status":"publish","type":"product","link":"https:\/\/ruituostore.com\/pt\/produto\/home-portable-wall-mounted-ac-charging-pile-for-ev-car\/","title":{"rendered":"Home Pilha de carregamento AC port\u00e1til montada na parede para ve\u00edculos el\u00e9ctricos"},"content":{"rendered":"<h4><\/h4>\n\n<table id=\"tablepress-9\" class=\"tablepress tablepress-id-9\">\n<tbody class=\"row-hover\">\n<tr class=\"row-1 odd\">\n\t<td class=\"column-1\">Modelo<\/td><td class=\"column-2\">RTNT7ACB<\/td>\n<\/tr>\n<tr class=\"row-2 even\">\n\t<td class=\"column-1\">Pot\u00eancia nominal de sa\u00edda<\/td><td class=\"column-2\">7Kw<\/td>\n<\/tr>\n<tr class=\"row-3 odd\">\n\t<td class=\"column-1\">Tens\u00e3o de entrada<\/td><td class=\"column-2\">230VAC\/400VAC<\/td>\n<\/tr>\n<tr class=\"row-4 even\">\n\t<td class=\"column-1\">Frequ\u00eancia de entrada<\/td><td class=\"column-2\">50\/60Hz<\/td>\n<\/tr>\n<tr class=\"row-5 odd\">\n\t<td class=\"column-1\">Tens\u00e3o de sa\u00edda<\/td><td class=\"column-2\">230VAC\/400VAC<\/td>\n<\/tr>\n<tr class=\"row-6 even\">\n\t<td class=\"column-1\">Grau de prote\u00e7\u00e3o<\/td><td class=\"column-2\">IP54\/IP65<\/td>\n<\/tr>\n<tr class=\"row-7 odd\">\n\t<td class=\"column-1\">Ficha do carregador<\/td><td class=\"column-2\">Ficha IEC 62196 tipo 2, tipo 1<\/td>\n<\/tr>\n<tr class=\"row-8 even\">\n\t<td class=\"column-1\">Temp.<\/td><td class=\"column-2\">-20\u2103~60 \u2103<\/td>\n<\/tr>\n<tr class=\"row-9 odd\">\n\t<td class=\"column-1\">Humidade ambiente<\/td><td class=\"column-2\">RH 5%-95%<\/td>\n<\/tr>\n<tr class=\"row-10 even\">\n\t<td class=\"column-1\">Altura m\u00e1xima de instala\u00e7\u00e3o<\/td><td class=\"column-2\">\u22642000m<\/td>\n<\/tr>\n<tr class=\"row-11 odd\">\n\t<td class=\"column-1\">Material da caixa<\/td><td class=\"column-2\">ABS + PC<\/td>\n<\/tr>\n<tr class=\"row-12 even\">\n\t<td class=\"column-1\">Comprimento do cabo<\/td><td class=\"column-2\">\t<br \/>\n5 metros<\/td>\n<\/tr>\n<tr class=\"row-13 odd\">\n\t<td class=\"column-1\">Modo de arranque<\/td><td class=\"column-2\">Insira o cart\u00e3o\/apague o cart\u00e3o<\/td>\n<\/tr>\n<tr class=\"row-14 even\">\n\t<td class=\"column-1\">Padr\u00e3o<\/td><td class=\"column-2\">CE<\/td>\n<\/tr>\n<tr class=\"row-15 odd\">\n\t<td class=\"column-1\">Prote\u00e7\u00e3o<\/td><td class=\"column-2\">Sobrecorrente, Subtens\u00e3o, Sobretens\u00e3o, Curto-circuito, Corrente residual, Prote\u00e7\u00e3o contra picos de tens\u00e3o, Sobretemperatura, Prote\u00e7\u00e3o de terra<\/td>\n<\/tr>\n<tr class=\"row-16 even\">\n\t<td class=\"column-1\">Tamanho do corpo principal<\/td><td class=\"column-2\">Tamanho do corpo principal<\/td>\n<\/tr>\n<\/tbody>\n<\/table>\n<!-- #tablepress-9 from cache -->\n<h3><img decoding=\"async\" class=\"alignnone size-medium wp-image-3942\" src=\"https:\/\/ruituostore.com\/wp-content\/uploads\/2019\/10\/Hf12e415776354c67a249e84c9a304d2eR_r1_c1-413x455.jpg\" alt=\"\" width=\"790\" height=\"1320\" srcset=\"https:\/\/ruituostore.com\/wp-content\/uploads\/2019\/10\/Hf12e415776354c67a249e84c9a304d2eR_r1_c1-768x1283.jpg 768w, https:\/\/ruituostore.com\/wp-content\/uploads\/2019\/10\/Hf12e415776354c67a249e84c9a304d2eR_r1_c1-7x12.jpg 7w, https:\/\/ruituostore.com\/wp-content\/uploads\/2019\/10\/Hf12e415776354c67a249e84c9a304d2eR_r1_c1-600x1003.jpg 600w, https:\/\/ruituostore.com\/wp-content\/uploads\/2019\/10\/Hf12e415776354c67a249e84c9a304d2eR_r1_c1.jpg 790w\" sizes=\"(max-width: 790px) 100vw, 790px\" \/><br \/>\n<img decoding=\"async\" class=\"alignnone size-medium wp-image-3943\" src=\"https:\/\/ruituostore.com\/wp-content\/uploads\/2019\/10\/Hf12e415776354c67a249e84c9a304d2eR_r2_c1-413x455.jpg\" alt=\"\" width=\"790\" height=\"980\" srcset=\"https:\/\/ruituostore.com\/wp-content\/uploads\/2019\/10\/Hf12e415776354c67a249e84c9a304d2eR_r2_c1-768x953.jpg 768w, https:\/\/ruituostore.com\/wp-content\/uploads\/2019\/10\/Hf12e415776354c67a249e84c9a304d2eR_r2_c1-10x12.jpg 10w, https:\/\/ruituostore.com\/wp-content\/uploads\/2019\/10\/Hf12e415776354c67a249e84c9a304d2eR_r2_c1-600x744.jpg 600w, https:\/\/ruituostore.com\/wp-content\/uploads\/2019\/10\/Hf12e415776354c67a249e84c9a304d2eR_r2_c1.jpg 790w\" sizes=\"(max-width: 790px) 100vw, 790px\" \/><br \/>\n<img decoding=\"async\" class=\"alignnone size-medium wp-image-3944\" src=\"https:\/\/ruituostore.com\/wp-content\/uploads\/2019\/10\/Hf12e415776354c67a249e84c9a304d2eR_r3_c1-413x455.jpg\" alt=\"\" width=\"790\" height=\"788\" srcset=\"https:\/\/ruituostore.com\/wp-content\/uploads\/2019\/10\/Hf12e415776354c67a249e84c9a304d2eR_r3_c1-300x300.jpg 300w, https:\/\/ruituostore.com\/wp-content\/uploads\/2019\/10\/Hf12e415776354c67a249e84c9a304d2eR_r3_c1-768x766.jpg 768w, https:\/\/ruituostore.com\/wp-content\/uploads\/2019\/10\/Hf12e415776354c67a249e84c9a304d2eR_r3_c1-12x12.jpg 12w, https:\/\/ruituostore.com\/wp-content\/uploads\/2019\/10\/Hf12e415776354c67a249e84c9a304d2eR_r3_c1-600x598.jpg 600w, https:\/\/ruituostore.com\/wp-content\/uploads\/2019\/10\/Hf12e415776354c67a249e84c9a304d2eR_r3_c1.jpg 790w\" sizes=\"(max-width: 790px) 100vw, 790px\" \/><br \/>\n<img decoding=\"async\" class=\"alignnone size-medium wp-image-3945\" src=\"https:\/\/ruituostore.com\/wp-content\/uploads\/2019\/10\/Hf12e415776354c67a249e84c9a304d2eR_r4_c1-413x455.jpg\" alt=\"\" width=\"790\" height=\"1220\" srcset=\"https:\/\/ruituostore.com\/wp-content\/uploads\/2019\/10\/Hf12e415776354c67a249e84c9a304d2eR_r4_c1-768x1186.jpg 768w, https:\/\/ruituostore.com\/wp-content\/uploads\/2019\/10\/Hf12e415776354c67a249e84c9a304d2eR_r4_c1-8x12.jpg 8w, https:\/\/ruituostore.com\/wp-content\/uploads\/2019\/10\/Hf12e415776354c67a249e84c9a304d2eR_r4_c1-600x927.jpg 600w, https:\/\/ruituostore.com\/wp-content\/uploads\/2019\/10\/Hf12e415776354c67a249e84c9a304d2eR_r4_c1.jpg 790w\" sizes=\"(max-width: 790px) 100vw, 790px\" \/><br \/>\n<img decoding=\"async\" class=\"alignnone size-medium wp-image-3946\" src=\"https:\/\/ruituostore.com\/wp-content\/uploads\/2019\/10\/Hf12e415776354c67a249e84c9a304d2eR_r5_c1-413x455.jpg\" alt=\"\" width=\"790\" height=\"766\" srcset=\"https:\/\/ruituostore.com\/wp-content\/uploads\/2019\/10\/Hf12e415776354c67a249e84c9a304d2eR_r5_c1-768x745.jpg 768w, https:\/\/ruituostore.com\/wp-content\/uploads\/2019\/10\/Hf12e415776354c67a249e84c9a304d2eR_r5_c1-12x12.jpg 12w, https:\/\/ruituostore.com\/wp-content\/uploads\/2019\/10\/Hf12e415776354c67a249e84c9a304d2eR_r5_c1-600x582.jpg 600w, https:\/\/ruituostore.com\/wp-content\/uploads\/2019\/10\/Hf12e415776354c67a249e84c9a304d2eR_r5_c1.jpg 790w\" sizes=\"(max-width: 790px) 100vw, 790px\" \/><br \/>\n<img decoding=\"async\" class=\"alignnone size-medium wp-image-3948\" src=\"https:\/\/ruituostore.com\/wp-content\/uploads\/2019\/10\/H49aea714511340f380432b1de79cd377M_r1_c1-1-413x455.webp\" alt=\"\" width=\"790\" height=\"2094\" srcset=\"https:\/\/ruituostore.com\/wp-content\/uploads\/2019\/10\/H49aea714511340f380432b1de79cd377M_r1_c1-1-768x2036.webp 768w, https:\/\/ruituostore.com\/wp-content\/uploads\/2019\/10\/H49aea714511340f380432b1de79cd377M_r1_c1-1-579x1536.webp 579w, https:\/\/ruituostore.com\/wp-content\/uploads\/2019\/10\/H49aea714511340f380432b1de79cd377M_r1_c1-1-773x2048.webp 773w, https:\/\/ruituostore.com\/wp-content\/uploads\/2019\/10\/H49aea714511340f380432b1de79cd377M_r1_c1-1-5x12.webp 5w, https:\/\/ruituostore.com\/wp-content\/uploads\/2019\/10\/H49aea714511340f380432b1de79cd377M_r1_c1-1-600x1590.webp 600w, https:\/\/ruituostore.com\/wp-content\/uploads\/2019\/10\/H49aea714511340f380432b1de79cd377M_r1_c1-1.webp 790w\" sizes=\"(max-width: 790px) 100vw, 790px\" \/><br \/>\n<img decoding=\"async\" class=\"alignnone size-medium wp-image-3949\" src=\"https:\/\/ruituostore.com\/wp-content\/uploads\/2019\/10\/H49aea714511340f380432b1de79cd377M_r2_c1-413x455.webp\" alt=\"\" width=\"790\" height=\"968\" srcset=\"https:\/\/ruituostore.com\/wp-content\/uploads\/2019\/10\/H49aea714511340f380432b1de79cd377M_r2_c1-768x941.webp 768w, https:\/\/ruituostore.com\/wp-content\/uploads\/2019\/10\/H49aea714511340f380432b1de79cd377M_r2_c1-10x12.webp 10w, https:\/\/ruituostore.com\/wp-content\/uploads\/2019\/10\/H49aea714511340f380432b1de79cd377M_r2_c1-600x735.webp 600w, https:\/\/ruituostore.com\/wp-content\/uploads\/2019\/10\/H49aea714511340f380432b1de79cd377M_r2_c1.webp 790w\" sizes=\"(max-width: 790px) 100vw, 790px\" \/><br \/>\n<img decoding=\"async\" class=\"alignnone size-medium wp-image-3950\" src=\"https:\/\/ruituostore.com\/wp-content\/uploads\/2019\/10\/H49aea714511340f380432b1de79cd377M_r4_c1-413x455.webp\" alt=\"\" width=\"790\" height=\"1566\" srcset=\"https:\/\/ruituostore.com\/wp-content\/uploads\/2019\/10\/H49aea714511340f380432b1de79cd377M_r4_c1-768x1522.webp 768w, https:\/\/ruituostore.com\/wp-content\/uploads\/2019\/10\/H49aea714511340f380432b1de79cd377M_r4_c1-775x1536.webp 775w, https:\/\/ruituostore.com\/wp-content\/uploads\/2019\/10\/H49aea714511340f380432b1de79cd377M_r4_c1-6x12.webp 6w, https:\/\/ruituostore.com\/wp-content\/uploads\/2019\/10\/H49aea714511340f380432b1de79cd377M_r4_c1-600x1189.webp 600w, https:\/\/ruituostore.com\/wp-content\/uploads\/2019\/10\/H49aea714511340f380432b1de79cd377M_r4_c1.webp 790w\" sizes=\"(max-width: 790px) 100vw, 790px\" \/><br \/>\n<img decoding=\"async\" class=\"alignnone size-medium wp-image-3951\" src=\"https:\/\/ruituostore.com\/wp-content\/uploads\/2019\/10\/H49aea714511340f380432b1de79cd377M_r5_c1-413x455.webp\" alt=\"\" width=\"790\" height=\"1486\" srcset=\"https:\/\/ruituostore.com\/wp-content\/uploads\/2019\/10\/H49aea714511340f380432b1de79cd377M_r5_c1-768x1445.webp 768w, https:\/\/ruituostore.com\/wp-content\/uploads\/2019\/10\/H49aea714511340f380432b1de79cd377M_r5_c1-6x12.webp 6w, https:\/\/ruituostore.com\/wp-content\/uploads\/2019\/10\/H49aea714511340f380432b1de79cd377M_r5_c1-600x1129.webp 600w, https:\/\/ruituostore.com\/wp-content\/uploads\/2019\/10\/H49aea714511340f380432b1de79cd377M_r5_c1.webp 790w\" sizes=\"(max-width: 790px) 100vw, 790px\" \/><br \/>\n<a name=\"bottom\"><\/a><br \/>\nObtenha o seu or\u00e7amento sem compromisso AGORA.<br \/>\n<div class=\"wpforms-container wpforms-container-full\" id=\"wpforms-1987\"><form id=\"wpforms-form-1987\" class=\"wpforms-validate wpforms-form wpforms-ajax-form\" data-formid=\"1987\" method=\"post\" enctype=\"multipart\/form-data\" action=\"\/pt\/wp-json\/wp\/v2\/product\/871\" data-token=\"9ede22ba1efbb638100e914a90c9aced\" data-token-time=\"1775753624\" data-trp-original-action=\"\/pt\/wp-json\/wp\/v2\/product\/871\"><noscript class=\"wpforms-error-noscript\">Please enable JavaScript in your browser to complete this form.<\/noscript><div class=\"wpforms-field-container\"><div id=\"wpforms-1987-field_0-container\" class=\"wpforms-field wpforms-field-name\" data-field-id=\"0\"><label class=\"wpforms-field-label\" for=\"wpforms-1987-field_0\">Nome <span class=\"wpforms-required-label\">*<\/span><\/label><div class=\"wpforms-field-row wpforms-field-medium\"><div class=\"wpforms-field-row-block wpforms-first wpforms-one-half\"><input type=\"text\" id=\"wpforms-1987-field_0\" class=\"wpforms-field-name-first wpforms-field-required\" name=\"wpforms[fields][0][first]\" required><label for=\"wpforms-1987-field_0\" class=\"wpforms-field-sublabel after\">First<\/label><\/div><div class=\"wpforms-field-row-block wpforms-one-half\"><input type=\"text\" id=\"wpforms-1987-field_0-last\" class=\"wpforms-field-name-last wpforms-field-required\" name=\"wpforms[fields][0][last]\" required><label for=\"wpforms-1987-field_0-last\" class=\"wpforms-field-sublabel after\">Last<\/label><\/div><\/div><\/div><div id=\"wpforms-1987-field_1-container\" class=\"wpforms-field wpforms-field-email\" data-field-id=\"1\"><label class=\"wpforms-field-label\" for=\"wpforms-1987-field_1\">Correio eletr\u00f3nico <span class=\"wpforms-required-label\">*<\/span><\/label><input type=\"email\" id=\"wpforms-1987-field_1\" class=\"wpforms-field-medium wpforms-field-required\" name=\"wpforms[fields][1]\" spellcheck=\"false\" required><\/div><div id=\"wpforms-1987-field_2-container\" class=\"wpforms-field wpforms-field-textarea\" data-field-id=\"2\"><label class=\"wpforms-field-label\" for=\"wpforms-1987-field_2\">Mensagem <span class=\"wpforms-required-label\">*<\/span><\/label><textarea id=\"wpforms-1987-field_2\" class=\"wpforms-field-medium wpforms-field-required\" name=\"wpforms[fields][2]\" required><\/textarea><\/div><div id=\"wpforms-1987-field_8-container\" class=\"wpforms-field wpforms-field-captcha\" data-field-id=\"8\"><label class=\"wpforms-field-label\" for=\"wpforms-1987-field_8\">Custom Captcha <span class=\"wpforms-required-label\">*<\/span><\/label>\t\t\t<div class=\"wpforms-captcha-math\">\n\t\t\t\t<span id=\"wpforms-1987-field_8-question\" class=\"wpforms-captcha-equation\">\n\t\t\t\t\t<span class=\"n1\">15<\/span>\n\t\t\t\t\t\t\t<span class=\"cal\">+<\/span>\n\t\t\t\t\t\t\t<span class=\"n2\">14<\/span>\t\t\t\t\t<span class=\"e\">=<\/span>\n\t\t\t\t<\/span>\n\t\t\t\t<input type=\"text\" id=\"wpforms-1987-field_8\" class=\"wpforms-field-medium wpforms-field-required a\" data-rule-wpf-captcha=\"math\" data-is-wrapped-field=\"1\" name=\"wpforms[fields][8][a]\" aria-describedby=\"wpforms-1987-field_8-question\" required>\t\t\t\t<input type=\"hidden\" name=\"wpforms[fields][8][cal]\" class=\"cal\">\n\t\t\t\t<input type=\"hidden\" name=\"wpforms[fields][8][n2]\" class=\"n2\">\n\t\t\t\t<input type=\"hidden\" name=\"wpforms[fields][8][n1]\" class=\"n1\">\n\t\t\t<\/div>\n\t\t\t<\/div><\/div><!-- .wpforms-field-container --><div class=\"wpforms-submit-container\" ><input type=\"hidden\" name=\"wpforms[id]\" value=\"1987\"><input type=\"hidden\" name=\"page_title\" value=\"\"><input type=\"hidden\" name=\"page_url\" value=\"https:\/\/ruituostore.com\/pt\/wp-json\/wp\/v2\/product\/871\"><button type=\"submit\" name=\"wpforms[submit]\" id=\"wpforms-submit-1987\" class=\"wpforms-submit\" data-alt-text=\"Sending...\" data-submit-text=\"Submit\" aria-live=\"assertive\" value=\"wpforms-submit\">Submeter<\/button><img decoding=\"async\" src=\"https:\/\/ruituostore.com\/wp-content\/plugins\/wpforms\/assets\/images\/submit-spin.svg\" class=\"wpforms-submit-spinner\" style=\"display: none;\" width=\"26\" height=\"26\" alt=\"Loading\"><\/div><input type=\"hidden\" name=\"trp-form-language\" value=\"pt\"\/><\/form><\/div>  <!-- .wpforms-container --><\/h3>","protected":false},"excerpt":{"rendered":"<h2>Home Pilha de carregamento AC port\u00e1til montada na parede para ve\u00edculos el\u00e9ctricos<\/h2>\n[video width=\"1920\" height=\"1080\" mp4=\"https:\/\/ruituostore.com\/wp-content\/uploads\/2019\/10\/home-portable-wall-mounted-ac-charging-pile-for-ev-car00.mp4\"][\/video]\n<div style=\"text-align: center\"><\/div>\n<h4><\/h4>\n<p><a href=\"mailto:info@ruituostore.com\"><img decoding=\"async\" class=\"alignnone size-full wp-image-3873\" src=\"https:\/\/ruituostore.com\/wp-content\/uploads\/2019\/10\/ruituostorenewenergy434343.webp\" alt=\"\" width=\"150\" height=\"45\" srcset=\"https:\/\/ruituostore.com\/wp-content\/uploads\/2019\/10\/ruituostorenewenergy434343.webp 150w, https:\/\/ruituostore.com\/wp-content\/uploads\/2019\/10\/ruituostorenewenergy434343-18x5.webp 18w\" sizes=\"(max-width: 150px) 100vw, 150px\" \/><\/a><\/p>","protected":false},"featured_media":3938,"comment_status":"closed","ping_status":"closed","template":"","meta":[],"product_cat":[29],"product_tag":[209],"class_list":["post-871","product","type-product","status-publish","has-post-thumbnail","hentry","product_cat-ev-charging","product_tag-ac-charging"],"_links":{"self":[{"href":"https:\/\/ruituostore.com\/pt\/wp-json\/wp\/v2\/product\/871","targetHints":{"allow":["GET"]}}],"collection":[{"href":"https:\/\/ruituostore.com\/pt\/wp-json\/wp\/v2\/product"}],"about":[{"href":"https:\/\/ruituostore.com\/pt\/wp-json\/wp\/v2\/types\/product"}],"replies":[{"embeddable":true,"href":"https:\/\/ruituostore.com\/pt\/wp-json\/wp\/v2\/comments?post=871"}],"wp:featuredmedia":[{"embeddable":true,"href":"https:\/\/ruituostore.com\/pt\/wp-json\/wp\/v2\/media\/3938"}],"wp:attachment":[{"href":"https:\/\/ruituostore.com\/pt\/wp-json\/wp\/v2\/media?parent=871"}],"wp:term":[{"taxonomy":"product_cat","embeddable":true,"href":"https:\/\/ruituostore.com\/pt\/wp-json\/wp\/v2\/product_cat?post=871"},{"taxonomy":"product_tag","embeddable":true,"href":"https:\/\/ruituostore.com\/pt\/wp-json\/wp\/v2\/product_tag?post=871"}],"curies":[{"name":"wp","href":"https:\/\/api.w.org\/{rel}","templated":true}]}}